{"id":69,"date":"2020-11-25T10:47:35","date_gmt":"2020-11-25T10:47:35","guid":{"rendered":"https:\/\/plagiarismcheckerx.com\/wordpress\/es\/?page_id=69"},"modified":"2020-12-01T19:22:51","modified_gmt":"2020-12-01T19:22:51","slug":"side-by-side-comparison","status":"publish","type":"page","link":"https:\/\/plagiarismcheckerx.com\/es\/side-by-side-comparison","title":{"rendered":"Side by Side Comparison"},"content":{"rendered":"\n<section id=\"overview\">\n<div class=\"container inner-sm\">\n<div class=\"row\">\n<div class=\"col-md-5\">\n<figure><img src=\"https:\/\/cdn.plagiarismcheckerx.com\/images\/screenshots\/side-by-side-comparison.jpg\" alt=\"\"><\/figure>\n<\/div>\n<div class=\"col-md-7\">\n<h1 align=\"center\">Diferencia en paralelo<\/h1>\n<p>La comparaci\u00f3n de documentos ahora es f\u00e1cil, ya puede encontrar la existencia de su contenido a trav\u00e9s de la web. Es para Profesores, Estudiantes, Editores. Una de las ventajas de Plagiarism Checker X es que no s\u00f3lo funciona online, sino que tambi\u00e9n ofrece soporte parcial fuera de l\u00ednea. Por ejemplo, si desea analizar dos documentos en busca de contenido duplicado, la secci\u00f3n de comprobaci\u00f3n cruzada le permite ver y comparar dos documentos entre s\u00ed. Esto ayuda a comprobar si contienen contenido plagiado, cada uno con respecto al otro. Lo mejor de esta funcionalidad es que tambi\u00e9n funciona sin conexi\u00f3n.<\/p>\n<div align=\"center\">\n<a href=\"..\/download-thank-you\" class=\"btn btn-large btn-gray\">Free Download<\/a>&nbsp;\n<a href=\"..\/buy\" class=\"btn btn-large\">Buy PRO<\/a>\n<\/div>\n<\/div>\n<\/div>\n<\/div>\n<\/section>\n\n<section id=\"source\" class=\"light-bg\">\n<div class=\"container inner-sm inner-bottom-xs\">\n<div class=\"row\">\n<div class=\"col-md-12\">\n<div class=\"tabs tabs-2-big-top tab-container\">\n<ul class=\"etabs text-center\">\n<li class=\"tab\">\n<a href=\"#tab-1\">\n<h3>Documento Fuente<\/h3>\n<p class=\"text-small\">Fuente es el documento o texto original que se utiliza como base para comparar el contenido. Al final de la comprobaci\u00f3n de similitudes, el contenido coincidente aparece resaltado.<\/p>\n<br>\n<img src=\"https:\/\/cdn.plagiarismcheckerx.com\/images\/thumbnails\/side-by-side-difference-source.jpg\" loading=\"lazy\" alt=\"Two Documents Comparison\" height=\"250px\">\n<\/a>\n<\/li>\n<li class=\"tab\">\n<a href=\"#tab-2\">\n<h3>Documento Destino<\/h3>\n<p class=\"text-small\">Destino es el documento o texto relativo que se compara con el contenido Fuente original. Al final de la comprobaci\u00f3n de similitudes, el contenido coincidente aparece resaltado.<\/p>\n<br>\n<img src=\"https:\/\/cdn.plagiarismcheckerx.com\/images\/thumbnails\/side-by-side-difference-target.jpg\" loading=\"lazy\" alt=\"Two Documents Comparison\" height=\"250px\">\n<\/a>\n<\/li>\n<\/ul>\n\n<div class=\"panel-container\">\n<div class=\"tab-content\" id=\"tab-1\"><\/div>\n<div class=\"tab-content\" id=\"tab-2\">\n<\/div>\n<\/div>\n\n<\/div>\n<\/div>\n<\/div>\n<\/div>\n<\/section>\n\n<section id=\"services\">\n<div class=\"container\">\n<div class=\"row\">\n<div class=\"col-md-8 col-sm-9 center-block text-center\">\n<header>\n<br><br>\n<h2>Caracter\u00edsticas del detector de plagio<\/h2>\n<\/header>\n<\/div>\n<\/div>\n\n<div class=\"row inner-top-xs\">\n<div class=\"col-sm-1 col-md-offset-1\">\n<div class=\"icon pull-right\">\n<i class=\"icon-doc icn lg\"><\/i>\n<\/div>\n<\/div>\n\n<div class=\"col-sm-9 inner-bottom-xs\">\n<h3>Interfaz de Usuario simple<\/h3>\n<p class=\"text-small\">Plagiarism Checker X tiene un dise\u00f1o completamente nuevo y una interfaz de usuario amigable que hace que el escaneo de contenido sea mucho m\u00e1s f\u00e1cil. El nuevo detector de contenido visual elimina todos los obst\u00e1culos a los que se enfrentan los usuarios de Internet, mientras comprueba la existencia de contenido duplicado. El nuevo &#8216;Esc\u00e1ner de Contenido Duplicado&#8217; ofrece funcionalidades avanzadas a trav\u00e9s de m\u00f3dulos complementarios independientes. Esta interfaz y las utilidades adjuntas ofrecen el mismo beneficio a los estudiantes, profesores e investigadores, as\u00ed como a los profesionales de la optimizaci\u00f3n para motores de b\u00fasqueda. <br><br>Al hacer clic en &#8216;comprobaci\u00f3n en paralelo&#8217;, aparecen dos ventanas ante usted. Simplemente pegue o importe contenido de un documento y pulse &#8216;escanear ahora&#8217;. En cuesti\u00f3n de segundos, se genera un informe detallado.<\/p>\n<\/div>\n<\/div>\n\n<div class=\"row inner-xs\">\n<div class=\"col-sm-1 col-md-offset-1\">\n<div class=\"icon pull-right\">\n<i class=\"icon-switch icn lg\"><\/i>\n<\/div>\n<\/div>\n\n<div class=\"col-sm-4 inner-bottom-xs\">\n<h3>Cambiar documento<\/h3>\n<p class=\"text-small\">La funcionalidad &#8216;Cambiar documento&#8217; le permite intercambiar el contenido entre dos ventanas, comprobar cu\u00e1l es el contenido original y llegar a la fuente original del contenido. Al final del escaneo, el contenido similar aparece resaltado y puede distinguirse f\u00e1cilmente.<\/p>\n<\/div>\n\n<div class=\"col-sm-1\">\n<div class=\"icon pull-right\">\n<i class=\"icon-progress-2 icn lg\"><\/i>\n<\/div>\n<\/div>\n\n<div class=\"col-sm-4 inner-bottom-sm\">\n<h3>Porcentaje de similitud<\/h3>\n<p class=\"text-small\">Para hacer la comparaci\u00f3n visual mucho m\u00e1s amigable y f\u00e1cil de entender de acuerdo con las investigaciones cient\u00edficas visuales, el software muestra el contenido similar como texto resaltado sobre fondo amarillo. Esto facilita la distinci\u00f3n visual entre el contenido \u00fanico y el duplicado.<\/p>\n<\/div>\n<\/div>\n\n<div class=\"row\">\n<div class=\"col-sm-1 col-md-offset-1\">\n<div class=\"icon pull-right\">\n<i class=\"icon-export icn lg\"><\/i>\n<\/div>\n<\/div>\n\n<div class=\"col-sm-4 inner-bottom-sm\">\n<h3>Informes de exportaci\u00f3n con un solo clic<\/h3>\n<p class=\"text-small\">Los resultados se pueden exportar como un documento de Word o PDF. Estos documentos son compatibles con Microsoft Word, Libre Office, WPS Office, Google Sheets y otros procesadores de Word principales.<\/p>\n<\/div>\n\n<div class=\"col-sm-1\">\n<div class=\"icon pull-right\">\n<i class=\"icon-gauge-1 icn lg\"><\/i>\n<\/div>\n<\/div>\n\n<div class=\"col-sm-4\">\n<h3>Comparaci\u00f3n a color<\/h3>\n<p class=\"text-small\">Conocer la proporci\u00f3n de contenido similar entre los documentos fuente y destino es muy f\u00e1cil. En la esquina superior derecha se puede ver un porcentaje de similitud que muestra la homogeneidad del contenido relativo a los documentos.<\/p>\n<\/div>\n<\/div>\n\n<div class=\"row\">\n<div class=\"col-sm-1 col-md-offset-1\">\n<div class=\"icon pull-right\">\n<i class=\"icon-flash-1 icn lg\"><\/i>\n<\/div>\n<\/div>\n\n<div class=\"col-sm-9\">\n<h3>Compatible con m\u00faltiples formatos de archivo y caracteres de idiomas<\/h3>\n<p class=\"text-small\">Aquellos usuarios que tengan que comprobar el contenido en varios formatos, estar\u00e1n encantados con esta funcionalidad. Puede importar documentos en .pdf .txt .doc, .docx .rtf. &amp; .html y tambi\u00e9n se pueden importar para escanear muchos otros tipos de &#8216;archivos de texto&#8217;. Tambi\u00e9n es compatible con todos los caracteres de texto e idiomas ya que soporta m\u00e1s de 20 idiomas en la actualidad y vamos a\u00f1adiendo m\u00e1s peri\u00f3dicamente.<\/p>\n<\/div>\n<\/div>\n\n<\/div>\n<\/section>\n\n<section id=\"easySteps\">\n<div class=\"row inner-md\">\n<div class=\"col-md-7 center-block text-center\">\n<h1>\u00a1Diferencia en paralelo en 4 sencillos pasos!<\/h1>\n<p>Mientras analiza su contenido en &#8216;Diferencia en paralelo&#8217;, siga estos sencillos pasos para comprobar la relaci\u00f3n de similitud entre dos documentos. Es muy f\u00e1cil. Puede hacerlo paso a paso.<\/p>\n<\/div>\n<\/div>\n\n<div class=\"row inner-bottom-sm\">\n  <div class=\"col-md-8 center-block\">\n\n  <div class=\"col-md-3 text-center\">\n  <img src=\"https:\/\/cdn.plagiarismcheckerx.com\/images\/thumbnails\/side-by-side-difference-box-1.jpg\" loading=\"lazy\" style=\"border-radius: 50%;border: 2px solid #3F8DBF\" alt=\"Source Document\" width=\"200px\">\n  <br><br> <span class=\"blue\">1<\/span> Cargar el documento Fuente.\n  <\/div>\n\n<div class=\"col-md-3 text-center\">\n  <img src=\"https:\/\/cdn.plagiarismcheckerx.com\/images\/thumbnails\/side-by-side-difference-box-2.jpg\" loading=\"lazy\" style=\"border-radius: 50%;border: 2px solid #3F8DBF\" alt=\"Target Document\" width=\"200px\">\n<br><br> <span class=\"blue\">2<\/span> Cargar el documento Destino.\n<\/div>\n\n<div class=\"col-md-3 text-center\">\n  <img src=\"https:\/\/cdn.plagiarismcheckerx.com\/images\/thumbnails\/side-by-side-difference-box-3.jpg\" loading=\"lazy\" style=\"border-radius: 50%;border: 2px solid #3F8DBF\" alt=\"Check Plagiarism\" width=\"200px\">\n<br><br><span class=\"blue\">3<\/span> Pulsar &#8216;Comprobar Plagio&#8217;.\n<\/div>\n\n<div class=\"col-md-3 text-center\">\n  <img src=\"https:\/\/cdn.plagiarismcheckerx.com\/images\/thumbnails\/side-by-side-difference-box-4.jpg\" loading=\"lazy\" style=\"border-radius: 50%;border: 2px solid #3F8DBF\" alt=\"Text Side By Side Comparison Results\" width=\"200px\">\n<br><br><span class=\"blue\">4<\/span> Ver &amp; Exportar.\n<\/div>\n\n<\/div>\n<\/div>\n<\/section>\n\n<div class=\"light-bg\">\n\n<section id=\"clients\">\n<div class=\"container inner-sm\">\n\n<div class=\"row\">\n<div class=\"col-md-8 col-sm-9 center-block text-center\">\n<header>\n<h2>Utilizado por Instituciones L\u00edderes<\/h2>\n<p>Valoramos las experiencias de nuestros clientes. La velocidad, precisi\u00f3n y f\u00e1cil interfaz de usuario han conseguido clientes leales y satisfechos.<\/p>\n<\/header>\n<\/div>\n<\/div>\n\n<div class=\"row inner-top-xs\">\n<div class=\"col-sm-12\">\n<div id=\"owl-clients\" class=\"owl-carousel owl-outer-nav\">\n\n<div class=\"item\">\n<figure>\n<figcaption class=\"text-overlay\">\n<div class=\"info\">\n<h4>IEEE<\/h4>\n<\/div>\n<\/figcaption>\n<img class=\"SliceImages OrgImage1\">\n<\/figure>\n<\/div>\n\n<div class=\"item\">\n<figure>\n<figcaption class=\"text-overlay\">\n<div class=\"info\">\n<h4>American University of Science And Technology<\/h4>\n<\/div>\n<\/figcaption>\n<img class=\"SliceImages OrgImage2\">\n<\/figure>\n<\/div>\n\n<div class=\"item\">\n<figure>\n<figcaption class=\"text-overlay\">\n<div class=\"info\">\n<h4>Remington College<\/h4>\n<\/div>\n<\/figcaption>\n<img class=\"SliceImages OrgImage3\">\n<\/figure>\n<\/div>\n\n<div class=\"item\">\n<figure>\n<figcaption class=\"text-overlay\">\n<div class=\"info\">\n<h4>JM Field Marketing<\/h4>\n<\/div>\n<\/figcaption>\n<img class=\"SliceImages OrgImage4\">\n<\/figure>\n<\/div>\n\n<div class=\"item\">\n<figure>\n<figcaption class=\"text-overlay\">\n<div class=\"info\">\n<h4>University of Maribor<\/h4>\n<\/div>\n<\/figcaption>\n<img class=\"SliceImages OrgImage5\">\n<\/figure>\n<\/div>\n\n<div class=\"item\">\n<figure>\n<figcaption class=\"text-overlay\">\n<div class=\"info\">\n<h4>Great American Cookies<\/h4>\n<\/div>\n<\/figcaption>\n<img class=\"SliceImages OrgImage6\">\n<\/figure>\n<\/div>\n\n<div class=\"item\">\n<figure>\n<figcaption class=\"text-overlay\">\n<div class=\"info\">\n<h4>Ohio University<\/h4>\n<\/div>\n<\/figcaption>\n<img class=\"SliceImages OrgImage7\">\n<\/figure>\n<\/div>\n\n<div class=\"item\">\n<figure>\n<figcaption class=\"text-overlay\">\n<div class=\"info\">\n<h4>University Of Massachusetts Boston<\/h4>\n<\/div>\n<\/figcaption>\n<img class=\"SliceImages OrgImage8\">\n<\/figure>\n<\/div>\n\n<div class=\"item\">\n<figure>\n<figcaption class=\"text-overlay\">\n<div class=\"info\">\n<h4>Labournet Services India<\/h4>\n<\/div>\n<\/figcaption>\n<img class=\"SliceImages OrgImage9\">\n<\/figure>\n<\/div>\n\n<div class=\"item\">\n<figure>\n<figcaption class=\"text-overlay\">\n<div class=\"info\">\n<h4>King Saud University<\/h4>\n<\/div>\n<\/figcaption>\n<img class=\"SliceImages OrgImage10\">\n<\/figure>\n<\/div>\n\n<div class=\"item\">\n<figure>\n<figcaption class=\"text-overlay\">\n<div class=\"info\">\n<h4>Delta-State-University-Abraka<\/h4>\n<\/div>\n<\/figcaption>\n<img class=\"SliceImages OrgImage11\">\n<\/figure>\n<\/div>\n\n<div class=\"item\">\n<figure>\n<figcaption class=\"text-overlay\">\n<div class=\"info\">\n<h4>Trinity College<\/h4>\n<\/div>\n<\/figcaption>\n<img class=\"SliceImages OrgImage12\">\n<\/figure>\n<\/div>\n\n<\/div>\n<\/div>\n<\/div>\n\n<\/div>\n<\/section>\n\n<\/div>\n\n    <section id=\"what-are-you-waiting-for\">\n    <div class=\"container inner-sm\">\n    <div class=\"row\">\n    <div class=\"col-md-10 col-sm-9 center-block text-center\">\n    <header>\n    <h2>Entonces, \u00bfa qu\u00e9 espera?<\/h2>\n    <\/header>\n    <p>En resumen, esta herramienta f\u00e1cil de usar puede ayudarle a evitar las complejidades de las herramientas de comprobaci\u00f3n de plagio online y las sanciones acad\u00e9micas. Hay universidades donde los estudiantes tienen que asumir sanciones extremas como las probatorias acad\u00e9micas, multas e incluso la expulsi\u00f3n. Si un trabajo acad\u00e9mico viola los derechos de autor, puede dar lugar a demandas y procedimientos penales. Por lo tanto, conseguir un detector de plagio razonable es muy importante.<\/p>\n    <div class=\"row\">\n    <div class=\"col-md-8 center-block text-center\">\n    <figure><img src=\"https:\/\/cdn.plagiarismcheckerx.com\/images\/credit-cards-2.png\" loading=\"lazy\" alt=\"Credit Cards\"> <\/figure>\n    <\/div><\/div>\n    <div>\n    <a href=\"..\/download-thank-you\" class=\"btn btn-large btn-gray\">DESCARGA GRATUITA<\/a>&nbsp;\n    <a href=\"..\/buy\" class=\"btn btn-large\">COMPRAR PRO<\/a>\n    <\/div>\n    <\/div>\n    <\/div>\n    <\/div>\n    <\/section>\n\n\n    \n","protected":false},"excerpt":{"rendered":"<p>Diferencia en paralelo La comparaci\u00f3n de documentos ahora es f\u00e1cil, ya puede encontrar la existencia de su contenido a trav\u00e9s de la web. Es para Profesores, Estudiantes, Editores. Una de las ventajas de Plagiarism Checker X es que no s\u00f3lo funciona online, sino que tambi\u00e9n ofrece soporte parcial fuera de l\u00ednea. Por ejemplo, si desea [&hellip;]<\/p>\n","protected":false},"author":3,"featured_media":0,"parent":0,"menu_order":0,"comment_status":"closed","ping_status":"closed","template":"","meta":[],"_links":{"self":[{"href":"https:\/\/plagiarismcheckerx.com\/es\/wp-json\/wp\/v2\/pages\/69"}],"collection":[{"href":"https:\/\/plagiarismcheckerx.com\/es\/wp-json\/wp\/v2\/pages"}],"about":[{"href":"https:\/\/plagiarismcheckerx.com\/es\/wp-json\/wp\/v2\/types\/page"}],"author":[{"embeddable":true,"href":"https:\/\/plagiarismcheckerx.com\/es\/wp-json\/wp\/v2\/users\/3"}],"replies":[{"embeddable":true,"href":"https:\/\/plagiarismcheckerx.com\/es\/wp-json\/wp\/v2\/comments?post=69"}],"version-history":[{"count":7,"href":"https:\/\/plagiarismcheckerx.com\/es\/wp-json\/wp\/v2\/pages\/69\/revisions"}],"predecessor-version":[{"id":247,"href":"https:\/\/plagiarismcheckerx.com\/es\/wp-json\/wp\/v2\/pages\/69\/revisions\/247"}],"wp:attachment":[{"href":"https:\/\/plagiarismcheckerx.com\/es\/wp-json\/wp\/v2\/media?parent=69"}],"curies":[{"name":"wp","href":"https:\/\/api.w.org\/{rel}","templated":true}]}}