{"id":67,"date":"2020-11-25T10:42:28","date_gmt":"2020-11-25T10:42:28","guid":{"rendered":"https:\/\/plagiarismcheckerx.com\/wordpress\/es\/?page_id=67"},"modified":"2020-12-01T19:22:51","modified_gmt":"2020-12-01T19:22:51","slug":"online-plagiarism","status":"publish","type":"page","link":"https:\/\/plagiarismcheckerx.com\/es\/online-plagiarism","title":{"rendered":"Online Plagiarism"},"content":{"rendered":"\n<section id=\"online-plagiarism\">\n<div class=\"container inner-sm\">\n<div class=\"row\">\n<div class=\"col-md-6\">\n<figure><img src=\"https:\/\/cdn.plagiarismcheckerx.com\/images\/header-banner-online-plagiarism.jpg\" alt=\"\"><\/figure>\n<\/div>\n\n<div class=\"col-md-6\">\n<h1>Detector de plagio online<\/h1>\n<p>Puedes encontrar contenido suyo en la web. Ideal para Profesores, Estudiantes, Editores. El plagio es un continuo dolor de cabeza para estudiantes, profesores, creadores de contenido web, administradores de sitios web y editores online. Con los recursos online disponibles, la tendencia de copiar\/pegar ha ido en aumento. Esto no s\u00f3lo va en contra de la \u00e9tica profesional, sino que tambi\u00e9n viola los derechos de autor, lo que puede causar demandas. Por lo tanto, todo el mundo trata de evitar meterse en problemas. Con Plagiarism Checker X en la mano, los usuarios pueden evitar estos problemas f\u00e1cilmente.<\/p>\n<div align=\"center\">\n<a href=\"..\/download-thank-you\" class=\"btn btn-large btn-gray\">DESCARGA GRATUITA<\/a> &nbsp;\n<a href=\"..\/buy\" class=\"btn btn-large\">COMPRAR PRO<\/a>\n<\/div>\n<\/div>\n<\/div>\n<\/div>\n<\/section>\n\n<section id=\"features\">\n<div class=\"container inner-top-sm inner-bottom-sm\">\n\n<div class=\"row\">\n<div class=\"col-md-8 col-sm-9 center-block text-center\">\n<header>\n<h3 style=\"font-size: 35px\" align=\"center\">Simple y seguro<\/h3>\n<p>Comprobar su escritura con total protecci\u00f3n nunca ha sido tan f\u00e1cil. La comprobaci\u00f3n instant\u00e1nea de similitudes con alta velocidad y precisi\u00f3n est\u00e1 ahora al alcance de tu mano. Cualquier propietario de un sitio web tambi\u00e9n puede utilizar la opci\u00f3n &#8220;comprobar sus p\u00e1ginas web&#8221; para comprobar la calidad del contenido del sitio web en un solo clic.<\/p>\n<\/header>\n<\/div><!-- \/.col -->\n<\/div><!-- \/.row -->\n\n<div class=\"row inner-top-sm\">\n\n<div class=\"col-md-3 inner-bottom-sm\">\n<h3>Es pan comido<\/h3>\n<p class=\"text-small\">Simplemente cargue el documento en el software y pulse el bot\u00f3n Analizar. El software comparar\u00e1 su contenido con miles de millones de contenidos de c\u00f3digo abierto disponibles p\u00fablicamente a trav\u00e9s de Internet.<\/p>\n<a href=\"#\" class=\"txt-btn\">Ver todas las posibilidades<\/a>\n<\/div><!-- \/.col -->\n\n<div class=\"col-md-3 inner-bottom-sm\">\n<h3>Informes intuitivos<\/h3>\n<p class=\"text-small\">El dise\u00f1o atractivo y f\u00e1cil de entender del informe hace que sea m\u00e1s f\u00e1cil elegir fuentes de contenido similar en un solo vistazo, con la opci\u00f3n adicional de exportar los informes en Word, PDF, entre otros. <\/p>\n<a href=\"#\" class=\"txt-btn\">Compru\u00e9belo usted mismo<\/a>\n<\/div><!-- \/.col -->\n\n<div class=\"col-md-6 inner-left-xs\">\n<figure><img src=\"https:\/\/cdn.plagiarismcheckerx.com\/images\/screenshots\/online-plagiarism-report-color.jpg\" alt=\"\"><\/figure>\n<\/div><!-- \/.col -->\n\n<\/div><!-- \/.row -->\n\n<\/div><!-- \/.container -->\n<\/section>\n\n<section id=\"online-plagiarism-features\">\n<div class=\"container\">\n<div class=\"row inner-bottom-xs\">\n<div class=\"col-md-8 col-sm-9 center-block text-center\">\n<header>\n<br><br>\n<h2 style=\"font-size: 35px\"> <span style=\"color: #3c78d8\">Caracter\u00edsticas<\/span> de la b\u00fasqueda de plagio online<\/h2>\n<\/header>\n<\/div>\n<\/div>\n\n<div class=\"row inner-top-xs inner-bottom-sm\">\n<div class=\"col-sm-1 col-md-offset-1\">\n<div class=\"icon pull-right\">\n<i class=\"icon-lock-1 icn lg\"><\/i>\n<\/div>\n<\/div>\n\n<div class=\"col-sm-4\">\n<h3>Privacidad de los datos<\/h3>\n<p class=\"text-small\">Plagiarism Checker X respeta plenamente la privacidad de sus datos. Todo el texto que pegue dentro del software seguir\u00e1 siendo privado. Como usted sabe, se trata de un software que utiliza directamente desde su escritorio. Los datos permanecen en su dispositivo personal a trav\u00e9s del an\u00e1lisis. Y nunca se almacenan en ninguna de nuestras bases de datos. Usaremos estos datos solo para comprobar el plagio. Puede leer nuestra pol\u00edtica de privacidad para conocer sus derechos en detalle.<\/p>\n<\/div>\n\n<div class=\"col-sm-1\">\n<div class=\"icon pull-right\">\n<i class=\"icon-paper-plane icn lg\"><\/i>\n<\/div>\n<\/div>\n\n<div class=\"col-sm-4\">\n<h3>Tecnolog\u00eda de b\u00fasqueda en profundidad<\/h3>\n<p class=\"text-small\">Plagiarism Checker X se reinventa con la \u00faltima tecnolog\u00eda de aprendizaje profundo con IA. Permite a los procesadores back-end comprobar incluso los bits de datos m\u00e1s peque\u00f1os entre todo el contenido p\u00fablico online. Por lo tanto, le brinda una experiencia bien adaptada para obtener los mejores resultados.<\/p>\n<\/div>\n<\/div>\n\n<div class=\"row inner-bottom-sm\">\n<div class=\"col-sm-1 col-md-offset-1\">\n<div class=\"icon pull-right\">\n<i class=\"icon-flash icn lg\"><\/i>\n<\/div>\n<\/div>\n\n<div class=\"col-sm-4\">\n<h3>Velocidad acelerada 2x<\/h3>\n<p class=\"text-small\">La \u00faltima versi\u00f3n de PCX est\u00e1 repleta de potentes caracter\u00edsticas. La mejora en el rendimiento de la nueva versi\u00f3n es de doble rendimiento. Mientras escanea el documento en busca de plagio online, un algoritmo de acci\u00f3n r\u00e1pida acelera la velocidad. As\u00ed le ofrece una experiencia mejor, con el doble de rendimiento. Disfrute del doble procesamiento y obtenga resultados m\u00e1s r\u00e1pidos en tan solo unos clics.<\/p>\n<\/div>\n\n<div class=\"col-sm-1\">\n<div class=\"icon pull-right\">\n<i class=\"icon-signal-1 icn md\"><\/i>\n<\/div>\n<\/div>\n\n<div class=\"col-sm-4\">\n<h3>Precisi\u00f3n aumentada un 26% <\/h3>\n<p class=\"text-small\">El potencial de precisi\u00f3n ha aumentado mucho al haber reinventado el n\u00facleo. Esto significa que el contenido pegado se analiza en profundidad al m\u00ednimo detalle. Por lo tanto, obtiene mejores resultados. Esto le permite suministrar su contenido para una puntuaci\u00f3n de originalidad m\u00e1s alta. En consecuencia, a mayor calidad, mayor demanda de contenido satisfecho. Para que su texto se vea como un trabajo de calidad m\u00e1s fina, obtenga cuanto antes la \u00faltima versi\u00f3n.<\/p>\n<\/div>\n<\/div>\n\n<div class=\"row\">\n<div class=\"col-sm-1 col-md-offset-1\">\n<div class=\"icon pull-right\">\n<i class=\"icon-gauge-1 icn lg\"><\/i>\n<\/div>\n<\/div>\n\n<div class=\"col-sm-4 inner-bottom-sm\">\n<h3>Categorizaci\u00f3n e informes destacados<\/h3>\n<p class=\"text-small\">Durante el desarrollo de nuestra &#8216;herramienta de comprobaci\u00f3n de plagio&#8217;, hemos priorizado la &#8216;facilidad de uso&#8217; a todo lo dem\u00e1s. Usar Plagiarism Checker X no es s\u00f3lo f\u00e1cil, sino tambi\u00e9n divertido. El contenido copiado tiene un color determinado, dependiendo del porcentaje de contenido duplicado. El azul y el amarillo son admisibles mientras que el rojo indica una situaci\u00f3n alarmante, en la que la eliminaci\u00f3n del contenido es la \u00fanica opci\u00f3n.<\/p>\n<\/div>\n\n<div class=\"col-sm-1\">\n<div class=\"icon pull-right\">\n<i class=\"icon-eye icn lg\"><\/i>\n<\/div>\n<\/div>\n\n<div class=\"col-sm-4\">\n<h3>Localizar la fuente original<\/h3>\n<p class=\"text-small\">Plagiarism Checker X es el mejor detector de plagio online debido a sus informes completos. Le llevamos un paso m\u00e1s all\u00e1 en el escaneo de contenido localizando la fuente original. Cuando env\u00eda su trabajo escrito para que se compruebe, \u00e9ste le muestra algunas URLs que tienen el mismo contenido que el material enviado. Esto significa que puede identificar f\u00e1cilmente si se copian sus datos.<\/p>\n<\/div>\n<\/div>\n\n<div class=\"row\">\n<div class=\"col-sm-1 col-md-offset-1\">\n<div class=\"icon pull-right\">\n<i class=\"icon-docs icn lg\"><\/i>\n<\/div>\n<\/div>\n\n<div class=\"col-sm-4\">\n<h3>integrado de Word &amp; Soporte PDF<\/h3>\n<p class=\"text-small\">\u00bfNo tiene Microsoft Office instalado? \u00a1No se preocupe en absoluto! Plagiarism Checker X proporciona soporte integrado de Word y PDF. Ahora puede utilizar esta funcionalidad incluso si no tiene Microsoft Word instalado en su sistema. El procesamiento independiente del texto sin Microsoft y PDF Reader hace que sea f\u00e1cil detectar la similitud de texto en su contenido.<\/p>\n<\/div>\n\n<div class=\"col-sm-1\">\n<div class=\"icon pull-right\">\n<i class=\"icon-export icn lg\"><\/i>\n<\/div>\n<\/div>\n\n<div class=\"col-sm-4\">\n<h3>Informes de exportaci\u00f3n con un solo clic<\/h3>\n<p class=\"text-small\">Despu\u00e9s de analizar el plagio, puede exportar los resultados como un documento PDF o un archivo Word. \u00bfEn caso de que no tenga Microsoft Office instalado? \u00a1No se preocupe en absoluto! Plagiarism Checker X proporciona soporte integrado de Word y PDF. Puede utilizar esta funcionalidad incluso si no tiene Microsoft Word instalado en el sistema. <\/p>\n<\/div>\n<\/div>\n\n<\/div>\n<\/section>\n\n<section id=\"easySteps\">\n<div class=\"row inner-md\">\n<div class=\"col-md-7 center-block text-center\">\n<h1>Use &#8216;Plagio online&#8217; en 4 pasos<\/h1>\n<p>Mientras analiza su contenido en &#8216;Plagio Online&#8217;, siga estos sencillos pasos para comprobar el porcentaje de similitud en el documento. Es muy f\u00e1cil. Puede hacerlo paso a paso.<\/p>\n<\/div>\n<\/div>\n\n<div class=\"row inner-bottom-sm\">\n  <div class=\"col-md-8 center-block\">\n\n  <div class=\"col-md-3 text-center\">\n  <img src=\"https:\/\/cdn.plagiarismcheckerx.com\/images\/thumbnails\/online-plagiarism-box-1.jpg\" loading=\"lazy\" style=\"border-radius: 50%;border: 2px solid #3F8DBF\" alt=\"Source Document\" width=\"200px\">\n  <br><br> <span class=\"blue\">1<\/span> Cargar &amp; hacer clic.\n  <\/div>\n\n<div class=\"col-md-3 text-center\">\n  <img src=\"https:\/\/cdn.plagiarismcheckerx.com\/images\/thumbnails\/online-plagiarism-box-2.jpg\" loading=\"lazy\" style=\"border-radius: 50%;border: 2px solid #3F8DBF\" alt=\"Target Document\" width=\"200px\">\n<br><br> <span class=\"blue\">2<\/span> \u00a1Espere un segundo!\n<\/div>\n\n<div class=\"col-md-3 text-center\">\n  <img src=\"https:\/\/cdn.plagiarismcheckerx.com\/images\/thumbnails\/online-plagiarism-box-3.jpg\" loading=\"lazy\" style=\"border-radius: 50%;border: 2px solid #3F8DBF\" alt=\"Check Plagiarism\" width=\"200px\">\n<br><br><span class=\"blue\">3<\/span> Ver el resumen.\n<\/div>\n\n\n<div class=\"col-md-3 text-center\">\n  <img src=\"https:\/\/cdn.plagiarismcheckerx.com\/images\/thumbnails\/online-plagiarism-box-4.jpg\" loading=\"lazy\" style=\"border-radius: 50%;border: 2px solid #3F8DBF\" alt=\"Text Side By Side Comparison Results\" width=\"200px\">\n<br><br><span class=\"blue\">4<\/span> \u00a1Vea el informe!\n<\/div>\n\n<\/div>\n<\/div>\n\n<\/section>\n\n<div class=\"light-bg\">\n\n<section id=\"clients\">\n<div class=\"container inner-sm\">\n\n<div class=\"row\">\n<div class=\"col-md-8 col-sm-9 center-block text-center\">\n<header>\n<h2>Utilizado por Instituciones L\u00edderes<\/h2>\n<p>Valoramos las experiencias de nuestros clientes. La velocidad, precisi\u00f3n y f\u00e1cil interfaz de usuario han conseguido clientes leales y satisfechos.<\/p>\n<\/header>\n<\/div>\n<\/div>\n\n<div class=\"row inner-top-xs\">\n<div class=\"col-sm-12\">\n<div id=\"owl-clients\" class=\"owl-carousel owl-outer-nav\">\n\n<div class=\"item\">\n<figure>\n<figcaption class=\"text-overlay\">\n<div class=\"info\">\n<h4>IEEE<\/h4>\n<\/div>\n<\/figcaption>\n<img class=\"SliceImages OrgImage1\">\n<\/figure>\n<\/div>\n\n<div class=\"item\">\n<figure>\n<figcaption class=\"text-overlay\">\n<div class=\"info\">\n<h4>American University of Science And Technology<\/h4>\n<\/div>\n<\/figcaption>\n<img class=\"SliceImages OrgImage2\">\n<\/figure>\n<\/div>\n\n<div class=\"item\">\n<figure>\n<figcaption class=\"text-overlay\">\n<div class=\"info\">\n<h4>Remington College<\/h4>\n<\/div>\n<\/figcaption>\n<img class=\"SliceImages OrgImage3\">\n<\/figure>\n<\/div>\n\n<div class=\"item\">\n<figure>\n<figcaption class=\"text-overlay\">\n<div class=\"info\">\n<h4>JM Field Marketing<\/h4>\n<\/div>\n<\/figcaption>\n<img class=\"SliceImages OrgImage4\">\n<\/figure>\n<\/div>\n\n<div class=\"item\">\n<figure>\n<figcaption class=\"text-overlay\">\n<div class=\"info\">\n<h4>University of Maribor<\/h4>\n<\/div>\n<\/figcaption>\n<img class=\"SliceImages OrgImage5\">\n<\/figure>\n<\/div>\n\n<div class=\"item\">\n<figure>\n<figcaption class=\"text-overlay\">\n<div class=\"info\">\n<h4>Great American Cookies<\/h4>\n<\/div>\n<\/figcaption>\n<img class=\"SliceImages OrgImage6\">\n<\/figure>\n<\/div>\n\n<div class=\"item\">\n<figure>\n<figcaption class=\"text-overlay\">\n<div class=\"info\">\n<h4>Ohio University<\/h4>\n<\/div>\n<\/figcaption>\n<img class=\"SliceImages OrgImage7\">\n<\/figure>\n<\/div>\n\n<div class=\"item\">\n<figure>\n<figcaption class=\"text-overlay\">\n<div class=\"info\">\n<h4>University Of Massachusetts Boston<\/h4>\n<\/div>\n<\/figcaption>\n<img class=\"SliceImages OrgImage8\">\n<\/figure>\n<\/div>\n\n<div class=\"item\">\n<figure>\n<figcaption class=\"text-overlay\">\n<div class=\"info\">\n<h4>Labournet Services India<\/h4>\n<\/div>\n<\/figcaption>\n<img class=\"SliceImages OrgImage9\">\n<\/figure>\n<\/div>\n\n<div class=\"item\">\n<figure>\n<figcaption class=\"text-overlay\">\n<div class=\"info\">\n<h4>King Saud University<\/h4>\n<\/div>\n<\/figcaption>\n<img class=\"SliceImages OrgImage10\">\n<\/figure>\n<\/div>\n\n<div class=\"item\">\n<figure>\n<figcaption class=\"text-overlay\">\n<div class=\"info\">\n<h4>Delta-State-University-Abraka<\/h4>\n<\/div>\n<\/figcaption>\n<img class=\"SliceImages OrgImage11\">\n<\/figure>\n<\/div>\n\n<div class=\"item\">\n<figure>\n<figcaption class=\"text-overlay\">\n<div class=\"info\">\n<h4>Trinity College<\/h4>\n<\/div>\n<\/figcaption>\n<img class=\"SliceImages OrgImage12\">\n<\/figure>\n<\/div>\n\n<\/div>\n<\/div>\n<\/div>\n\n<\/div>\n<\/section>\n\n<\/div>\n\n    <section id=\"what-are-you-waiting-for\">\n    <div class=\"container inner-sm\">\n    <div class=\"row\">\n    <div class=\"col-md-10 col-sm-9 center-block text-center\">\n    <header>\n    <h2>Entonces, \u00bfa qu\u00e9 espera?<\/h2>\n    <\/header>\n    <p>En resumen, esta herramienta f\u00e1cil de usar puede ayudarle a evitar las complejidades de las herramientas de comprobaci\u00f3n de plagio online y las sanciones acad\u00e9micas. Hay universidades donde los estudiantes tienen que asumir sanciones extremas como las probatorias acad\u00e9micas, multas e incluso la expulsi\u00f3n. Si un trabajo acad\u00e9mico viola los derechos de autor, puede dar lugar a demandas y procedimientos penales. Por lo tanto, conseguir un detector de plagio razonable es muy importante.<\/p>\n    <div class=\"row\">\n    <div class=\"col-md-8 center-block text-center\">\n    <figure><img src=\"https:\/\/cdn.plagiarismcheckerx.com\/images\/credit-cards-2.png\" loading=\"lazy\" alt=\"Credit Cards\"> <\/figure>\n    <\/div><\/div>\n    <div>\n    <a href=\"..\/download-thank-you\" class=\"btn btn-large btn-gray\">DESCARGA GRATUITA<\/a>&nbsp;\n    <a href=\"..\/buy\" class=\"btn btn-large\">COMPRAR PRO<\/a>\n    <\/div>\n    <\/div>\n    <\/div>\n    <\/div>\n    <\/section>\n\n\n    \n","protected":false},"excerpt":{"rendered":"<p>Detector de plagio online Puedes encontrar contenido suyo en la web. Ideal para Profesores, Estudiantes, Editores. El plagio es un continuo dolor de cabeza para estudiantes, profesores, creadores de contenido web, administradores de sitios web y editores online. Con los recursos online disponibles, la tendencia de copiar\/pegar ha ido en aumento. Esto no s\u00f3lo va [&hellip;]<\/p>\n","protected":false},"author":3,"featured_media":0,"parent":0,"menu_order":0,"comment_status":"closed","ping_status":"closed","template":"","meta":[],"_links":{"self":[{"href":"https:\/\/plagiarismcheckerx.com\/es\/wp-json\/wp\/v2\/pages\/67"}],"collection":[{"href":"https:\/\/plagiarismcheckerx.com\/es\/wp-json\/wp\/v2\/pages"}],"about":[{"href":"https:\/\/plagiarismcheckerx.com\/es\/wp-json\/wp\/v2\/types\/page"}],"author":[{"embeddable":true,"href":"https:\/\/plagiarismcheckerx.com\/es\/wp-json\/wp\/v2\/users\/3"}],"replies":[{"embeddable":true,"href":"https:\/\/plagiarismcheckerx.com\/es\/wp-json\/wp\/v2\/comments?post=67"}],"version-history":[{"count":20,"href":"https:\/\/plagiarismcheckerx.com\/es\/wp-json\/wp\/v2\/pages\/67\/revisions"}],"predecessor-version":[{"id":245,"href":"https:\/\/plagiarismcheckerx.com\/es\/wp-json\/wp\/v2\/pages\/67\/revisions\/245"}],"wp:attachment":[{"href":"https:\/\/plagiarismcheckerx.com\/es\/wp-json\/wp\/v2\/media?parent=67"}],"curies":[{"name":"wp","href":"https:\/\/api.w.org\/{rel}","templated":true}]}}