{"id":65,"date":"2020-11-25T10:33:36","date_gmt":"2020-11-25T10:33:36","guid":{"rendered":"https:\/\/plagiarismcheckerx.com\/wordpress\/es\/?page_id=65"},"modified":"2020-12-01T19:22:51","modified_gmt":"2020-12-01T19:22:51","slug":"features","status":"publish","type":"page","link":"https:\/\/plagiarismcheckerx.com\/es\/features","title":{"rendered":"Features"},"content":{"rendered":"\n<section id=\"features\">\n<div class=\"container inner-sm\">\n<div class=\"row\">\n<div class=\"col-md-10 text-center center-block\">\n<h1 align=\"center\">Funcionalidades de Plagiarism Checker X<\/h1>\n<p>\u00bfEs un estudiante aplicado, un blogger o creador de contenidos? \u00bfO quiz\u00e1s sea un profesor entregado, un editor, publicista o analista de SEO? Si pertenece a una de las categor\u00edas mencionadas, es muy probable que sea consciente de las consecuencias del contenido plagiado. Nuestro equipo de &#8216;Plagiarism Checker X&#8217; aprecia su arduo trabajo y esfuerzo y por ello le presentamos el mejor detector de plagios, desarrollado precisamente para personas como usted.<\/p>\n<div align=\"center\">\n<a href=\"\/download-thank-you\" class=\"btn btn-large btn-gray\">DESCARGA GRATUITA<\/a> &nbsp;\n<a href=\"..\/buy\" class=\"btn btn-large\">COMPRAR PRO<\/a>\n<\/div>\n<\/div>\n<\/div>\n<\/div>\n<\/section>\n\n<section id=\"center\" class=\"border-top\">\n<div class=\"row inner-md\">\n<div class=\"col-md-1\"><\/div>\n<div class=\"col-md-5\">\n<h2>Detecci\u00f3n de plagios online<\/h2>\n<p>Nuestra funcionalidad b\u00e1sica detecta contenido plagiado a trav\u00e9s de m\u00faltiples motores de b\u00fasqueda. El resultado es que sus documentos se comprueban en m\u00e1s de 16 mil millones de p\u00e1ginas web indexadas.\n<\/p>\n<\/div>\n\n<div class=\"col-md-1\"><\/div>\n<div class=\"col-md-3\">\n<img src=\"https:\/\/cdn.plagiarismcheckerx.com\/images\/promo_one.png\" style=\"height: 180px\">\n<\/div>\n<div class=\"col-md-2\"><\/div>\n<\/div>\n\n<div class=\"row inner-sm\">\n<div class=\"col-md-2\"><\/div>\n<div class=\"col-md-3\">\n<img src=\"https:\/\/cdn.plagiarismcheckerx.com\/images\/side-by-side-comparison.png\" loading=\"lazy\" style=\"height: 180px\">\n<\/div>\n<div class=\"col-md-1\"><\/div>\n<div class=\"col-md-5\">\n<h2>Comparaci\u00f3n en paralelo<\/h2>\n<p>Una pr\u00e1ctica opci\u00f3n que le permite comparar su contenido entre dos ventanas y localizar el contenido copiado sin esfuerzo. A los editores y analistas de SEO les encantar\u00e1 esta funcionalidad.<\/p>\n<\/div>\n<div class=\"col-md-1\"><\/div>\n<\/div>\n\n<div class=\"row inner-sm\">\n<div class=\"col-md-1\"><\/div>\n<div class=\"col-md-5\">\n<h2>Comparaci\u00f3n cruzada masiva <\/h2>\n<p>Una caracter\u00edstica \u00fanica y exclusiva de nuestra aplicaci\u00f3n. Le permite analizar m\u00faltiples documentos para determinar la originalidad dentro de uno o m\u00faltiples repositorios. Por ejemplo, los profesores pueden cotejar las tareas de un lote completo con un solo clic.<\/p>\n<\/div>\n<div class=\"col-md-1\"><\/div>\n\n<div class=\"col-md-3\">\n<img src=\"https:\/\/cdn.plagiarismcheckerx.com\/images\/bulk-plagiarism.png\" loading=\"lazy\" style=\"height: 180px\">\n<\/div>\n<div class=\"col-md-2\"><\/div>\n<\/div>\n\n<div class=\"row inner-sm\">\n<div class=\"col-md-2\"><\/div>\n<div class=\"col-md-3\">\n<img src=\"https:\/\/cdn.plagiarismcheckerx.com\/images\/accuracy.png\" loading=\"lazy\" style=\"height: 180px\">\n<\/div>\n<div class=\"col-md-1\"><\/div>\n<div class=\"col-md-5\">\n<h2>precisos &amp; instant\u00e1neos Resultados <\/h2>\n<p>Sienta la velocidad con nuestro algoritmo avanzado que examina hasta 20.000 palabras en un segundo, proporcion\u00e1ndole resultados instant\u00e1neos. Adem\u00e1s, los estudios comparativos realizados por agencias de pruebas independientes muestran que nuestra precisi\u00f3n es tres veces mayor que otras aplicaciones similares.<\/p>\n<\/div>\n<div class=\"col-md-1\"><\/div>\n<\/div>\n\n<div class=\"row inner-sm\">\n<div class=\"col-md-1\"><\/div>\n<div class=\"col-md-5\">\n<h2>100% Privacidad del usuario garantizada <\/h2>\n<p>Ninguno de los contenidos que usted env\u00ede se copia, almacena ni vende. Hasta el momento, es la \u00fanica herramienta de detecci\u00f3n de plagios que ofrece esta caracter\u00edstica.<\/p>\n<\/div>\n<div class=\"col-md-1\"><\/div>\n<div class=\"col-md-3 text-center\">\n<img src=\"https:\/\/cdn.plagiarismcheckerx.com\/images\/safe.png\" loading=\"lazy\" style=\"height: 180px\">\n<\/div>\n<div class=\"col-md-2\"><\/div>\n<\/div>\n\n<div class=\"row inner-sm\">\n<div class=\"col-md-1\"><\/div>\n<div class=\"col-md-4 \">\n<img src=\"https:\/\/cdn.plagiarismcheckerx.com\/images\/formats.png\" loading=\"lazy\" style=\"height: 180px\">\n<\/div>\n<div class=\"col-md-1\"><\/div>\n<div class=\"col-md-5\">\n<h2>Compatibilidad mejorada<\/h2>\n<p>Nuestra aplicaci\u00f3n es compatible con todos los formatos de texto m\u00e1s populares, incluyendo.PDF, DOCX, DOC, RTF y HTML. Adem\u00e1s, es compatible con todas las ediciones de Windows disponibles.<\/p>\n<\/div>\n<div class=\"col-md-1\"><\/div>\n<\/div>\n\n<div class=\"row inner-sm\">\n<div class=\"col-md-1\"><\/div>\n<div class=\"col-md-5\">\n<h2>Soporte de varios idiomas &amp; disponibilidad<\/h2>\n<p>\u00bfTrabaja en diferentes idiomas? No tiene que pagar por distintas herramientas, ya que nuestra aplicaci\u00f3n actualmente funciona con 7 idiomas, es decir, ingl\u00e9s, espa\u00f1ol, franc\u00e9s, alem\u00e1n, italiano, holand\u00e9s y portugu\u00e9s, con plena funcionalidad. Pronto estar\u00e1 disponible en m\u00e1s idiomas.<\/p>\n<\/div>\n<div class=\"col-md-1\"><\/div>\n<div class=\"col-md-3\">\n<img src=\"https:\/\/cdn.plagiarismcheckerx.com\/images\/languages.png\" loading=\"lazy\" style=\"height: 180px\">\n<\/div>\n<div class=\"col-md-2\"><\/div>\n<\/div>\n\n<div class=\"row inner-sm\">\n<div class=\"col-md-2\"><\/div>\n<div class=\"col-md-3\">\n<img src=\"https:\/\/cdn.plagiarismcheckerx.com\/images\/color-density.png\" loading=\"lazy\" style=\"height: 180px\">\n<\/div>\n<div class=\"col-md-1\"><\/div>\n<div class=\"col-md-5\">\n<h2>Resultados a color basados en la densidad  <\/h2>\n<p>Una forma intuitiva de entender los resultados de un solo vistazo.<\/p>\n<\/div>\n<div class=\"col-md-1\"><\/div>\n<\/div>\n\n<div class=\"row inner-sm\">\n<div class=\"col-md-1\"><\/div>\n<div class=\"col-md-5\">\n<h2>Soporte t\u00e9cnico dedicado 24\/7   <\/h2>\n<p>\u00bfNecesita ayuda? P\u00f3ngase en contacto con nosotros, en cualquier momento y desde cualquier lugar, para hablar con uno de nuestros representantes del cliente. Disponible solo para usted, las 24 horas.<\/p>\n<\/div>\n<div class=\"col-md-1\"><\/div>\n<div class=\"col-md-3\">\n<img src=\"https:\/\/cdn.plagiarismcheckerx.com\/images\/24x7.png\" loading=\"lazy\" style=\"height: 180px\">\n<\/div>\n<div class=\"col-md-2\"><\/div>\n<\/div>\n\n<div class=\"row inner-top-sm\">\n<div class=\"col-md-2\"><\/div>\n<div class=\"col-md-3\">\n<img src=\"https:\/\/cdn.plagiarismcheckerx.com\/images\/cost-effective.png\" loading=\"lazy\" style=\"height: 180px\">\n<\/div>\n<div class=\"col-md-1\"><\/div>\n<div class=\"col-md-5\">\n<h2>Rentable<\/h2>\n<p>Por \u00faltimo, aunque no menos importante, le ofrecemos una buena relaci\u00f3n calidad-precio. De manera que, en lugar de cobrar tarifas considerables, nuestra propuesta est\u00e1 disponible para usted como una soluci\u00f3n de pago \u00fanico. Simplemente elija el plan que mejor se adapte a sus necesidades; es decir, un solo usuario o varios usuarios.<\/p>\n<\/div>\n<div class=\"col-md-1\"><\/div>\n<\/div>\n<br><br><br>\n<\/section>\n\n<div class=\"light-bg\">\n\n    <section id=\"quick-video\">\n    <div class=\"container inner-sm\">\n    <div class=\"row\">\n    <div class=\"col-md-10 col-sm-9 center-block text-center\">\n    <header>\n    <h2>\u00a1V\u00eddeo r\u00e1pido de 1 min. sobre las funcionalidades!<\/h2>\n    <p>Obtenga una visi\u00f3n general de todas las herramientas disponibles en Plagiarism Checker X r\u00e1pidamente en el v\u00eddeo corto de 1 minuto de Plagiarism Checker X. Simplemente haga clic, eche un vistazo a todas las herramientas disponibles y ya puede comenzar.<\/p>\n    <div class=\"row\">\n    <div class=\"col-md-8 center-block text-center\">\n    <iframe src=\"https:\/\/www.youtube.com\/embed\/8hlmDcQ18rE?modestbranding=1&playlist=h9KxPuCCn6M,4Y18EvBvGdg,yzH_fw0bxrU,7zsNw-HEO_Q\" width=\"560\" height=\"315\" frameborder=\"0\"><\/iframe>\n    <\/div><\/div>\n    <\/header>\n    <\/div>\n    <\/div>\n    <\/div>\n    <\/section>\n\n\n    \n<\/div>\n\n\n\n<section id=\"your-data-is-safe\">\n<div class=\"container inner-sm\">\n<div class=\"row\">\n<div class=\"col-md-10 col-sm-9 center-block text-center\">\n<header>\n<h2>Tus Datos est\u00e1n Seguros con este Dispositivo, No Necesitas Subirlos<\/h2>\n<p>\"Como usuario, no necesitas subir tus ex\u00e1menes y contenidos a tu base de datos, en vez de ello, los documentos se quedan donde est\u00e1n. Esta caracter\u00edstica hace que el Revisor de Plagios X sea bastante diferente al resto de proveedores de servicios en el mercado. As\u00ed que, \u00a1Apres\u00farate!, \u00a1Obt\u00e9n una reproducci\u00f3n aqu\u00ed!\".<\/p>\n<div class=\"row\">\n<div class=\"col-md-8 center-block text-center\">\n<figure><img src=\"https:\/\/cdn.plagiarismcheckerx.com\/images\/credit-cards-2.png\" alt=\"Credit Cards\"> <\/figure>\n<\/div><\/div>\n<\/header>\n<div>\n<a href=\"..\/download-thank-you\" class=\"btn btn-large\">DESCARGA GRATUITA<\/a> \n<a href=\"..\/buy\" class=\"btn btn-large\">COMPRAR PRO<\/a>\n<\/div>\n<\/div>\n<\/div>\n<\/div>\n<\/section>\n\n\n","protected":false},"excerpt":{"rendered":"<p>Funcionalidades de Plagiarism Checker X \u00bfEs un estudiante aplicado, un blogger o creador de contenidos? \u00bfO quiz\u00e1s sea un profesor entregado, un editor, publicista o analista de SEO? Si pertenece a una de las categor\u00edas mencionadas, es muy probable que sea consciente de las consecuencias del contenido plagiado. Nuestro equipo de &#8216;Plagiarism Checker X&#8217; aprecia [&hellip;]<\/p>\n","protected":false},"author":3,"featured_media":0,"parent":0,"menu_order":0,"comment_status":"closed","ping_status":"closed","template":"","meta":[],"_links":{"self":[{"href":"https:\/\/plagiarismcheckerx.com\/es\/wp-json\/wp\/v2\/pages\/65"}],"collection":[{"href":"https:\/\/plagiarismcheckerx.com\/es\/wp-json\/wp\/v2\/pages"}],"about":[{"href":"https:\/\/plagiarismcheckerx.com\/es\/wp-json\/wp\/v2\/types\/page"}],"author":[{"embeddable":true,"href":"https:\/\/plagiarismcheckerx.com\/es\/wp-json\/wp\/v2\/users\/3"}],"replies":[{"embeddable":true,"href":"https:\/\/plagiarismcheckerx.com\/es\/wp-json\/wp\/v2\/comments?post=65"}],"version-history":[{"count":7,"href":"https:\/\/plagiarismcheckerx.com\/es\/wp-json\/wp\/v2\/pages\/65\/revisions"}],"predecessor-version":[{"id":279,"href":"https:\/\/plagiarismcheckerx.com\/es\/wp-json\/wp\/v2\/pages\/65\/revisions\/279"}],"wp:attachment":[{"href":"https:\/\/plagiarismcheckerx.com\/es\/wp-json\/wp\/v2\/media?parent=65"}],"curies":[{"name":"wp","href":"https:\/\/api.w.org\/{rel}","templated":true}]}}