{"id":50,"date":"2020-11-25T09:13:40","date_gmt":"2020-11-25T09:13:40","guid":{"rendered":"https:\/\/plagiarismcheckerx.com\/wordpress\/es\/?page_id=50"},"modified":"2020-12-01T19:22:51","modified_gmt":"2020-12-01T19:22:51","slug":"plagiarism-checker-for-publishers","status":"publish","type":"page","link":"https:\/\/plagiarismcheckerx.com\/es\/plagiarism-checker-for-publishers","title":{"rendered":"For Publishers"},"content":{"rendered":"\n<section id=\"services\">\n\n<div class=\"container inner-top-sm\">\n<div class=\"row inner-bottom-sm\">\n<div class=\"col-md-4 col-md-offset-1\">\n<figure><img src=\"https:\/\/cdn.plagiarismcheckerx.com\/images\/publishers.jpg\" alt=\"\"><\/figure>\n<\/div>\n\n<div class=\"col-md-7\">\n\n<h1 class=\"text-center\">Comprobador de plagio para editores  &amp; expertos en SEO<\/h1>\n\n<p>Para cualquier editor online, as\u00ed como para los administradores de sitios web, es muy importante garantizar la autenticidad del contenido en su portal. Plagiarism Checker X puede hacer maravillas ayudando en gran medida a los propietarios y gerentes de los sitios web. Detecta el plagio online y tambi\u00e9n ayuda en el proceso de gesti\u00f3n del contenido.<\/p>\n\n<div align=\"center\">\n\n<a href=\"..\/download-thank-you\" class=\"btn btn-large btn-gray\">DESCARGA GRATUITA<\/a> \n<a href=\"..\/buy\" class=\"btn btn-large\">COMPRAR PRO<\/a>\n\n<\/div>\n\n<\/div>\n\n<\/div>\n\n<\/div>\n\n<\/section>\n\n<section id=\"features\" class=\"light-bg\">\n\n<div class=\"container inner-sm\">\n\n<div class=\"row\">\n\n<div class=\"col-md-11 col-md-offset-1\">\n\n<header class=\"text-center\">\n\n<h2>La mejor opci\u00f3n para editores<\/h2>\n\n<\/header>\n\n<p><\/p>\n\n<\/div>\n\n<\/div>\n\n<div class=\"row inner-top-sm col-md-offset-1\">\n\n<div class=\"col-sm-1\">\n\n<div class=\"icon pull-right\">\n\n<i class=\"icon-lamp icn lg\"><\/i>\n\n<\/div>\n\n<\/div>\n\n<div class=\"col-sm-5 inner-bottom-sm\">\n\n<h3>Visi\u00f3n general<\/h3>\n\n<p class=\"text-small\">Un editor puede ver si el contenido es realmente original o tiene una cantidad de contenido duplicado \u2018inaceptable\u2019. Plagiarism Checker X proporciona un informe detallado del contenido que se va a publicar. La funcionalidad de &#8220;b\u00fasqueda masiva&#8221; es otra bendici\u00f3n para los editores\/administradores de contenido web, que pueden comprobar el plagio en varios documentos al mismo tiempo. No hay l\u00edmite de documentos, por lo que puede buscar varios art\u00edculos\/entradas de blog con un solo clic.<\/p>\n\n<\/div>\n\n<div class=\"col-sm-1\">\n\n<div class=\"icon pull-right\">\n\n<i class=\"icon-doc icn lg\"><\/i>\n\n<\/div>\n\n<\/div>\n\n<div class=\"col-sm-5 inner-bottom-sm\">\n\n<h3>Producto, no servicio<\/h3>\n\n<p class=\"text-small\">Si realiza un an\u00e1lisis comparativo de la industria; podr\u00e1 apreciar que Plagiarism Checker X supone una gran ventaja econ\u00f3mica. Si nos fijamos en las verificaciones de plagio online disponibles; en su mayor\u00eda ofrecen sus servicios sobre la base de &#8220;pago por documento&#8221;. Por el contrario, nuestros usuarios tambi\u00e9n pueden disfrutar de 14 d\u00edas de prueba gratuita para probar el producto y se puede visitar la secci\u00f3n &#8220;funcionalidades&#8221; para conocer en detalle las utilidades y beneficios del detector de plagio l\u00edder.<\/p>\n\n<\/div>\n\n<\/div>\n\n<div class=\"row inner-top-x col-md-offset-1\">\n\n<div class=\"col-sm-1\">\n\n<div class=\"icon pull-right\">\n\n<i class=\"icon-edit icn lg\"><\/i>\n\n<\/div>\n\n<\/div>\n\n<div class=\"col-sm-5 inner-bottom-sm\">\n\n<h3>Asegurar la originalidad<\/h3>\n\n<p class=\"text-small\">La singularidad y el ingenio es lo que hace a una marca destacar del resto. Si su contenido es similar a otros o usted est\u00e1 ofreciendo lo mismo, tal como XYZ; los clientes podr\u00edan no ver el valor. Al fin y al cabo, a Google no le gustan los sitios web que rescriben contenido de la competencia. Para comprobar el estado del contenido existente en su sitio web \/ blog; todo lo que tiene que hacer es pegar la URL de una p\u00e1gina dada y hacer clic en analizar. <br><br> El software activa autom\u00e1ticamente los motores de b\u00fasqueda y comprueba el resultado en los motores principales: Google, Bing y Yahoo. Adem\u00e1s, esto ayuda a rastrear si otra persona est\u00e1 utilizando los art\u00edculos publicados.<\/p>\n\n<\/div>\n\n<div class=\"col-sm-1\">\n\n<div class=\"icon pull-right\">\n\n<i class=\"icon-umbrella icn lg\"><\/i>\n\n<\/div>\n\n<\/div>\n\n\n\n<div class=\"col-sm-5 inner-bottom-sm\">\n\n<h3>Proteja su marca<\/h3>\n\n<p class=\"text-small\">Las herramientas de comprobaci\u00f3n del plagio no son s\u00f3lo un medio para evitar el contenido duplicado; adem\u00e1s son una forma de proteger su marca. Si usted trabaj\u00f3 con ah\u00ednco pero alg\u00fan experto en copiar \/ pegar muestra sus habilidades como propias, puede causarle mucho da\u00f1o. Por lo tanto, necesita una herramienta de comprobaci\u00f3n de plagio para realizar un seguimiento de su trabajo y proteger la marca. Siendo un editor, debe ser consciente de los problemas que causa la infracci\u00f3n de los derechos de autor. <br><br>En pocas palabras, es un problema muy serio desde la perspectiva \u00e9tica, legal y corporativa. Incluso si est\u00e1 publicando que ha escrito desde su propia mente, es muy recomendable tomarse unos segundos y protegerse de cualquier problema m\u00e1s adelante.<\/p>\n\n<\/div>\n\n<\/div>\n\n<\/div>\n\n<\/section>\n\n\n\n<section id=\"clients\">\n<div class=\"container inner-sm\">\n\n<div class=\"row\">\n<div class=\"col-md-8 col-sm-9 center-block text-center\">\n<header>\n<h2>Utilizado por Instituciones L\u00edderes<\/h2>\n<p>Valoramos las experiencias de nuestros clientes. La velocidad, precisi\u00f3n y f\u00e1cil interfaz de usuario han conseguido clientes leales y satisfechos.<\/p>\n<\/header>\n<\/div>\n<\/div>\n\n<div class=\"row inner-top-xs\">\n<div class=\"col-sm-12\">\n<div id=\"owl-clients\" class=\"owl-carousel owl-outer-nav\">\n\n<div class=\"item\">\n<figure>\n<figcaption class=\"text-overlay\">\n<div class=\"info\">\n<h4>IEEE<\/h4>\n<\/div>\n<\/figcaption>\n<img class=\"SliceImages OrgImage1\">\n<\/figure>\n<\/div>\n\n<div class=\"item\">\n<figure>\n<figcaption class=\"text-overlay\">\n<div class=\"info\">\n<h4>American University of Science And Technology<\/h4>\n<\/div>\n<\/figcaption>\n<img class=\"SliceImages OrgImage2\">\n<\/figure>\n<\/div>\n\n<div class=\"item\">\n<figure>\n<figcaption class=\"text-overlay\">\n<div class=\"info\">\n<h4>Remington College<\/h4>\n<\/div>\n<\/figcaption>\n<img class=\"SliceImages OrgImage3\">\n<\/figure>\n<\/div>\n\n<div class=\"item\">\n<figure>\n<figcaption class=\"text-overlay\">\n<div class=\"info\">\n<h4>JM Field Marketing<\/h4>\n<\/div>\n<\/figcaption>\n<img class=\"SliceImages OrgImage4\">\n<\/figure>\n<\/div>\n\n<div class=\"item\">\n<figure>\n<figcaption class=\"text-overlay\">\n<div class=\"info\">\n<h4>University of Maribor<\/h4>\n<\/div>\n<\/figcaption>\n<img class=\"SliceImages OrgImage5\">\n<\/figure>\n<\/div>\n\n<div class=\"item\">\n<figure>\n<figcaption class=\"text-overlay\">\n<div class=\"info\">\n<h4>Great American Cookies<\/h4>\n<\/div>\n<\/figcaption>\n<img class=\"SliceImages OrgImage6\">\n<\/figure>\n<\/div>\n\n<div class=\"item\">\n<figure>\n<figcaption class=\"text-overlay\">\n<div class=\"info\">\n<h4>Ohio University<\/h4>\n<\/div>\n<\/figcaption>\n<img class=\"SliceImages OrgImage7\">\n<\/figure>\n<\/div>\n\n<div class=\"item\">\n<figure>\n<figcaption class=\"text-overlay\">\n<div class=\"info\">\n<h4>University Of Massachusetts Boston<\/h4>\n<\/div>\n<\/figcaption>\n<img class=\"SliceImages OrgImage8\">\n<\/figure>\n<\/div>\n\n<div class=\"item\">\n<figure>\n<figcaption class=\"text-overlay\">\n<div class=\"info\">\n<h4>Labournet Services India<\/h4>\n<\/div>\n<\/figcaption>\n<img class=\"SliceImages OrgImage9\">\n<\/figure>\n<\/div>\n\n<div class=\"item\">\n<figure>\n<figcaption class=\"text-overlay\">\n<div class=\"info\">\n<h4>King Saud University<\/h4>\n<\/div>\n<\/figcaption>\n<img class=\"SliceImages OrgImage10\">\n<\/figure>\n<\/div>\n\n<div class=\"item\">\n<figure>\n<figcaption class=\"text-overlay\">\n<div class=\"info\">\n<h4>Delta-State-University-Abraka<\/h4>\n<\/div>\n<\/figcaption>\n<img class=\"SliceImages OrgImage11\">\n<\/figure>\n<\/div>\n\n<div class=\"item\">\n<figure>\n<figcaption class=\"text-overlay\">\n<div class=\"info\">\n<h4>Trinity College<\/h4>\n<\/div>\n<\/figcaption>\n<img class=\"SliceImages OrgImage12\">\n<\/figure>\n<\/div>\n\n<\/div>\n<\/div>\n<\/div>\n\n<\/div>\n<\/section>\n\n\n<div class=\"light-bg\">\n\n<section id=\"your-data-is-safe\">\n<div class=\"container inner-sm\">\n<div class=\"row\">\n<div class=\"col-md-10 col-sm-9 center-block text-center\">\n<header>\n<h2>Tus Datos est\u00e1n Seguros con este Dispositivo, No Necesitas Subirlos<\/h2>\n<p>\"Como usuario, no necesitas subir tus ex\u00e1menes y contenidos a tu base de datos, en vez de ello, los documentos se quedan donde est\u00e1n. Esta caracter\u00edstica hace que el Revisor de Plagios X sea bastante diferente al resto de proveedores de servicios en el mercado. As\u00ed que, \u00a1Apres\u00farate!, \u00a1Obt\u00e9n una reproducci\u00f3n aqu\u00ed!\".<\/p>\n<div class=\"row\">\n<div class=\"col-md-8 center-block text-center\">\n<figure><img src=\"https:\/\/cdn.plagiarismcheckerx.com\/images\/credit-cards-2.png\" alt=\"Credit Cards\"> <\/figure>\n<\/div><\/div>\n<\/header>\n<div>\n<a href=\"..\/download-thank-you\" class=\"btn btn-large\">DESCARGA GRATUITA<\/a> \n<a href=\"..\/buy\" class=\"btn btn-large\">COMPRAR PRO<\/a>\n<\/div>\n<\/div>\n<\/div>\n<\/div>\n<\/section>\n\n<\/div>\n","protected":false},"excerpt":{"rendered":"<p>Comprobador de plagio para editores &amp; expertos en SEO Para cualquier editor online, as\u00ed como para los administradores de sitios web, es muy importante garantizar la autenticidad del contenido en su portal. Plagiarism Checker X puede hacer maravillas ayudando en gran medida a los propietarios y gerentes de los sitios web. Detecta el plagio online [&hellip;]<\/p>\n","protected":false},"author":3,"featured_media":0,"parent":0,"menu_order":0,"comment_status":"closed","ping_status":"closed","template":"home-tpl.php","meta":[],"_links":{"self":[{"href":"https:\/\/plagiarismcheckerx.com\/es\/wp-json\/wp\/v2\/pages\/50"}],"collection":[{"href":"https:\/\/plagiarismcheckerx.com\/es\/wp-json\/wp\/v2\/pages"}],"about":[{"href":"https:\/\/plagiarismcheckerx.com\/es\/wp-json\/wp\/v2\/types\/page"}],"author":[{"embeddable":true,"href":"https:\/\/plagiarismcheckerx.com\/es\/wp-json\/wp\/v2\/users\/3"}],"replies":[{"embeddable":true,"href":"https:\/\/plagiarismcheckerx.com\/es\/wp-json\/wp\/v2\/comments?post=50"}],"version-history":[{"count":14,"href":"https:\/\/plagiarismcheckerx.com\/es\/wp-json\/wp\/v2\/pages\/50\/revisions"}],"predecessor-version":[{"id":268,"href":"https:\/\/plagiarismcheckerx.com\/es\/wp-json\/wp\/v2\/pages\/50\/revisions\/268"}],"wp:attachment":[{"href":"https:\/\/plagiarismcheckerx.com\/es\/wp-json\/wp\/v2\/media?parent=50"}],"curies":[{"name":"wp","href":"https:\/\/api.w.org\/{rel}","templated":true}]}}