{"id":48,"date":"2020-11-25T10:24:42","date_gmt":"2020-11-25T10:24:42","guid":{"rendered":"https:\/\/plagiarismcheckerx.com\/wordpress\/es\/?page_id=48"},"modified":"2020-12-01T19:22:51","modified_gmt":"2020-12-01T19:22:51","slug":"plagiarism-checker-for-teachers","status":"publish","type":"page","link":"https:\/\/plagiarismcheckerx.com\/es\/plagiarism-checker-for-teachers","title":{"rendered":"For Teachers"},"content":{"rendered":"\n<section id=\"services\">\n\n<div class=\"container inner-top-md\">\n\n<div class=\"row inner-bottom-sm\">\n  \n<div class=\"col-md-4 col-md-offset-1\">\n<figure><img src=\"https:\/\/cdn.plagiarismcheckerx.com\/images\/teachers.jpg\" alt=\"\"><\/figure>\n<\/div>\n\n<div class=\"col-md-7\">\n  \n<h1 class=\"text-center\">Comprobador de plagio para profesores<\/h1>\n\n<p>Plagiarism Checker X es una bendici\u00f3n para los profesores. Les ahorra tiempo al proporcionarles un servicio de b\u00fasqueda masiva y un servicio r\u00e1pido de comprobaci\u00f3n de contenido online. As\u00ed pues, pueden detectar f\u00e1cilmente el plagio en las tareas de clase, las tesis y los trabajos en cuesti\u00f3n de segundos. Adem\u00e1s, el servicio de b\u00fasqueda masiva es otra ventaja, la cual permite escanear todo el lote en un solo clic.<\/p>\n\n<div align=\"center\">\n<a href=\"..\/download-thank-you\" class=\"btn btn-large btn-gray\">DESCARGA GRATUITA<\/a> \n<a href=\"..\/buy\" class=\"btn btn-large\">COMPRAR PRO<\/a>\n<\/div>\n\n<\/div>\n\n<\/div>\n\n<\/div>\n\n<\/section>\n\n\n\n<section id=\"features\" class=\"light-bg\">\n\n<div class=\"container inner-sm\">\n\n<div class=\"row\">\n<div class=\"col-md-11 col-md-offset-1\">\n<header class=\"text-center\">\n<h2>Soluci\u00f3n para profesores e investigadores<\/h2>\n<\/header>\n<p>Los profesores e investigadores acad\u00e9micos necesitan urgentemente la herramienta de comprobaci\u00f3n de plagio, que podr\u00eda ayudarles a calificar a sus estudiantes y tambi\u00e9n juzgar la calidad de su trabajo. Tambi\u00e9n necesitan controlar y calibrar la calidad de su propio trabajo de investigaci\u00f3n y art\u00edculos acad\u00e9micos.<\/p>\n<\/div>\n<\/div>\n\n<div class=\"row inner-top-sm col-md-offset-1\">\n\n<div class=\"col-sm-1\">  \n<div class=\"icon pull-right\">\n<i class=\"icon-lamp icn lg\"><\/i>\n<\/div>\n<\/div>\n\n<div class=\"col-sm-5 inner-bottom-sm\">\n<h3>Visi\u00f3n general<\/h3>\n<p class=\"text-small\">Para los tutores es a\u00fan m\u00e1s importante garantizar el respeto de los derechos de autor. Esto les exige comprobar el plagio a\u00fan m\u00e1s estrictamente en su trabajo que en las tareas de sus estudiantes. En primer lugar, este detector de plagio les ayuda a comprobar la originalidad del trabajo de investigaci\u00f3n. En una revisi\u00f3n reciente de rendimiento, se demostr\u00f3 que nuestra herramienta es 3 veces m\u00e1s r\u00e1pida, precisa y econ\u00f3mica que otras alternativas disponibles.<\/p>\n<\/div>\n\n<div class=\"col-sm-1\">  \n<div class=\"icon pull-right\">\n<i class=\"icon-thumbs-up-1 icn lg\"><\/i>\n<\/div>\n<\/div>\n\n<div class=\"col-sm-5 inner-bottom-sm\">\n<h3>Por qu\u00e9 decimos que es Genial<\/h3>\n<p class=\"text-small\">Los profesores pueden realizar un an\u00e1lisis comparativo\/comprobaci\u00f3n cruzada de las tareas. La opci\u00f3n de &#8220;b\u00fasqueda masiva&#8221; les ayuda a comparar entre s\u00ed los documentos y el trabajo de investigaci\u00f3n de toda la clase. Esta es una caracter\u00edstica muy innovadora que ahorra una buena cantidad de tiempo al profesor y entrega el resultado muy r\u00e1pidamente. Si le interesa saber m\u00e1s sobre esto, visite la secci\u00f3n de funcionalidades del sitio.<\/p>\n<\/div>\n\n<\/div>\n\n<div class=\"row inner-top-x col-md-offset-1\">\n\n<div class=\"col-sm-1\">\n<div class=\"icon pull-right\">\n<i class=\"icon-cog-alt icn lg\"><\/i>\n<\/div>\n<\/div>\n\n<div class=\"col-sm-5\">\n<h3>Funcionalidad<\/h3>\n<p class=\"text-small\">La ventaja de utilizar Plagiarism Checker X es su capacidad de trabajar en ambos modos online \/ fuera de l\u00ednea, aunque no todas las caracter\u00edsticas funcionan en el modo sin conexi\u00f3n. Sin embargo, puede realizar la comprobaci\u00f3n cruzada de dos art\u00edculos y tambi\u00e9n realizar otras tareas sin conexi\u00f3n. La cuarta ventaja competitiva de utilizar este comprobador de plagio es que ofrece una visi\u00f3n detallada y en profundidad con un solo clic. Puede ver y guardar el informe en su equipo.<\/p>\n<\/div>\n\n<div class=\"col-sm-1\">\n<div class=\"icon pull-right\">\n<i class=\"icon-gift icn lg\"><\/i>\n<\/div>\n<\/div>\n\n<div class=\"col-sm-5\">\n<h3>Dentro de su presupuesto<\/h3>\n<p class=\"text-small\">Un an\u00e1lisis comparativo de los planes de suscripci\u00f3n muestra que Plagiarism Checker X lidera la competitividad de precios en la categor\u00eda de herramientas de verificaci\u00f3n de plagio online. En lugar de ofrecer &#8220;pago por art\u00edculo&#8221;, le ofrecemos una suscripci\u00f3n de por vida, donde puede realizar b\u00fasquedas ilimitadas en lugar del pago general por la b\u00fasqueda de 3-4 art\u00edculos.<\/p>\n<\/div>\n<\/div>\n<\/div>\n<\/section>\n\n\n\n<section id=\"clients\">\n<div class=\"container inner-sm\">\n\n<div class=\"row\">\n<div class=\"col-md-8 col-sm-9 center-block text-center\">\n<header>\n<h2>Utilizado por Instituciones L\u00edderes<\/h2>\n<p>Valoramos las experiencias de nuestros clientes. La velocidad, precisi\u00f3n y f\u00e1cil interfaz de usuario han conseguido clientes leales y satisfechos.<\/p>\n<\/header>\n<\/div>\n<\/div>\n\n<div class=\"row inner-top-xs\">\n<div class=\"col-sm-12\">\n<div id=\"owl-clients\" class=\"owl-carousel owl-outer-nav\">\n\n<div class=\"item\">\n<figure>\n<figcaption class=\"text-overlay\">\n<div class=\"info\">\n<h4>IEEE<\/h4>\n<\/div>\n<\/figcaption>\n<img class=\"SliceImages OrgImage1\">\n<\/figure>\n<\/div>\n\n<div class=\"item\">\n<figure>\n<figcaption class=\"text-overlay\">\n<div class=\"info\">\n<h4>American University of Science And Technology<\/h4>\n<\/div>\n<\/figcaption>\n<img class=\"SliceImages OrgImage2\">\n<\/figure>\n<\/div>\n\n<div class=\"item\">\n<figure>\n<figcaption class=\"text-overlay\">\n<div class=\"info\">\n<h4>Remington College<\/h4>\n<\/div>\n<\/figcaption>\n<img class=\"SliceImages OrgImage3\">\n<\/figure>\n<\/div>\n\n<div class=\"item\">\n<figure>\n<figcaption class=\"text-overlay\">\n<div class=\"info\">\n<h4>JM Field Marketing<\/h4>\n<\/div>\n<\/figcaption>\n<img class=\"SliceImages OrgImage4\">\n<\/figure>\n<\/div>\n\n<div class=\"item\">\n<figure>\n<figcaption class=\"text-overlay\">\n<div class=\"info\">\n<h4>University of Maribor<\/h4>\n<\/div>\n<\/figcaption>\n<img class=\"SliceImages OrgImage5\">\n<\/figure>\n<\/div>\n\n<div class=\"item\">\n<figure>\n<figcaption class=\"text-overlay\">\n<div class=\"info\">\n<h4>Great American Cookies<\/h4>\n<\/div>\n<\/figcaption>\n<img class=\"SliceImages OrgImage6\">\n<\/figure>\n<\/div>\n\n<div class=\"item\">\n<figure>\n<figcaption class=\"text-overlay\">\n<div class=\"info\">\n<h4>Ohio University<\/h4>\n<\/div>\n<\/figcaption>\n<img class=\"SliceImages OrgImage7\">\n<\/figure>\n<\/div>\n\n<div class=\"item\">\n<figure>\n<figcaption class=\"text-overlay\">\n<div class=\"info\">\n<h4>University Of Massachusetts Boston<\/h4>\n<\/div>\n<\/figcaption>\n<img class=\"SliceImages OrgImage8\">\n<\/figure>\n<\/div>\n\n<div class=\"item\">\n<figure>\n<figcaption class=\"text-overlay\">\n<div class=\"info\">\n<h4>Labournet Services India<\/h4>\n<\/div>\n<\/figcaption>\n<img class=\"SliceImages OrgImage9\">\n<\/figure>\n<\/div>\n\n<div class=\"item\">\n<figure>\n<figcaption class=\"text-overlay\">\n<div class=\"info\">\n<h4>King Saud University<\/h4>\n<\/div>\n<\/figcaption>\n<img class=\"SliceImages OrgImage10\">\n<\/figure>\n<\/div>\n\n<div class=\"item\">\n<figure>\n<figcaption class=\"text-overlay\">\n<div class=\"info\">\n<h4>Delta-State-University-Abraka<\/h4>\n<\/div>\n<\/figcaption>\n<img class=\"SliceImages OrgImage11\">\n<\/figure>\n<\/div>\n\n<div class=\"item\">\n<figure>\n<figcaption class=\"text-overlay\">\n<div class=\"info\">\n<h4>Trinity College<\/h4>\n<\/div>\n<\/figcaption>\n<img class=\"SliceImages OrgImage12\">\n<\/figure>\n<\/div>\n\n<\/div>\n<\/div>\n<\/div>\n\n<\/div>\n<\/section>\n\n\n<div class=\"light-bg\">\n    <section id=\"customer-satisfaction\">\n    <div class=\"container inner-sm\">\n    <div class=\"row\">\n    <div class=\"col-md-10 col-sm-9 center-block text-center\">\n    <header>\n    <h2>Satisfacci\u00f3n de cliente garantizada<\/h2>\n    <p>\"Plagiarism Checker X se ha dise\u00f1ado en base a los comentarios, sugerencias y revisiones t\u00e9cnicas del mercado. La velocidad, precisi\u00f3n y sencilla interfaz de usuario han creado clientes satisfechos y fieles.\"<\/p>\n    <div class=\"row\">\n    <div class=\"col-md-8 center-block text-center\">\n    <figure><img src=\"https:\/\/cdn.plagiarismcheckerx.com\/images\/credit-cards-2.png\" loading=\"lazy\" alt=\"Credit Cards\"> <\/figure>\n    <\/div><\/div>\n    <\/header>\n    <div>\n    <a href=\"..\/download-thank-you\" class=\"btn btn-large btn-gray\">DESCARGA GRATUITA<\/a>&nbsp;\n    <a href=\"..\/buy\" class=\"btn btn-large\">COMPRAR PRO<\/a>\n    <\/div>\n    <\/div>\n    <\/div>\n    <\/div>\n    <\/section>\n\n\n    <\/div>\n\n\n\n<p><\/p>\n","protected":false},"excerpt":{"rendered":"<p>Comprobador de plagio para profesores Plagiarism Checker X es una bendici\u00f3n para los profesores. Les ahorra tiempo al proporcionarles un servicio de b\u00fasqueda masiva y un servicio r\u00e1pido de comprobaci\u00f3n de contenido online. As\u00ed pues, pueden detectar f\u00e1cilmente el plagio en las tareas de clase, las tesis y los trabajos en cuesti\u00f3n de segundos. Adem\u00e1s, [&hellip;]<\/p>\n","protected":false},"author":3,"featured_media":0,"parent":0,"menu_order":0,"comment_status":"closed","ping_status":"closed","template":"","meta":[],"_links":{"self":[{"href":"https:\/\/plagiarismcheckerx.com\/es\/wp-json\/wp\/v2\/pages\/48"}],"collection":[{"href":"https:\/\/plagiarismcheckerx.com\/es\/wp-json\/wp\/v2\/pages"}],"about":[{"href":"https:\/\/plagiarismcheckerx.com\/es\/wp-json\/wp\/v2\/types\/page"}],"author":[{"embeddable":true,"href":"https:\/\/plagiarismcheckerx.com\/es\/wp-json\/wp\/v2\/users\/3"}],"replies":[{"embeddable":true,"href":"https:\/\/plagiarismcheckerx.com\/es\/wp-json\/wp\/v2\/comments?post=48"}],"version-history":[{"count":13,"href":"https:\/\/plagiarismcheckerx.com\/es\/wp-json\/wp\/v2\/pages\/48\/revisions"}],"predecessor-version":[{"id":266,"href":"https:\/\/plagiarismcheckerx.com\/es\/wp-json\/wp\/v2\/pages\/48\/revisions\/266"}],"wp:attachment":[{"href":"https:\/\/plagiarismcheckerx.com\/es\/wp-json\/wp\/v2\/media?parent=48"}],"curies":[{"name":"wp","href":"https:\/\/api.w.org\/{rel}","templated":true}]}}