{"id":44,"date":"2020-11-25T09:32:45","date_gmt":"2020-11-25T09:32:45","guid":{"rendered":"https:\/\/plagiarismcheckerx.com\/wordpress\/es\/?page_id=44"},"modified":"2020-12-01T19:22:51","modified_gmt":"2020-12-01T19:22:51","slug":"plagiarism-checker-for-students","status":"publish","type":"page","link":"https:\/\/plagiarismcheckerx.com\/es\/plagiarism-checker-for-students","title":{"rendered":"For Students"},"content":{"rendered":"\n<section id=\"services\">\n\n<div class=\"container inner-top-md\">\n\n<div class=\"row inner-bottom-sm\">\n\n<div class=\"col-md-4 col-md-offset-1\">\n<figure><img src=\"https:\/\/cdn.plagiarismcheckerx.com\/images\/students.jpg\" alt=\"\"><\/figure>\n<\/div>\n\n<div class=\"col-md-7\">\n\n<h1 class=\"text-center\">Comprobador de plagio para estudiantes<\/h1>\n\n<p>Plagiarism Checker X es uno de los detectores de plagio m\u00e1s fiables y f\u00e1ciles de usar del mercado. Con su ayuda, los estudiantes pueden detectar f\u00e1cilmente el plagio en sus tareas y lograr calificaciones m\u00e1s altas. Descargue el software hoy y disfrute de la detecci\u00f3n de plagio online, plagio de sitios web y servicios de escaneo de contenido masivo.<\/p>\n\n<div align=\"center\">\n<a href=\"..\/download-thank-you\" class=\"btn btn-large btn-gray\">Free Download<\/a>\n<a href=\"..\/buy\" class=\"btn btn-large\">Buy PRO<\/a>\n<\/div>\n\n<\/div>\n\n<\/div>\n\n<\/div>\n\n<\/section>\n\n\n\n<section id=\"features\" class=\"light-bg\">\n\n<div class=\"container inner-xs\">\n\n<div class=\"row\">\n<div class=\"col-md-11 col-md-offset-1\">\n<header class=\"text-center\">\n<h2>Ayudamos a los estudiantes<\/h2>\n<\/header>\n<p>Plagiarism Checker X es una bendici\u00f3n para los estudiantes, que disfrutar\u00e1n de los numerosos beneficios y ventajas de este detector de plagio premium. Un requisito clave de cualquier documento acad\u00e9mico o tarea es que no viole derechos de autor ni contenga plagio.<\/p>\n<\/div>\n<\/div>\n\n<div class=\"row inner-top-sm col-md-offset-1\">\n\n<div class=\"col-sm-1\">\n<div class=\"icon pull-right\">\n<i class=\"icon-lamp icn lg\"><\/i>\n<\/div>\n<\/div>\n\n<div class=\"col-sm-5 inner-bottom-sm\">\n<h3>Visi\u00f3n general<\/h3>\n<p class=\"text-small\">Una soluci\u00f3n con alta velocidad, precisi\u00f3n y bajo precio en comparaci\u00f3n con otras soluciones disponibles. Esto no requiere que env\u00eden su trabajo de investigaci\u00f3n o tareas a nuestra base de datos. Aqu\u00ed se muestran algunas funcionalidades destacadas de Plagiarism Checker X que pueden explicar su singularidad.<\/p>\n<\/div>\n\n<div class=\"col-sm-1\">\n<div class=\"icon pull-right\">\n<i class=\"icon-doc icn lg\"><\/i>\n<\/div>\n<\/div>\n\n<div class=\"col-sm-5 inner-bottom-sm\">\n<h3>Un producto, no un servicio<\/h3>\n<p class=\"text-small\">Plagiarism Checker X es un producto, no un servicio \u2014 no cobramos por cada documento que escanea. Su contenido est\u00e1 completamente seguro: nunca viaja a nuestros servidores.<\/p>\n<\/div>\n\n<\/div>\n\n<div class=\"row inner-top-x col-md-offset-1\">\n\n<div class=\"col-sm-1\">\n<div class=\"icon pull-right\">\n<i class=\"icon-chart-pie icn lg\"><\/i>\n<\/div>\n<\/div>\n\n<div class=\"col-sm-5 inner-bottom-sm\">\n<h3>Informes exhaustivos<\/h3>\n<p class=\"text-small\">Con un solo clic, Plagiarism Checker X genera informes y estad\u00edsticas HTML o docx detallados. Proporciona un an\u00e1lisis en profundidad de la calidad del contenido y las fuentes a las que hace referencia, y resalta la secci\u00f3n copiada. Los usuarios tambi\u00e9n pueden guardar el informe en su equipo para verlo m\u00e1s tarde.<\/p>\n<\/div>\n\n<div class=\"col-sm-1\">\n<div class=\"icon pull-right\">\n<i class=\"icon-gift icn lg\"><\/i>\n<\/div>\n<\/div>\n\n<div class=\"col-sm-5 inner-bottom-sm\">\n<h3>Dentro de su presupuesto<\/h3>\n<p class=\"text-small\">Entendemos que los estudiantes son muy conscientes de sus finanzas. Por lo tanto, les ofrecemos paquetes muy razonables junto con una versi\u00f3n gratuita de por vida. Pague una vez y disfrute de una licencia de por vida. Los suscriptores no necesitan pagar por cada documento; en lugar de eso, pague una peque\u00f1a cantidad s\u00f3lo una vez.<\/p>\n<\/div>\n<\/div>\n\n<\/div>\n<\/section>\n\n    <section id=\"what-are-you-waiting-for\">\n    <div class=\"container inner-sm\">\n    <div class=\"row\">\n    <div class=\"col-md-10 col-sm-9 center-block text-center\">\n    <header>\n    <h2>Entonces, \u00bfa qu\u00e9 espera?<\/h2>\n    <\/header>\n    <p>En resumen, esta herramienta f\u00e1cil de usar puede ayudarle a evitar las complejidades de las herramientas de comprobaci\u00f3n de plagio online y las sanciones acad\u00e9micas. Hay universidades donde los estudiantes tienen que asumir sanciones extremas como las probatorias acad\u00e9micas, multas e incluso la expulsi\u00f3n. Si un trabajo acad\u00e9mico viola los derechos de autor, puede dar lugar a demandas y procedimientos penales. Por lo tanto, conseguir un detector de plagio razonable es muy importante.<\/p>\n    <div class=\"row\">\n    <div class=\"col-md-8 center-block text-center\">\n    <figure><img src=\"https:\/\/cdn.plagiarismcheckerx.com\/images\/credit-cards-2.png\" loading=\"lazy\" alt=\"Credit Cards\"> <\/figure>\n    <\/div><\/div>\n    <div>\n    <a href=\"..\/download-thank-you\" class=\"btn btn-large btn-gray\">DESCARGA GRATUITA<\/a>&nbsp;\n    <a href=\"..\/buy\" class=\"btn btn-large\">COMPRAR PRO<\/a>\n    <\/div>\n    <\/div>\n    <\/div>\n    <\/div>\n    <\/section>\n\n\n    \n\n\n\n<p><\/p>\n","protected":false},"excerpt":{"rendered":"<p>Comprobador de plagio para estudiantes Plagiarism Checker X es uno de los detectores de plagio m\u00e1s fiables y f\u00e1ciles de usar del mercado. Con su ayuda, los estudiantes pueden detectar f\u00e1cilmente el plagio en sus tareas y lograr calificaciones m\u00e1s altas. Descargue el software hoy y disfrute de la detecci\u00f3n de plagio online, plagio de [&hellip;]<\/p>\n","protected":false},"author":3,"featured_media":0,"parent":0,"menu_order":0,"comment_status":"closed","ping_status":"closed","template":"","meta":[],"_links":{"self":[{"href":"https:\/\/plagiarismcheckerx.com\/es\/wp-json\/wp\/v2\/pages\/44"}],"collection":[{"href":"https:\/\/plagiarismcheckerx.com\/es\/wp-json\/wp\/v2\/pages"}],"about":[{"href":"https:\/\/plagiarismcheckerx.com\/es\/wp-json\/wp\/v2\/types\/page"}],"author":[{"embeddable":true,"href":"https:\/\/plagiarismcheckerx.com\/es\/wp-json\/wp\/v2\/users\/3"}],"replies":[{"embeddable":true,"href":"https:\/\/plagiarismcheckerx.com\/es\/wp-json\/wp\/v2\/comments?post=44"}],"version-history":[{"count":13,"href":"https:\/\/plagiarismcheckerx.com\/es\/wp-json\/wp\/v2\/pages\/44\/revisions"}],"predecessor-version":[{"id":264,"href":"https:\/\/plagiarismcheckerx.com\/es\/wp-json\/wp\/v2\/pages\/44\/revisions\/264"}],"wp:attachment":[{"href":"https:\/\/plagiarismcheckerx.com\/es\/wp-json\/wp\/v2\/media?parent=44"}],"curies":[{"name":"wp","href":"https:\/\/api.w.org\/{rel}","templated":true}]}}