{"id":314,"date":"2020-11-29T09:05:58","date_gmt":"2020-11-29T09:05:58","guid":{"rendered":"https:\/\/plagiarismcheckerx.com\/wordpress\/es\/?page_id=314"},"modified":"2020-12-04T10:58:46","modified_gmt":"2020-12-04T10:58:46","slug":"contact","status":"publish","type":"page","link":"https:\/\/plagiarismcheckerx.com\/es\/contact","title":{"rendered":"Contact"},"content":{"rendered":"<p><main><\/main><\/p>\n<style> #contact{ display:none; } <\/style>\n<section id=\"contact-form\">\n<div class=\"container inner-sm\">\n<div class=\"row\">\n<div class=\"col-md-10 col-sm-9 center-block text-center\">\n<header>\n<h1>Cont\u00e1ctenos<\/h1>\n<p>El equipo de Plagiarism Checker X siempre est\u00e1 dispuesto a ayudarle de cualquier forma posible. Sabemos que un nuevo usuario puede encontrar algunos problemas en la instalaci\u00f3n del producto, su configuraci\u00f3n o uso. Adem\u00e1s, hay compa\u00f1eros que tienen algunas ideas muy creativas y quieren compartirlas con nosotros.<\/p>\n<\/header>\n<\/div>\n<\/div>\n<div class=\"row\">\n<div class=\"col-sm-12\">\n<div class=\"row\">\n<div class=\"col-sm-6 outer-top-md inner-right-sm\">\n<h2>Deje su mensaje<\/h2>\n<form id=\"form1\" action=\"\" method=\"post\" name=\"form1\">\n<table border=\"0\">\n<tbody>\n<tr>\n<td><input id=\"name\" class=\"form-control\" name=\"Name\" type=\"text\" value=\"\" placeholder=\"Name\" \/><\/td>\n<\/tr>\n<tr>\n<td><input id=\"email\" class=\"form-control\" name=\"Email\" type=\"text\" value=\"\" placeholder=\"Email\" \/><\/td>\n<td><input id=\"contact\" class=\"form-control\" name=\"contact\" type=\"text\" placeholder=\"contact\" \/><\/td>\n<\/tr>\n<tr>\n<td colspan=\"2\"><select class=\"form-control\" name=\"Question\"><option>Consulta general<\/option><option>Preguntas sobre facturaci\u00f3n<\/option><option>Problema t\u00e9cnico<\/option><option>Solicitud de caracter\u00edsticas<\/option><option>Comentarios e ideas<\/option><option>Otra<\/option><\/select><\/td>\n<\/tr>\n<tr>\n<td colspan=\"2\"><textarea id=\"Message\" class=\"form-control\" style=\"color: black; height: 170px; width: 550px;\" cols=\"55\" name=\"Message\" rows=\"8\" placeholder=\"Message\"><\/textarea><\/td>\n<\/tr>\n<tr>\n<td align=\"center\"><button id=\"submit\" class=\"btn btn-default btn-submit\" name=\"submit\" type=\"submit\" value=\"1\"> Send Message<\/button><\/td>\n<\/tr>\n<\/tbody>\n<\/table>\n<\/form>\n<\/div>\n<p><!-- .\/col --><\/p>\n<div class=\"col-sm-5 outer-top-md inner-left-sm border-left\">\n<h2>Contacte con nosotros<\/h2>\n<div class=\"social-network\">\n<ul class=\"social\">\n<li><a href=\"https:\/\/facebook.com\/plagiarismcheckerx.llc\" target=\"_blank\" rel=\"noopener noreferrer\"><i class=\"icon-s-facebook\"><\/i><\/a><\/li>\n<li><a href=\"https:\/\/twitter.com\/PlagiarismX\" target=\"_blank\" rel=\"noopener noreferrer\"><i class=\"icon-s-twitter\"><\/i><\/a><\/li>\n<li><a href=\"https:\/\/www.pinterest.com\/plagiarismcheckerx\/\" target=\"_blank\" rel=\"noopener noreferrer\"><i class=\"icon-s-pinterest\"><\/i><\/a><\/li>\n<li><a href=\"https:\/\/www.youtube.com\/channel\/UCTFh3QNYt-KlpvDrxCizF6g\" target=\"_blank\" rel=\"noopener noreferrer\"><i class=\"icon-s-youtube icon-s-gplus\"><\/i><\/a><\/li>\n<\/ul>\n<\/div>\n<p>&nbsp;<\/p>\n<h4>Insignias de protecci\u00f3n para su sitio web<\/h4>\n<p><a href=\"badges\"><img src=\"https:\/\/plagiarismcheckerx.com\/assets\/images\/badges\/pcx-protected-11.png\" \/><\/a><\/p>\n<p>\u00bfNecesita insignias de protecci\u00f3n, im\u00e1genes o logos para proteger su trabajo? Por favor navegue por el sitio y obtenga recursos como <a href=\"badges\">insignias<\/a>, <a href=\"Screenshots\">capturas de pantalla<\/a> y <a href=\"presskit\">kits de prensa<\/a> gratis.<\/p>\n<\/div>\n<\/div>\n<\/div>\n<\/div>\n<\/div>\n<\/section>\n<p>&nbsp;<\/p>\n","protected":false},"excerpt":{"rendered":"<p>Cont\u00e1ctenos El equipo de Plagiarism Checker X siempre est\u00e1 dispuesto a ayudarle de cualquier forma posible. Sabemos que un nuevo usuario puede encontrar algunos problemas en la instalaci\u00f3n del producto, su configuraci\u00f3n o uso. Adem\u00e1s, hay compa\u00f1eros que tienen algunas ideas muy creativas y quieren compartirlas con nosotros. Deje su mensaje Consulta generalPreguntas sobre facturaci\u00f3nProblema [&hellip;]<\/p>\n","protected":false},"author":3,"featured_media":0,"parent":0,"menu_order":0,"comment_status":"closed","ping_status":"closed","template":"","meta":[],"_links":{"self":[{"href":"https:\/\/plagiarismcheckerx.com\/es\/wp-json\/wp\/v2\/pages\/314"}],"collection":[{"href":"https:\/\/plagiarismcheckerx.com\/es\/wp-json\/wp\/v2\/pages"}],"about":[{"href":"https:\/\/plagiarismcheckerx.com\/es\/wp-json\/wp\/v2\/types\/page"}],"author":[{"embeddable":true,"href":"https:\/\/plagiarismcheckerx.com\/es\/wp-json\/wp\/v2\/users\/3"}],"replies":[{"embeddable":true,"href":"https:\/\/plagiarismcheckerx.com\/es\/wp-json\/wp\/v2\/comments?post=314"}],"version-history":[{"count":15,"href":"https:\/\/plagiarismcheckerx.com\/es\/wp-json\/wp\/v2\/pages\/314\/revisions"}],"predecessor-version":[{"id":340,"href":"https:\/\/plagiarismcheckerx.com\/es\/wp-json\/wp\/v2\/pages\/314\/revisions\/340"}],"wp:attachment":[{"href":"https:\/\/plagiarismcheckerx.com\/es\/wp-json\/wp\/v2\/media?parent=314"}],"curies":[{"name":"wp","href":"https:\/\/api.w.org\/{rel}","templated":true}]}}