{"id":30,"date":"2020-11-25T06:49:23","date_gmt":"2020-11-25T06:49:23","guid":{"rendered":"https:\/\/plagiarismcheckerx.com\/wordpress\/es\/?page_id=30"},"modified":"2021-01-16T08:28:46","modified_gmt":"2021-01-16T08:28:46","slug":"home","status":"publish","type":"page","link":"https:\/\/plagiarismcheckerx.com\/es\/","title":{"rendered":"Home"},"content":{"rendered":"<main>\r\n<section id=\"download\">\r\n<div class=\"container inner-xs\">\r\n<div class=\"row\">\r\n<div class=\"col-md-7 inner-xs text-center\"><br \/>\r\n<h1 align=\"center\">\u00a1Revisor de Plagios X, el Mejor Detector!<\/h1>\r\n<p>El Revisor de Plagios X ha llegado al mercado con la intenci\u00f3n de ayudarte a detectar plagios en los documentos, proyectos de investigaci\u00f3n, blogs, ex\u00e1menes y p\u00e1ginas web. En s\u00f3lo unos segundos, se puede revisar f\u00e1cilmente la autenticidad de los contenidos con gran precisi\u00f3n y rapidez.<\/p>\r\n<a class=\"btn btn-large\" href=\"buy\">GET STARTED<\/a> \u00a0\r\n<p class=\"text-center\"><img src=\"https:\/\/cdn.plagiarismcheckerx.com\/images\/windows-10-logo.png\" alt=\"plagairism checker windows 10, 8, 7\" height=\"32px\" \/> <small>Compatible with Windows 10, 8, 7, and Vista.<\/small><\/p>\r\n<\/div>\r\n<div class=\"col-md-5\"><br \/><img src=\"https:\/\/cdn.plagiarismcheckerx.com\/images\/header-banner-blue.jpg\" alt=\"plagairism checker free\" height=\"395px\" \/><\/div>\r\n<\/div>\r\n<\/div>\r\n<\/section>\r\n<section id=\"standard-tabs-side\" class=\"border-top light-bg\">\r\n<div class=\"container inner-top-md inner-bottom-sm\">\r\n<div class=\"row\">\r\n<div class=\"col-xs-12\">\r\n<div class=\"tabs tabs-circle-top tab-container text-center\">\r\n<ul class=\"etabs\">\r\n<li class=\"tab\"><a href=\"#tab-1\">Estudiantes<\/a><\/li>\r\n<li class=\"tab\"><a href=\"#tab-2\">Profesores<\/a><\/li>\r\n<li class=\"tab\"><a href=\"#tab-3\">Writers &amp; Journalists<\/a><\/li>\r\n<li class=\"tab\"><a href=\"#tab-4\">Digital Marketers<\/a><\/li>\r\n<li class=\"tab\"><a href=\"#tab-5\">Premios<\/a><\/li>\r\n<\/ul>\r\n<div class=\"panel-container\">\r\n<div id=\"tab-1\" class=\"tab-content\">\r\n<div class=\"row\">\r\n<div class=\"col-md-4 col-md-offset-1\">\r\n<figure><img style=\"filter: grayscale(100);\" src=\"https:\/\/cdn.plagiarismcheckerx.com\/images\/students.jpg\" alt=\"Similarity Scanner for Students\" \/><\/figure>\r\n<\/div>\r\n<div class=\"col-md-5 text-left\">\r\n<h2>Estudiantes<\/h2>\r\n<p>El Revisor de Plagios X ayuda a los Estudiantes a revisar problemas de duplicados en sus ex\u00e1menes y trabajos. Ahora podr\u00e1n saber f\u00e1cilmente si existe plagio en sus documentos y encontrar la fuente original y las citas correctas y, como resultado, conseguir mejores notas. <br \/><a class=\"btn btn-green\" href=\"plagiarism-checker-for-students\">Know More!<\/a><\/p>\r\n<\/div>\r\n<\/div>\r\n<\/div>\r\n<div id=\"tab-2\" class=\"tab-content\">\r\n<div class=\"row\">\r\n<div class=\"col-md-4 col-md-offset-1\">\r\n<figure><img style=\"filter: grayscale(100);\" src=\"https:\/\/cdn.plagiarismcheckerx.com\/images\/teachers.jpg\" alt=\"Similarity Scanner for Teachers\" \/><\/figure>\r\n<\/div>\r\n<div class=\"col-md-5 text-left\">\r\n<h2>Profesores<\/h2>\r\n<p>Los profesores pueden utilizar el Revisor de Plagios X en diferentes dominios. Pueden revisar sus propios proyectos de investigaci\u00f3n, as\u00ed como, los ex\u00e1menes de sus estudiantes. Una mayor facilidad de inspecci\u00f3n, permite revisar lotes enteros de documentos con tan s\u00f3lo un click. Adem\u00e1s, tambi\u00e9n se pueden detectar plagios en documentos y contenido ya publicado. <br \/><a class=\"btn btn-green\" href=\"plagiarism-checker-for-teachers\">Know More!<\/a><\/p>\r\n<\/div>\r\n<\/div>\r\n<\/div>\r\n<div id=\"tab-3\" class=\"tab-content\">\r\n<div class=\"row\">\r\n<div class=\"col-md-4 col-md-offset-1\">\r\n<figure><img style=\"filter: grayscale(100);\" src=\"https:\/\/cdn.plagiarismcheckerx.com\/images\/publishers.jpg\" alt=\"Similarity Scanner for Publishers\" \/><\/figure>\r\n<\/div>\r\n<div class=\"col-md-5 text-left\">\r\n<h2>Writers &amp; Journalists<\/h2>\r\n<p>For online publishers such as writers &amp; journalists, unique content is very important. Your main challenge is producing or obtaining original content. Whether you\u2019re a blog owner or a professional content writer, Plagiarism Checker X can help you avoid potential contnet similarity. <br \/><a class=\"btn btn-green\" href=\"plagiarism-checker-for-publishers\">Know More!<\/a><\/p>\r\n<\/div>\r\n<\/div>\r\n<\/div>\r\n<div id=\"tab-4\" class=\"tab-content\">\r\n<div class=\"row\">\r\n<div class=\"col-md-10 text-center center-block\">\r\n<h2>Digital Marketers<\/h2>\r\n<p>Digital Marketers and SEO experts understand the value of original content. Pages never achieve a high rank in leading search engines, such as Google or Bing, unless their content is fresh, unique, and well written. Plagiarism Checker X helps you discover similarity rank of your written content before submitting to search engines. <br \/><\/p>\r\n<\/div>\r\n<\/div>\r\n<\/div>\r\n<div id=\"tab-5\" class=\"tab-content\">\r\n<div class=\"row\">\r\n<div class=\"col-md-4 col-md-offset-1\">\r\n<figure><img style=\"filter: grayscale(100);\" src=\"https:\/\/cdn.plagiarismcheckerx.com\/images\/awards.jpg\" alt=\"Similarity Detector for SEO Experts\" \/><\/figure>\r\n<\/div>\r\n<div class=\"col-md-5 text-left\">\r\n<h2>Premios y Certificados<\/h2>\r\n<p>El Revisor de Plagios X es un software reconocido y premiado. No nos gusta presumir pero s\u00ed compartir nuestros logros y reconocimientos a nivel mundial. Las opiniones positivas que hemos recibido de muchas organizaciones independientes o relacionadas con la industria y de las agencias de ensayos son un extra<\/p>\r\n<\/div>\r\n<\/div>\r\n<\/div>\r\n<\/div>\r\n<\/div>\r\n<\/div>\r\n<\/div>\r\n<\/div>\r\n<\/section>\r\n<section id=\"features\">\r\n<div class=\"container inner-sm\">\r\n<div class=\"row\">\r\n<div class=\"col-md-10 col-sm-9 center-block text-center\">\r\n<h2>Caracter\u00edsticas del Detector de Plagios<\/h2>\r\n<p>Los siguientes apartados indican las razones por las que deber\u00edas utilizar este producto. Tambi\u00e9n suponen caracter\u00edsticas competitivas que ofrecen una ventaja sobre otras posibles soluciones.<\/p>\r\n<\/div>\r\n<\/div>\r\n<div class=\"row text-center inner-top-xs inner-bottom-xs\">\r\n<div class=\"col-sm-4\">\r\n<h3>Mejora de la Compatibilidad<\/h3>\r\n<p class=\"text-small\">Este producto ha sido especialmente dise\u00f1ado para entender los formatos m\u00e1s populares como doc, docs, rtf, PDF y textos sencillos. Es m\u00e1s, se apoya en el Windows 10, 8, 7 y VISTA.<\/p>\r\n<\/div>\r\n<div class=\"col-sm-4\">\r\n<h3>7 Idiomas<\/h3>\r\n<p class=\"text-small\">No existir\u00e1n m\u00e1s barreras idiom\u00e1ticas para aquellos usuarios internacionales. El Revisor de Plagios X est\u00e1 ahora mismo disponible en 7 idiomas diferentes: ingl\u00e9s, espa\u00f1ol, franc\u00e9s, alem\u00e1n, italiano, holand\u00e9s y portugu\u00e9s<\/p>\r\n<\/div>\r\n<div class=\"col-sm-4\">\r\n<h3>M\u00e1s de 80+ Pa\u00edses<\/h3>\r\n<p class=\"text-small\">Los usuarios de m\u00e1s de 80 pa\u00edses han utilizado y disfrutado de los beneficios de nuestro producto. Ahora es tu turno para formar parte de esta comunidad en Estados Unidos, el Reino Unido, Canad\u00e1, la India, Alemania, Malasia y muchos otros.<\/p>\r\n<\/div>\r\n<\/div>\r\n<div class=\"row inner-top-xs\">\r\n<div class=\"col-sm-1 col-md-offset-1\">\r\n<div class=\"icon pull-right\">\u00a0<\/div>\r\n<\/div>\r\n<div class=\"col-sm-4 inner-bottom-sm\">\r\n<h3>Detecci\u00f3n de Plagios Online<\/h3>\r\n<p class=\"text-small\">El Revisor de Plagios X ayuda a los estudiantes, profesores e investigadores internacionales a revisar los casos de plagio en sus documentos de una manera r\u00e1pida y efectiva.<\/p>\r\n<\/div>\r\n<div class=\"col-sm-1\">\r\n<div class=\"icon pull-right\">\u00a0<\/div>\r\n<\/div>\r\n<div class=\"col-sm-4 inner-bottom-sm\">\r\n<h3>Comparaci\u00f3n Cara a Cara<\/h3>\r\n<p class=\"text-small\">Puedes comparar dos documentos cara a cara. Utilizando esta caracter\u00edstica los usuarios pueden revisar si los documentos tienen alguna similitud que los relacione entre s\u00ed.<\/p>\r\n<\/div>\r\n<\/div>\r\n<div class=\"row\">\r\n<div class=\"col-sm-1 col-md-offset-1\">\r\n<div class=\"icon pull-right\">\u00a0<\/div>\r\n<\/div>\r\n<div class=\"col-sm-4 inner-bottom-sm\">\r\n<h3>Bulk Search<\/h3>\r\n<p class=\"text-small\">Los profesores pueden revisar pilas o grupos de ex\u00e1menes. Esto les ahorrar\u00e1 una gran cantidad de tiempo y esfuerzo. Se puede escanear todo un lote de ex\u00e1menes de una sola vez.<\/p>\r\n<\/div>\r\n<div class=\"col-sm-1\">\r\n<div class=\"icon pull-right\">\u00a0<\/div>\r\n<\/div>\r\n<div class=\"col-sm-4 inner-bottom-sm\">\r\n<h3>Revisando Blogs\/P\u00e1ginas Web<\/h3>\r\n<p class=\"text-small\">Los escritores de contenido para p\u00e1ginas web, blogueros y editores pueden utilizar el mismo software para analizar la calidad del contenido de sus p\u00e1ginas webs o blogs.<\/p>\r\n<\/div>\r\n<\/div>\r\n<div class=\"row\">\r\n<div class=\"col-sm-1 col-md-offset-1\">\r\n<div class=\"icon pull-right\">\u00a0<\/div>\r\n<\/div>\r\n<div class=\"col-sm-4\">\r\n<h3>Analizador de Palabras Claves<\/h3>\r\n<p class=\"text-small\">Si eres un experto en palabras SEO o un escritor de contenido en p\u00e1ginas web, las palabras claves son un elemento importante en la gesti\u00f3n de tu negocio. Puedes extraerlas a tu escritorio con tan s\u00f3lo un click.<\/p>\r\n<\/div>\r\n<div class=\"col-sm-1\">\r\n<div class=\"icon pull-right\">\u00a0<\/div>\r\n<\/div>\r\n<div class=\"col-sm-4\">\r\n<h3>Informes Detallados<\/h3>\r\n<p class=\"text-small\">Informes detallados y completos en WORD\/PDF son el sello de nuestro software de revisi\u00f3n de plagios. Recibir\u00e1s informes con partes destacadas a color que indican el nivel de plagio. Utilizado por Instituciones L\u00edderes<\/p>\r\n<\/div>\r\n<\/div>\r\n<\/div>\r\n<\/section>\r\n<div class=\"light-bg\">\n\n<section id=\"clients\">\n<div class=\"container inner-sm\">\n\n<div class=\"row\">\n<div class=\"col-md-8 col-sm-9 center-block text-center\">\n<header>\n<h2>Utilizado por Instituciones L\u00edderes<\/h2>\n<p>Valoramos las experiencias de nuestros clientes. La velocidad, precisi\u00f3n y f\u00e1cil interfaz de usuario han conseguido clientes leales y satisfechos.<\/p>\n<\/header>\n<\/div>\n<\/div>\n\n<div class=\"row inner-top-xs\">\n<div class=\"col-sm-12\">\n<div id=\"owl-clients\" class=\"owl-carousel owl-outer-nav\">\n\n<div class=\"item\">\n<figure>\n<figcaption class=\"text-overlay\">\n<div class=\"info\">\n<h4>IEEE<\/h4>\n<\/div>\n<\/figcaption>\n<img class=\"SliceImages OrgImage1\">\n<\/figure>\n<\/div>\n\n<div class=\"item\">\n<figure>\n<figcaption class=\"text-overlay\">\n<div class=\"info\">\n<h4>American University of Science And Technology<\/h4>\n<\/div>\n<\/figcaption>\n<img class=\"SliceImages OrgImage2\">\n<\/figure>\n<\/div>\n\n<div class=\"item\">\n<figure>\n<figcaption class=\"text-overlay\">\n<div class=\"info\">\n<h4>Remington College<\/h4>\n<\/div>\n<\/figcaption>\n<img class=\"SliceImages OrgImage3\">\n<\/figure>\n<\/div>\n\n<div class=\"item\">\n<figure>\n<figcaption class=\"text-overlay\">\n<div class=\"info\">\n<h4>JM Field Marketing<\/h4>\n<\/div>\n<\/figcaption>\n<img class=\"SliceImages OrgImage4\">\n<\/figure>\n<\/div>\n\n<div class=\"item\">\n<figure>\n<figcaption class=\"text-overlay\">\n<div class=\"info\">\n<h4>University of Maribor<\/h4>\n<\/div>\n<\/figcaption>\n<img class=\"SliceImages OrgImage5\">\n<\/figure>\n<\/div>\n\n<div class=\"item\">\n<figure>\n<figcaption class=\"text-overlay\">\n<div class=\"info\">\n<h4>Great American Cookies<\/h4>\n<\/div>\n<\/figcaption>\n<img class=\"SliceImages OrgImage6\">\n<\/figure>\n<\/div>\n\n<div class=\"item\">\n<figure>\n<figcaption class=\"text-overlay\">\n<div class=\"info\">\n<h4>Ohio University<\/h4>\n<\/div>\n<\/figcaption>\n<img class=\"SliceImages OrgImage7\">\n<\/figure>\n<\/div>\n\n<div class=\"item\">\n<figure>\n<figcaption class=\"text-overlay\">\n<div class=\"info\">\n<h4>University Of Massachusetts Boston<\/h4>\n<\/div>\n<\/figcaption>\n<img class=\"SliceImages OrgImage8\">\n<\/figure>\n<\/div>\n\n<div class=\"item\">\n<figure>\n<figcaption class=\"text-overlay\">\n<div class=\"info\">\n<h4>Labournet Services India<\/h4>\n<\/div>\n<\/figcaption>\n<img class=\"SliceImages OrgImage9\">\n<\/figure>\n<\/div>\n\n<div class=\"item\">\n<figure>\n<figcaption class=\"text-overlay\">\n<div class=\"info\">\n<h4>King Saud University<\/h4>\n<\/div>\n<\/figcaption>\n<img class=\"SliceImages OrgImage10\">\n<\/figure>\n<\/div>\n\n<div class=\"item\">\n<figure>\n<figcaption class=\"text-overlay\">\n<div class=\"info\">\n<h4>Delta-State-University-Abraka<\/h4>\n<\/div>\n<\/figcaption>\n<img class=\"SliceImages OrgImage11\">\n<\/figure>\n<\/div>\n\n<div class=\"item\">\n<figure>\n<figcaption class=\"text-overlay\">\n<div class=\"info\">\n<h4>Trinity College<\/h4>\n<\/div>\n<\/figcaption>\n<img class=\"SliceImages OrgImage12\">\n<\/figure>\n<\/div>\n\n<\/div>\n<\/div>\n<\/div>\n\n<\/div>\n<\/section>\n\n<\/div>\r\n\n\n<section id=\"your-data-is-safe\">\n<div class=\"container inner-sm\">\n<div class=\"row\">\n<div class=\"col-md-10 col-sm-9 center-block text-center\">\n<header>\n<h2>Tus Datos est\u00e1n Seguros con este Dispositivo, No Necesitas Subirlos<\/h2>\n<p>\"Como usuario, no necesitas subir tus ex\u00e1menes y contenidos a tu base de datos, en vez de ello, los documentos se quedan donde est\u00e1n. Esta caracter\u00edstica hace que el Revisor de Plagios X sea bastante diferente al resto de proveedores de servicios en el mercado. As\u00ed que, \u00a1Apres\u00farate!, \u00a1Obt\u00e9n una reproducci\u00f3n aqu\u00ed!\".<\/p>\n<div class=\"row\">\n<div class=\"col-md-8 center-block text-center\">\n<figure><img src=\"https:\/\/cdn.plagiarismcheckerx.com\/images\/credit-cards-2.png\" alt=\"Credit Cards\"> <\/figure>\n<\/div><\/div>\n<\/header>\n<div>\n<a href=\"..\/download-thank-you\" class=\"btn btn-large\">DESCARGA GRATUITA<\/a> \n<a href=\"..\/buy\" class=\"btn btn-large\">COMPRAR PRO<\/a>\n<\/div>\n<\/div>\n<\/div>\n<\/div>\n<\/section>\n\n<\/main>","protected":false},"excerpt":{"rendered":"<p>\u00a1Revisor de Plagios X, el Mejor Detector! El Revisor de Plagios X ha llegado al mercado con la intenci\u00f3n de ayudarte a detectar plagios en los documentos, proyectos de investigaci\u00f3n, blogs, ex\u00e1menes y p\u00e1ginas web. En s\u00f3lo unos segundos, se puede revisar f\u00e1cilmente la autenticidad de los contenidos con gran precisi\u00f3n y rapidez. GET STARTED [&hellip;]<\/p>\n","protected":false},"author":3,"featured_media":0,"parent":0,"menu_order":0,"comment_status":"closed","ping_status":"closed","template":"home-tpl.php","meta":[],"_links":{"self":[{"href":"https:\/\/plagiarismcheckerx.com\/es\/wp-json\/wp\/v2\/pages\/30"}],"collection":[{"href":"https:\/\/plagiarismcheckerx.com\/es\/wp-json\/wp\/v2\/pages"}],"about":[{"href":"https:\/\/plagiarismcheckerx.com\/es\/wp-json\/wp\/v2\/types\/page"}],"author":[{"embeddable":true,"href":"https:\/\/plagiarismcheckerx.com\/es\/wp-json\/wp\/v2\/users\/3"}],"replies":[{"embeddable":true,"href":"https:\/\/plagiarismcheckerx.com\/es\/wp-json\/wp\/v2\/comments?post=30"}],"version-history":[{"count":28,"href":"https:\/\/plagiarismcheckerx.com\/es\/wp-json\/wp\/v2\/pages\/30\/revisions"}],"predecessor-version":[{"id":353,"href":"https:\/\/plagiarismcheckerx.com\/es\/wp-json\/wp\/v2\/pages\/30\/revisions\/353"}],"wp:attachment":[{"href":"https:\/\/plagiarismcheckerx.com\/es\/wp-json\/wp\/v2\/media?parent=30"}],"curies":[{"name":"wp","href":"https:\/\/api.w.org\/{rel}","templated":true}]}}