{"id":298,"date":"2020-11-28T15:57:59","date_gmt":"2020-11-28T15:57:59","guid":{"rendered":"https:\/\/plagiarismcheckerx.com\/wordpress\/es\/?page_id=298"},"modified":"2020-12-02T13:04:13","modified_gmt":"2020-12-02T13:04:13","slug":"faqs","status":"publish","type":"page","link":"https:\/\/plagiarismcheckerx.com\/es\/faqs","title":{"rendered":"Faqs"},"content":{"rendered":"\r\n<main>\r\n<section id=\"faqs\">\r\n<div class=\"container\">\r\n<div class=\"row\">\r\n<div class=\"col-md-9 inner-sm center-block\">\r\n<h1>Preguntas frecuentes<\/h1>\r\n<p>Encuentre las respuestas a las preguntas m\u00e1s frecuentes aqu\u00ed.<br \/><\/p>\r\n\r\n<h3>\u00bfQu\u00e9 es Plagiarism Checker X?<\/h3>\r\n<p>Plagiarism Checker X es una excelente herramienta de escaneo de contenido que ayuda a los usuarios a identificar el nivel de plagio que existe dentro de su contenido. Con velocidad y precisi\u00f3n triplicadas, esta aplicaci\u00f3n de escritorio ha beneficiado a sus clientes durante los \u00faltimos tres a\u00f1os.<br \/><br \/><\/p>\r\n<h3>\u00bfQu\u00e9 es la comprobaci\u00f3n de plagio online?<\/h3>\r\n<p>La comprobaci\u00f3n de plagio online es un servicio proporcionado por Plagiarism Checker X. A trav\u00e9s de esta herramienta, los usuarios pueden comparar la autenticidad de su contenido con 16 billones de p\u00e1ginas publicadas. Ayuda a estudiantes, escritores e investigadores a evitar cualquier violaci\u00f3n de los derechos de autor.<br \/><br \/><\/p>\r\n<h3>\u00bfQu\u00e9 es la comparaci\u00f3n en paralelo?<\/h3>\r\n<p>La comparaci\u00f3n en paralelo es otro servicio proporcionado por Plagiarism Checker X. Esta funcionalidad permite a los usuarios evaluar su contenido entre dos ventanas y localizar el contenido copiado sin esfuerzo.<br \/><br \/><\/p>\r\n<h3>\u00bfQu\u00e9 es la comparaci\u00f3n cruzada masiva?<\/h3>\r\n<p>La comparaci\u00f3n cruzada masiva es otro servicio \u00fanico proporcionado por Plagiarism Checker X. Los usuarios encontrar\u00e1n esta funcionalidad muy \u00fatil al analizar varios documentos para determinar la originalidad dentro de uno o m\u00faltiples repositorios.<br \/><br \/><\/p>\r\n<h3>\u00bfGuarda mis documentos\/trabajos?<\/h3>\r\n<p>No, absolutamente no. Plagiarism Checker X es muy diferente de otros detectores de plagio online que requieren que cargue sus trabajos en sus servidores. En esta aplicaci\u00f3n de escritorio, simplemente copia y pega su contenido para que analice la autenticidad del mismo en &#8220;16 billones de p\u00e1ginas publicadas&#8221;. Por lo tanto, el documento s\u00f3lo se utiliza para el escaneo mientras permanece almacenado en su ordenador personal. Plagiarism Checker X garantiza estrictamente la seguridad de sus datos y garantiza la privacidad adecuada. Seguimos estrictamente nuestro principio de nunca copiar, almacenar o vender el contenido de ning\u00fan cliente.<br \/><br \/><\/p>\r\n<h3>\u00bfTambi\u00e9n busca gram\u00e1tica?<\/h3>\r\n<p>En este momento, nuestros servicios se centran exclusivamente en el escaneo de calidad del contenido s\u00f3lo para el plagio. Plagiarism Checker X le ayuda a escribir y enviar art\u00edculos originales, trabajos, art\u00edculos de investigaci\u00f3n.<br \/><br \/><\/p>\r\n<h3>\u00bfEs GRATIS usar Plagiarism Checker X?<\/h3>\r\n<p>S\u00ed, puede descargar el producto y utilizar su versi\u00f3n b\u00e1sica GRATIS. Sin embargo, para disfrutar de todas las caracter\u00edsticas y beneficios pr\u00e9mium, le recomendamos que actualice a la edici\u00f3n pr\u00e9mium (PRO).<br \/><br \/><\/p>\r\n<h3>\u00bfCu\u00e1ntas veces puedo comprobar el plagio en el documento?<\/h3>\r\n<p>No hay absolutamente ning\u00fan l\u00edmite en el uso de la &#8220;versi\u00f3n de pago&#8221; de Plagiarism Checker X. Sin embargo, la versi\u00f3n gratuita puede tener algunas limitaciones y no proporciona todas las caracter\u00edsticas del producto. Para obtener m\u00e1s informaci\u00f3n, puede consultar nuestros planes de suscripci\u00f3n.<br \/><br \/><\/p>\r\n<h3>\u00bfPlagiarism Checker X puede analizar documentos grandes o m\u00faltiples documentos?<\/h3>\r\n<p>S\u00ed, absolutamente. A diferencia de otros verificadores de plagio disponibles, Plagiarism Checker X no establece ning\u00fan &#8220;l\u00edmite&#8221; de documentos o cantidad de palabras. Ya sea una simple comprobaci\u00f3n online o un trabajo masivo, puede comprobar una gran cantidad de palabras o p\u00e1ginas de una sola vez. Sin embargo, si carga una gran cantidad de p\u00e1ginas, el software puede tardar m\u00e1s tiempo en procesarse (l\u00f3gicamente). Por lo tanto, le recomendamos que compruebe trabajos grandes por secciones o piezas.<br \/><br \/><\/p>\r\n<h3>\u00bfQu\u00e9 formatos de archivo son compatibles con Plagiarism Checker X?<\/h3>\r\n<p>Plagiarism Checker X es una herramienta muy completa ya que es compatible con una amplia gama de formatos de archivo. Puede cargar todos los archivos &#8220;de texto&#8221;, incluidos documentos Word y PDF, as\u00ed como muchos otros formatos.<br \/><br \/><\/p>\r\n<h3>\u00bfEst\u00e1 disponible Plagiarism Checker X en cualquier otro idioma?<\/h3>\r\n<p>S\u00ed, actualmente Plagiarism Checker X est\u00e1 disponible con soporte completo en ingl\u00e9s, espa\u00f1ol, franc\u00e9s, alem\u00e1n, italiano, holand\u00e9s y portugu\u00e9s. Adem\u00e1s, la disponibilidad y el soporte para m\u00e1s idiomas llegar\u00e1n en breve.<br \/><br \/><\/p>\r\n<h3>\u00bfC\u00f3mo cambio el idioma, del ingl\u00e9s a cualquier otro idioma, en Plagiarism Checker X ?<\/h3>\r\n<p>Simplemente haga clic en la opci\u00f3n de idioma (ubicada en la esquina superior derecha de la pantalla del software) y elija en qu\u00e9 idioma desea trabajar. Actualmente Plagiarism Checker X est\u00e1 disponible con soporte completo en ingl\u00e9s, espa\u00f1ol, franc\u00e9s, alem\u00e1n, italiano, holand\u00e9s y portugu\u00e9s.<br \/><br \/><\/p>\r\n<h3>\u00bfQu\u00e9 destacan los diversos colores en Plagiarism Checker X?<\/h3>\r\n<p>Plagiarism Checker X utiliza tres colores para resaltar los distintos niveles de plagio detectados. El color azul representa un bajo nivel de plagio, que oscila entre el 0 y el 19%. El color verde representa un nivel medio de plagio, que oscila entre el 20 y el 39%. Por su parte, el color rojo representa un alto nivel de plagio, a partir del 40%.<br \/><br \/><\/p>\r\n<h3>\u00bfCu\u00e1l es el l\u00edmite de coincidencia de palabras en Plagiarism Checker X? y \u00bfse puede ajustar?<\/h3>\r\n<p>El l\u00edmite de coincidencia de palabras predeterminado en Plagiarism Checker X es tres palabras consecutivas. S\u00ed, esto se puede ajustar seg\u00fan sus preferencias personales desde la pesta\u00f1a de opciones.<br \/><br \/><\/p>\r\n<h3>\u00bfC\u00f3mo puedo comprar\/suscribirme a la edici\u00f3n Pr\u00e9mium de Plagiarism Checker X?<\/h3>\r\n<p>En nuestro sitio web, dir\u00edjase a la p\u00e1gina de informaci\u00f3n general sobre precios u opciones de compra. Aqu\u00ed elija el plan que mejor se adapte a sus necesidades; es decir, plan individual o planes corporativos. Esto le llevar\u00e1 a una p\u00e1gina de pago seguro donde a\u00f1adir\u00e1 informaci\u00f3n de facturaci\u00f3n, elegir\u00e1 opciones de pago y proceder\u00e1 a comprar\/suscribirse a nuestros productos\/servicios. Ofrecemos m\u00e1s de 15 m\u00e9todos de pago, incluyendo PayPal, Visa, MasterCard, Eurocard y American Express.<br \/><br \/><\/p>\r\n<h3>\u00bfEstar\u00e1 a salvo la informaci\u00f3n de mi tarjeta de cr\u00e9dito?<\/h3>\r\n<p>Absolutamente s\u00ed. Plagiarism Checker X utiliza los mejores servicios de cifrado y gesti\u00f3n de pagos disponibles para todas las suscripciones de los clientes. Alternativamente, tambi\u00e9n puede utilizar PayPal.<br \/><br \/><\/p>\r\n<h3>No tengo una tarjeta de cr\u00e9dito ni cuenta PayPal, entonces \u00bfc\u00f3mo puedo comprar\/suscribirme a Plagiarism Checker X?<\/h3>\r\n<p>No se preocupe. Puede comprar\/suscribirse a Plagiarism Checker X mediante transferencia bancaria (transacci\u00f3n bancaria local) o pago por Fax. Los detalles de ambas opciones de pago se proporcionan al realizar el pedido.<br \/><br \/><\/p>\r\n<h3>He hecho un pedido de Plagiarism Checker X. \u00bfCu\u00e1ndo recibir\u00e9 mi producto?<\/h3>\r\n<p>Inmediatamente. Tan pronto como realice su pedido, se env\u00eda un email desde Plagiarism Checker X, LLC admitiendo la recepci\u00f3n del pago, junto con el enlace para la descarga y la clave del producto.<br \/><br \/><\/p>\r\n<h3>Todav\u00eda no he recibido ning\u00fan email de Plagiarism Checker X con respecto a mi pedido, \u00bfqu\u00e9 hago?<\/h3>\r\n<p>Refresque su email o compruebe su carpeta de spam. Si sigue sin recibir ning\u00fan email con respecto a su pedido, p\u00f3ngase en contacto con nuestro personal de soporte.<br \/><br \/><\/p>\r\n<h3>\u00bfOfrece Plagiarism Checker X algo especial para fines no lucrativos?<\/h3>\r\n<p>\u00a1Claro que s\u00ed! Ofrecemos un 20% de descuento fijo para fines no lucrativos. Simplemente cont\u00e1ctenos con una prueba de su estado no lucrativo.<br \/><br \/><\/p>\r\n<h3>\u00bfPlagiarism Checker X ofrece descuentos al por mayor?<\/h3>\r\n<p>S\u00ed, claro que lo hacemos. Si est\u00e1 pensando hacer una compra de 20 licencias o m\u00e1s, por favor p\u00f3ngase en contacto con nuestro equipo de soporte en <a href=\"https:\/\/plagiarismcheckerx.com\/contact\">https:\/\/plagiarismcheckerx.com\/contact<\/a><br \/><br \/><\/p>\r\n\r\n<\/div>\r\n<\/div>\r\n<\/div>\r\n<\/section>\r\n<\/main>\r\n","protected":false},"excerpt":{"rendered":"<p>Preguntas frecuentes Encuentre las respuestas a las preguntas m\u00e1s frecuentes aqu\u00ed. \u00bfQu\u00e9 es Plagiarism Checker X? Plagiarism Checker X es una excelente herramienta de escaneo de contenido que ayuda a los usuarios a identificar el nivel de plagio que existe dentro de su contenido. Con velocidad y precisi\u00f3n triplicadas, esta aplicaci\u00f3n de escritorio ha beneficiado [&hellip;]<\/p>\n","protected":false},"author":1,"featured_media":0,"parent":0,"menu_order":0,"comment_status":"closed","ping_status":"closed","template":"","meta":[],"_links":{"self":[{"href":"https:\/\/plagiarismcheckerx.com\/es\/wp-json\/wp\/v2\/pages\/298"}],"collection":[{"href":"https:\/\/plagiarismcheckerx.com\/es\/wp-json\/wp\/v2\/pages"}],"about":[{"href":"https:\/\/plagiarismcheckerx.com\/es\/wp-json\/wp\/v2\/types\/page"}],"author":[{"embeddable":true,"href":"https:\/\/plagiarismcheckerx.com\/es\/wp-json\/wp\/v2\/users\/1"}],"replies":[{"embeddable":true,"href":"https:\/\/plagiarismcheckerx.com\/es\/wp-json\/wp\/v2\/comments?post=298"}],"version-history":[{"count":4,"href":"https:\/\/plagiarismcheckerx.com\/es\/wp-json\/wp\/v2\/pages\/298\/revisions"}],"predecessor-version":[{"id":334,"href":"https:\/\/plagiarismcheckerx.com\/es\/wp-json\/wp\/v2\/pages\/298\/revisions\/334"}],"wp:attachment":[{"href":"https:\/\/plagiarismcheckerx.com\/es\/wp-json\/wp\/v2\/media?parent=298"}],"curies":[{"name":"wp","href":"https:\/\/api.w.org\/{rel}","templated":true}]}}