{"id":115,"date":"2020-11-26T08:41:22","date_gmt":"2020-11-26T08:41:22","guid":{"rendered":"https:\/\/plagiarismcheckerx.com\/wordpress\/es\/?page_id=115"},"modified":"2020-12-01T19:22:51","modified_gmt":"2020-12-01T19:22:51","slug":"buy","status":"publish","type":"page","link":"https:\/\/plagiarismcheckerx.com\/es\/buy","title":{"rendered":"Buy"},"content":{"rendered":"\n\n<section id=\"buy\">\n<div class=\"container\">\n<div class=\"row\">\n<div class=\"col-md-11 inner-sm center-block text-center\">\n<header>\n<h1>Precios simples, sin sorpresas<\/h1>\n<\/header>\n<p>Puede descargar la edici\u00f3n limitada de Plagiarism Checker X absolutamente GRATIS, utilizando el siguiente enlace. Adem\u00e1s, tambi\u00e9n puede comprar la edici\u00f3n profesional de Plagiarism Checker &#8211; licencia para mayor precisi\u00f3n, mejor velocidad y funcionalidades m\u00e1s avanzadas, a muy bajo coste y pago \u00fanico.<\/p>\n<\/div>\n<\/div>\n<\/div>\n<\/section>\n\n<section id=\"packages\">\n<div class=\"container inner-xs\">\n<div class=\"row\">\n<div class=\"col-md-10 center-block\">\n<div class=\"columns pricing_border flexibleWidthFreePro\">\n<h4>B\u00e1sico<\/h4>\n<div class=\"row paddingNone\" style=\"margin:0px\">\n<div class=\"columns text_align_center free_Line_height\">\n<span class=\"pricing_font\">Gratis<\/span>\n<\/div>\n<div class=\"columns align_Button\">\n<a href=\"download-thank-you\"><div style=\"text-align: center\" class=\"pricing_button panel btn_blue radius callout pricing_button_padding\"> Download <\/div><\/a>\n<\/div>\n<\/div>\n<div class=\"row paddingNone\" style=\"margin:0px\">\n<div class=\"twelve columns\">\n<ul class=\"priceList_ul\">\n<li class=\"users priceList_li\">30 b\u00fasquedas diarias<\/li>\n<li class=\"storage priceList_li\">Palabras limitadas<\/li>\n<li class=\"groups priceList_li\">Gratis para siempre<\/li>\n<\/ul>\n<\/div>\n<\/div>\n<\/div>\n<div class=\"pricingMarginBetween\"><\/div>\n<div class=\"columns pricing_border flexibleWidthFreePro\">\n<h4>Professional<\/h4>\n<div class=\"row paddingNone\" style=\"margin:0px\">\n<div class=\"columns text_align_center padding_price_text\">\n<span class=\"pricing_font\"><sup>$<\/sup>39<\/span><span class=\"pricing_body_font\">.95<\/span><\/div>\n<div class=\"columns align_Button\">\n<a href=\"..\/buy\">\n<div style=\"text-align: center\" class=\"pricing_button panel btn_blue radius callout pricing_button_padding\"> Buy Now <\/div>\n<\/a>\n<\/div>\n<\/div>\n<div class=\"row paddingNone\" style=\"margin:0px\">\n<div class=\"twelve columns\">\n<ul class=\"priceList_ul\">\n<li class=\"groups priceList_li\">1 licencia de usuario<\/li>\n<li class=\"users priceList_li\">Palabras ilimitadas<\/li>\n<li class=\"training priceList_li\">Licencia de por vida<\/li>\n<li class=\"admin priceList_li\">Atenci\u00f3n al cliente 24\/7<\/li>\n<li class=\"storage priceList_li\">Plan de mantenimiento de 1 a\u00f1o incluido<\/li>\n<\/ul>\n<\/div>\n<\/div>\n<\/div>\n<div class=\"pricingMarginBetween\"><\/div>\n<div class=\"columns pricing_border flexibleWidthContactUs\">\n<h4>Empresa<\/h4>\n<div class=\"row paddingNone\" style=\"margin:0px\">\n<div class=\"columns paddingNone text_align_center\" style=\"margin-bottom: 4px\">\n<span class=\"pricing_font\"><sup>$<\/sup>147<\/span><span class=\"pricing_body_font\">.95<\/span>\n<\/div>\n\n<div class=\"columns align_Button\">\n<a href=\"..\/buy\">\n<div style=\"text-align: center\" class=\"pricing_button panel btn_blue radius callout pricing_button_padding\"> Buy Now <\/div>\n<\/a>\n<\/div>\n<\/div>\n<div class=\"row paddingNone\" style=\"margin:0px\">\n<div class=\"columns floatNone\">\n<ul class=\"blueColor priceList_ul\">\n<li class=\"groups priceList_li\">5 licencias de usuario<\/li>\n<li class=\"admin priceList_li\">Soporte extendido<\/li>\n&nbsp; TODAS las caracter\u00edsticas Pro incluidas*.\n<\/ul>\n<\/div>\n<\/div>\n<\/div>\n<\/div>\n<\/div>\n<\/div>\n<\/section>\n\n\n\n    <section id=\"faq\" class=\"light-bg\">\n      <div class=\"container inner-sm\">\n\n        <div class=\"row\">\n          <div class=\"col-md-8 col-sm-9 center-block text-center\">\n            <header>\n              <h1>\u00bfPreguntas generales?<\/h1>\n              <p>Estas son algunas preguntas frecuentes relacionadas con las ventas. Si necesita saber algo m\u00e1s, no dude en ponerse en contacto con nosotros.<\/p>\n            <\/header>\n          <\/div>\n        <\/div>\n\n        <div class=\"row\">\n          <div class=\"col-sm-6 inner-right-sm inner-top-sm\">\n            <h3>\u00bfCu\u00e1l es el tiempo de entrega del producto?<\/h3>\n            <p>Inmediato. Una vez que realice el pedido, recibir\u00e1 una entrega instant\u00e1nea del software por correo electr\u00f3nico, incluyendo la clave de la licencia y el recibo de pago.<\/p>\n            <h3>\u00bfCon qu\u00e9 frecuencia tendr\u00e9 que pagar?<\/h3>\n            <p>Como nuestra licencia de producto es perpetua, podr\u00e1 utilizar el software con licencia indefinidamente, sin pagar ninguna tarifa adicional.<\/p>\n\n          <\/div>\n\n          <div class=\"col-sm-6 inner-left-sm inner-top-sm\">\n            <h3>\u00bfQu\u00e9 m\u00e9todos de pago ofrecen?<\/h3>\n            <p>Aceptamos todas las principales tarjetas de cr\u00e9dito, PayPal y (en pa\u00edses seleccionados) domiciliaci\u00f3n bancaria. Tambi\u00e9n apoyamos transacciones en una amplia gama de divisas.<\/p>\n\n            <h3>No tengo tarjeta electr\u00f3nica, \u00bfqu\u00e9 puedo hacer?<\/h3>\n            <p>No hay problema, puede pagar a trav\u00e9s de cualquiera de sus bancos locales. Todo lo que necesita hacer es seleccionar la opci\u00f3n 'Wire Transfer' (de transferencia bancaria) durante el proceso de pedido.<\/p>\n          <\/div>\n\n        <\/div>\n      <\/div>\n    <\/section>\n\n\n    \n\n<section id=\"testimonials\" class=\"light-bg img-bg-softer\" style=\"background-image: url(assets\/images\/testimonials-backgrond.jpg);\">\n<div class=\"container inner-xs\">\n\n<div class=\"row\">\n<div class=\"col-md-8 col-sm-8 center-block text-center\">\n<header>\n<h2>Qu\u00e9 clientes est\u00e1n diciendo sobre nosotros<\/h2>\n<\/header>\n<\/div>\n<\/div>\n\n<div class=\"row\">\n<div class=\"col-md-11 col-sm-12 center-block text-center\">\n<div id=\"owl-testimonials\" class=\"owl-carousel owl-outer-nav owl-ui-md\">\n\n<div class=\"item\">\n<blockquote>\n<p>\"Plagiarism Checker X helps me a lot to reduce the time to verify the information to avoid the classic 'cut and paste' for the preparation of your documents, it is a program that has a great future for the help it is for us.\"<\/p>\n<footer>\n<cite>C.U Louis (Law School. C.U. Luis Donaldo Colosio Murrieta)<\/cite>\n<\/footer>\n<\/blockquote>\n<\/div>\n\n<div class=\"item\">\n<blockquote>\n<p>\"Frankly, we purchased it last year after I tried the free trial, and loved the features that it gave. We were looking for a software that can determine plagiarism from the web and among reports between students, and this software gave us both options.\"<\/p>\n<footer>\n<cite>Mouayyad Al-Azem (Research Assistant at American University of Science and Technology (AUST))<\/cite>\n<\/footer>\n<\/blockquote>\n<\/div>\n\n<div class=\"item\">\n<blockquote>\n<p>\"Plagiarism Checker X has excellent features, and it is appropriate for Students, Academicians, Scholars.\"<\/p>\n<footer>\n<cite>Dr. RAM SAHU (Associate Professor at Columbia Institute of Pharmacy.)<\/cite>\n<\/footer>\n<\/blockquote>\n<\/div>\n\n<div class=\"item\">\n<blockquote>\n<p>\"We had difficulty to check the level of similarity of scientific documents or articles that we had. This application is able to check documents that are quite long quickly, also display the results accurately with the sources listed on.\"<\/p>\n<footer>\n<cite>Prof. Arif Rahman (Head of Academic Affair at Malikussaleh University)<\/cite>\n<\/footer>\n<\/blockquote>\n<\/div>\n\n<\/div>\n<\/div>\n<\/div>\n\n<\/div>\n<\/section>\n\n    \n    \n\n    <section id=\"reviews\">\n<div class=\"container inner-sm\">\n<div class=\"row\">\n<div class=\"col-md-8 col-sm-10 center-block text-center\">\n<header>\n<h2>Editor Reviews by Top Publishers<\/h2>\n<p>What Editors of leading software publishing houses are saying about our product.<\/p>\n<\/header>\n<\/div>\n<\/div>\n\n<div class=\"row inner-top-sm text-center\">\n<div class=\"col-sm-4 inner-left inner-right\">\n<figure class=\"member\">\n<div class=\"icon-overlay icn-link\">\n<a href=\"http:\/\/plagiarism-checker-x.findmysoft.com\/\" target=\"_blank\"><img src=\"https:\/\/cdn.plagiarismcheckerx.com\/images\/editors\/frederick-barton.jpg\" loading=\"lazy\" class=\"img-circle\"><\/a>\n<\/div><!-- \/.icon-overlay -->\n<figcaption>\n<h3>Frederick Barton<span>Editor at findmysoft.com<\/span><\/h3>\n<blockquote>PlagiarismCheckerX provides useful statistics, like the total number of matches, duplicate percentage and it highlights the matches themselves.<\/blockquote>\n<\/figcaption>\n<\/figure>\n<\/div>\n<div class=\"col-sm-4 inner-left inner-right\">\n<figure class=\"member\">\n<div class=\"icon-overlay icn-link\">\n<a href=\"http:\/\/plagiarism-checker-x.software.informer.com\/\" target=\"_blank\"><img src=\"https:\/\/cdn.plagiarismcheckerx.com\/images\/editors\/francisco-martinez.jpg\" loading=\"lazy\" class=\"img-circle\"><\/a>\n<\/div><!-- \/.icon-overlay -->\n<figcaption>\n<h3>Francisco Mart\u00ednez<span>Editor at Informer.com<\/span><\/h3>\n<blockquote>Excellent two-panel interface for a clearer text comparison. Clearly highlighted matched occurrences<\/blockquote>\n<\/figcaption>\n<\/figure>\n<\/div>\n<div class=\"col-sm-4 inner-left inner-right\">\n<figure class=\"member\">\n<div class=\"icon-overlay icn-link\">\n<a href=\"http:\/\/www.softpedia.com\/get\/Office-tools\/Other-Office-Tools\/Plagiarism-Checker-X.shtml\" target=\"_blank\"><img src=\"https:\/\/cdn.plagiarismcheckerx.com\/images\/editors\/cristina-jitaru.jpg\" loading=\"lazy\" class=\"img-circle\"><\/a>\n<\/div><!-- \/.icon-overlay -->\n<figcaption>\n<h3>Cristina Jitaru<span>Editor at softpedia.com<\/span><\/h3>\n<blockquote>Plagiarism Checker X proves to be an effective solution when it comes to checking and identifying identical content inside multiple documents.<\/blockquote>\n<\/figcaption>\n<\/figure>\n<\/div>\n\n<\/div>\n<\/div>\n<\/section>\n    \n    \n<div class=\"light-bg\">\n    <section id=\"what-are-you-waiting-for\">\n    <div class=\"container inner-sm\">\n    <div class=\"row\">\n    <div class=\"col-md-10 col-sm-9 center-block text-center\">\n    <header>\n    <h2>Entonces, \u00bfa qu\u00e9 espera?<\/h2>\n    <\/header>\n    <p>En resumen, esta herramienta f\u00e1cil de usar puede ayudarle a evitar las complejidades de las herramientas de comprobaci\u00f3n de plagio online y las sanciones acad\u00e9micas. Hay universidades donde los estudiantes tienen que asumir sanciones extremas como las probatorias acad\u00e9micas, multas e incluso la expulsi\u00f3n. Si un trabajo acad\u00e9mico viola los derechos de autor, puede dar lugar a demandas y procedimientos penales. Por lo tanto, conseguir un detector de plagio razonable es muy importante.<\/p>\n    <div class=\"row\">\n    <div class=\"col-md-8 center-block text-center\">\n    <figure><img src=\"https:\/\/cdn.plagiarismcheckerx.com\/images\/credit-cards-2.png\" loading=\"lazy\" alt=\"Credit Cards\"> <\/figure>\n    <\/div><\/div>\n    <div>\n    <a href=\"..\/download-thank-you\" class=\"btn btn-large btn-gray\">DESCARGA GRATUITA<\/a>&nbsp;\n    <a href=\"..\/buy\" class=\"btn btn-large\">COMPRAR PRO<\/a>\n    <\/div>\n    <\/div>\n    <\/div>\n    <\/div>\n    <\/section>\n\n\n    <\/div>\n","protected":false},"excerpt":{"rendered":"<p>Precios simples, sin sorpresas Puede descargar la edici\u00f3n limitada de Plagiarism Checker X absolutamente GRATIS, utilizando el siguiente enlace. Adem\u00e1s, tambi\u00e9n puede comprar la edici\u00f3n profesional de Plagiarism Checker &#8211; licencia para mayor precisi\u00f3n, mejor velocidad y funcionalidades m\u00e1s avanzadas, a muy bajo coste y pago \u00fanico. B\u00e1sico Gratis Download 30 b\u00fasquedas diarias Palabras limitadas [&hellip;]<\/p>\n","protected":false},"author":1,"featured_media":0,"parent":0,"menu_order":0,"comment_status":"closed","ping_status":"closed","template":"","meta":[],"_links":{"self":[{"href":"https:\/\/plagiarismcheckerx.com\/es\/wp-json\/wp\/v2\/pages\/115"}],"collection":[{"href":"https:\/\/plagiarismcheckerx.com\/es\/wp-json\/wp\/v2\/pages"}],"about":[{"href":"https:\/\/plagiarismcheckerx.com\/es\/wp-json\/wp\/v2\/types\/page"}],"author":[{"embeddable":true,"href":"https:\/\/plagiarismcheckerx.com\/es\/wp-json\/wp\/v2\/users\/1"}],"replies":[{"embeddable":true,"href":"https:\/\/plagiarismcheckerx.com\/es\/wp-json\/wp\/v2\/comments?post=115"}],"version-history":[{"count":20,"href":"https:\/\/plagiarismcheckerx.com\/es\/wp-json\/wp\/v2\/pages\/115\/revisions"}],"predecessor-version":[{"id":308,"href":"https:\/\/plagiarismcheckerx.com\/es\/wp-json\/wp\/v2\/pages\/115\/revisions\/308"}],"wp:attachment":[{"href":"https:\/\/plagiarismcheckerx.com\/es\/wp-json\/wp\/v2\/media?parent=115"}],"curies":[{"name":"wp","href":"https:\/\/api.w.org\/{rel}","templated":true}]}}