{"id":85,"date":"2020-11-25T11:16:23","date_gmt":"2020-11-25T11:16:23","guid":{"rendered":"https:\/\/plagiarismcheckerx.com\/wordpress\/es\/?page_id=85"},"modified":"2021-02-10T06:34:55","modified_gmt":"2021-02-10T06:34:55","slug":"presskit","status":"publish","type":"page","link":"https:\/\/plagiarismcheckerx.com\/de\/presskit","title":{"rendered":"Presskit"},"content":{"rendered":"\r\n\r\n\r\n<section id=\"press-media-kits\">\r\n\r\n<div class=\"container inner-top-sm\">\r\n\r\n<div class=\"row\">\r\n\r\n<div class=\"col-md-10 center-block text-center\">\r\n\r\n<header>\r\n\r\n<h1>Pressemappe &amp; Medienressourcen<\/h1>\r\n\r\n<\/header>\r\n\r\n<p>Unten k\u00f6nnen Sie Logos f\u00fcr Plagiarism Checker X herunterladen, nutzbar f\u00fcr Presse\/Medien-Seiten, Magazine oder Blogs. Sie k\u00f6nnen die Logos in verschiedenen Gr\u00f6\u00dfen und Formaten herunterladen. Wenn Sie Screenshots oder Logos in anderen Formaten oder Gr\u00f6\u00dfen ben\u00f6tigen, kontaktieren Sie uns und wir werden Sie Ihnen in k\u00fcrzester Zeit zusenden.<\/p>\r\n\r\n<\/div>\r\n\r\n<\/div>\r\n\r\n<\/div>\r\n\r\n<div class=\"container inner-top-xs\">\r\n<div class=\"row\">\r\n<div class=\"col-md-7 center-block\">\r\n<table class=\"table center-block text-center\">\r\n<tbody>\r\n<tr>\r\n<td><br \/><img loading=\"lazy\" src=\"https:\/\/plagiarismcheckerx.com\/assets\/images\/press\/banner-1.jpg\" alt=\"\" width=\"166\" height=\"500\" \/>\r\n<p>Banner <i>(200x600px)<\/i><br \/><a href=\"https:\/\/plagiarismcheckerx.com\/assets\/images\/press\/banner-1.jpg\">JPG Download<\/a> <br \/><br \/><\/p>\r\n<\/td>\r\n<td><br \/><img loading=\"lazy\" src=\"https:\/\/plagiarismcheckerx.com\/assets\/images\/press\/banner-2.jpg\" alt=\"\" width=\"166\" height=\"500\" \/>\r\n<p>Banner <i>(200x600px)<\/i><br \/><a href=\"https:\/\/plagiarismcheckerx.com\/assets\/images\/press\/banner-2.jpg\">JPG Download<\/a> <br \/><br \/><\/p>\r\n<\/td>\r\n<\/tr>\r\n<tr>\r\n<td><br \/><img loading=\"lazy\" src=\"https:\/\/plagiarismcheckerx.com\/assets\/images\/press\/logo-blue-black-500x180.png\" alt=\"\" width=\"356\" height=\"128\" \/>\r\n<p>Logo + Black Wordmark <i>(500x180px)<\/i><br \/><a href=\"https:\/\/plagiarismcheckerx.com\/assets\/images\/press\/logo-blue-black-500x180.png\">PNG<\/a> | <a href=\"https:\/\/plagiarismcheckerx.com\/assets\/images\/press\/logo-blue-black-500x180.jpg\">JPG<\/a><\/p>\r\n<\/td>\r\n<td><br \/><img loading=\"lazy\" src=\"https:\/\/plagiarismcheckerx.com\/assets\/images\/press\/logo-blue-white-500x180.png\" alt=\"\" width=\"356\" height=\"128\" \/>\r\n<p>Logo + White Wordmark <i>(500x180px)<\/i><br \/><a href=\"https:\/\/plagiarismcheckerx.com\/assets\/images\/press\/logo-blue-white-500x180.png\">PNG<\/a> | <a href=\"https:\/\/plagiarismcheckerx.com\/assets\/images\/press\/logo-blue-white-500x180.jpg\">JPG<\/a><\/p>\r\n<\/td>\r\n<\/tr>\r\n<tr>\r\n<td><br \/><img loading=\"lazy\" src=\"https:\/\/plagiarismcheckerx.com\/assets\/images\/press\/logo-blue-256.png\" alt=\"\" width=\"128\" height=\"128\" \/>\r\n<p>Logo <i>(256x256px)<\/i><br \/><a href=\"https:\/\/plagiarismcheckerx.com\/assets\/images\/press\/logo-blue-256.png\">PNG<\/a> | <a href=\"https:\/\/plagiarismcheckerx.com\/assets\/images\/press\/logo-blue-256.jpg\">JPG<\/a> <br \/><br \/><\/p>\r\n<\/td>\r\n<td><br \/><br \/><br \/><img loading=\"lazy\" src=\"https:\/\/plagiarismcheckerx.com\/assets\/images\/press\/logo-blue-128.png\" alt=\"\" width=\"64\" height=\"64\" \/>\r\n<p>Logo <i>(128x128px)<\/i><br \/><a href=\"https:\/\/plagiarismcheckerx.com\/assets\/images\/press\/logo-blue-128.png\">PNG<\/a> | <a href=\"https:\/\/plagiarismcheckerx.com\/assets\/images\/press\/logo-blue-128.jpg\">JPG<\/a> <br \/><br \/><\/p>\r\n<\/td>\r\n<\/tr>\r\n<tr>\r\n<td><br \/><img loading=\"lazy\" src=\"https:\/\/plagiarismcheckerx.com\/assets\/images\/press\/logo-black-500x180.png\" alt=\"\" width=\"356\" height=\"128\" \/>\r\n<p>Logo + Black Wordmark <i>(500x180px)<\/i><br \/><a href=\"https:\/\/plagiarismcheckerx.com\/assets\/images\/press\/logo-black-500x180.eps\">EPS<\/a> | <a href=\"https:\/\/plagiarismcheckerx.com\/assets\/images\/press\/logo-black-500x180.png\">PNG<\/a>| <a href=\"https:\/\/plagiarismcheckerx.com\/assets\/images\/press\/logo-black-500x180.jpg\">JPG<\/a><\/p>\r\n<\/td>\r\n<td><br \/><img loading=\"lazy\" src=\"https:\/\/plagiarismcheckerx.com\/assets\/images\/press\/logo-white-500x180.png\" alt=\"\" width=\"356\" height=\"128\" \/>\r\n<p>Logo + White Wordmark <i>(500x180px)<\/i><br \/><a href=\"https:\/\/plagiarismcheckerx.com\/assets\/images\/press\/logo-white-500x180.eps\">EPS<\/a> | <a href=\"https:\/\/plagiarismcheckerx.com\/assets\/images\/press\/logo-white-500x180.png\">PNG<\/a>| <a href=\"https:\/\/plagiarismcheckerx.com\/assets\/images\/press\/logo-white-500x180.jpg\">JPG<\/a><\/p>\r\n<\/td>\r\n<\/tr>\r\n<tr>\r\n<td><br \/><img loading=\"lazy\" src=\"https:\/\/plagiarismcheckerx.com\/assets\/images\/press\/logo-256.png\" alt=\"\" width=\"128\" height=\"128\" \/>\r\n<p>Logo <i>(256x256px)<\/i><br \/><a href=\"https:\/\/plagiarismcheckerx.com\/assets\/images\/press\/logo-128.eps\">EPS<\/a> | <a href=\"https:\/\/plagiarismcheckerx.com\/assets\/images\/press\/logo-128.png\">PNG<\/a>| <a href=\"https:\/\/plagiarismcheckerx.com\/assets\/images\/press\/logo-128.jpg\">JPG<\/a> <br \/><br \/><\/p>\r\n<\/td>\r\n<td><br \/><br \/><br \/><img loading=\"lazy\" src=\"https:\/\/plagiarismcheckerx.com\/assets\/images\/press\/logo-128.png\" alt=\"\" width=\"64\" height=\"64\" \/>\r\n<p>Logo <i>(128x128px)<\/i><br \/><a href=\"https:\/\/plagiarismcheckerx.com\/assets\/images\/press\/logo-64.eps\">EPS<\/a> | <a href=\"https:\/\/plagiarismcheckerx.com\/assets\/images\/press\/logo-64.png\">PNG<\/a>| <a href=\"https:\/\/plagiarismcheckerx.com\/assets\/images\/press\/logo-64.jpg\">JPG<\/a> <br \/><br \/><\/p>\r\n<\/td>\r\n<\/tr>\r\n<\/tbody>\r\n<\/table>\r\n<\/div>\r\n<\/div>\r\n<\/div>\r\n<\/section>\r\n","protected":false},"excerpt":{"rendered":"<p>Pressemappe &amp; Medienressourcen Unten k\u00f6nnen Sie Logos f\u00fcr Plagiarism Checker X herunterladen, nutzbar f\u00fcr Presse\/Medien-Seiten, Magazine oder Blogs. Sie k\u00f6nnen die Logos in verschiedenen Gr\u00f6\u00dfen und Formaten herunterladen. Wenn Sie Screenshots oder Logos in anderen Formaten oder Gr\u00f6\u00dfen ben\u00f6tigen, kontaktieren Sie uns und wir werden Sie Ihnen in k\u00fcrzester Zeit zusenden. Banner (200x600px)JPG Download Banner [&hellip;]<\/p>\n","protected":false},"author":1,"featured_media":0,"parent":0,"menu_order":0,"comment_status":"closed","ping_status":"closed","template":"","meta":[],"_links":{"self":[{"href":"https:\/\/plagiarismcheckerx.com\/de\/wp-json\/wp\/v2\/pages\/85"}],"collection":[{"href":"https:\/\/plagiarismcheckerx.com\/de\/wp-json\/wp\/v2\/pages"}],"about":[{"href":"https:\/\/plagiarismcheckerx.com\/de\/wp-json\/wp\/v2\/types\/page"}],"author":[{"embeddable":true,"href":"https:\/\/plagiarismcheckerx.com\/de\/wp-json\/wp\/v2\/users\/1"}],"replies":[{"embeddable":true,"href":"https:\/\/plagiarismcheckerx.com\/de\/wp-json\/wp\/v2\/comments?post=85"}],"version-history":[{"count":5,"href":"https:\/\/plagiarismcheckerx.com\/de\/wp-json\/wp\/v2\/pages\/85\/revisions"}],"predecessor-version":[{"id":376,"href":"https:\/\/plagiarismcheckerx.com\/de\/wp-json\/wp\/v2\/pages\/85\/revisions\/376"}],"wp:attachment":[{"href":"https:\/\/plagiarismcheckerx.com\/de\/wp-json\/wp\/v2\/media?parent=85"}],"curies":[{"name":"wp","href":"https:\/\/api.w.org\/{rel}","templated":true}]}}