{"id":81,"date":"2020-11-25T11:08:27","date_gmt":"2020-11-25T11:08:27","guid":{"rendered":"https:\/\/plagiarismcheckerx.com\/wordpress\/es\/?page_id=81"},"modified":"2020-12-09T13:57:59","modified_gmt":"2020-12-09T13:57:59","slug":"what-is-plagiarism","status":"publish","type":"page","link":"https:\/\/plagiarismcheckerx.com\/de\/what-is-plagiarism","title":{"rendered":"What is Plagiarism"},"content":{"rendered":"\r\n\r\n<section id=\"what-is-plagiarism\">\r\n<div class=\"container\">\r\n<div class=\"row\">\r\n<div class=\"col-md-11 inner-top-sm center-block text-center\">\r\n<header>\r\n<h1>Was ist ein Plagiat?<\/h1>\r\n<\/header>\r\n<p> In den meisten F\u00e4llen zucken Menschen einfach mit den Schultern, weil sie Plagiate nicht ernst nehmen. Eine weit verbreitete Vorstellung von Plagiaten ist &#8220;das Kopieren der Arbeit eines anderen oder das Ausleihen der urspr\u00fcnglichen Ideen eines anderen&#8221;. Begriffe wie &#8220;Kopieren&#8221; lassen das Vergehen jedoch etwas zu milde erscheinen. Laut Merriam-Webster Online-W\u00f6rterbuch bedeutet das Wort &#8220;Plagiat&#8221; folgendes:<\/p>\r\n<\/div>\r\n<\/div>\r\n<\/div>\r\n<\/section>\r\n<section>\r\n<div class=\"container\">\r\n<div class=\"row\">\r\n<div class=\"col-md-10 inner-bottom-md center-block\">\r\n<br>\r\n<ol>\r\n<li>Das Stehlen und Ausgeben (von Ideen oder Worten) anderer<\/li>\r\n<li>Das Nutzen der Arbeit anderer ohne korrektes Zitieren<\/li>\r\n<li>Das Begehen eines literarischen Diebstahls<\/li>\r\n<li>Das Pr\u00e4sentieren einer Idee oder eines Produkts eines anderen als etwas neues<\/li>\r\n<\/ol>\r\n<p>Laut dem Oxford English Dictionary ist ein Plagiat &#8220;die Handlung, die Arbeit oder die Ideen eines anderen zu nehmen und als die eigenen auszugeben&#8221;. Ein Plagiat ist also ein eklatanter Diebstahl von Ideen, W\u00f6rtern oder Produkten anderer. <br \/> <br \/>Zu den bekanntesten Arten von Plagiaten geh\u00f6ren folgende Beispiele:<\/p>\r\n<ol>\r\n<li>Das w\u00f6rtliche Kopieren eines in digitaler oder gedruckter Form vorliegenden Textes.<\/li>\r\n<li>Das Nehmen der Arbeit eines anderen und als die eigene zu pr\u00e4sentieren.<\/li>\r\n<li>Das Einreichen von Arbeiten, die man nicht selbst geschrieben hat.<\/li>\r\n<li>Die Nutzen der Ideen, Texte oder Arbeiten eines anderen Autoren, ohne sie korrekt zu zitieren.<\/li>\r\n<li>Paraphrasieren<\/li>\r\n<li>Das Weglassen von Anf\u00fchrungszeichen um die zitierte Arbeit.<\/li>\r\n<li>Das Kopieren einer mehr als angemessenen Menge an W\u00f6rtern aus einem Paragraphen und anschlie\u00dfende Umschreiben zu der eigenen Arbeit. (Wenn diese aber richtig zitiert wird, gilt sie nicht als Plagiat).<\/li>\r\n<\/ol>\r\n\r\n<br><h2>Arten von Plagiaten<\/h2>\r\n<p>Es gibt viele Arten von Plagiaten. Wir nennen nur einige wenige davon.<\/p>\r\n<ol>\r\n<li>Direktes Plagiat: Es handelt sich um die wortw\u00f6rtliche Transkription eines Abschnitts eines fremden Werkes, bei der der Benutzer weder Anf\u00fchrungszeichen noch ein korrektes Zitieren verwendet. Solche vors\u00e4tzlichen Handlungen gelten als unethisch und als akademische Unredlichkeit.<\/li>\r\n<li>Selbst-Plagiat: Dies tritt auf, wenn eine Person ihre eigene fr\u00fchere Arbeit oder eine Mischung aus fr\u00fcheren Arbeiten ohne Erlaubnis der beteiligten Professoren einreicht.<\/li>\r\n<li>Patch-Writing: Dies wird auch als &#8220;Mosaik-Plagiat&#8221; bezeichnet. Es tritt auf, wenn ein Studierender Phrasen aus einer Quelle entlehnt, ohne Anf\u00fchrungszeichen zu verwenden. Oder er\/sie findet Synonyme f\u00fcr die Sprache des Autors, beh\u00e4lt aber die gleiche allgemeine Struktur und Bedeutung des Inhalts bei.<\/li>\r\n<li>Versehentliches Plagiat: Eine solche Situation entsteht, wenn eine Person es vers\u00e4umt, ihre Quellen zu zitieren, oder sie falsch zitiert. Auch unbeabsichtigtes Umschreiben oder Gruppieren von W\u00f6rtern, die mit einer anderen Quelle \u00fcbereinstimmen, kann darunter fallen. F\u00e4lle von versehentlichem Plagiat werden genauso ernst genommen wie jedes andere Plagiat.<\/li>\r\n<\/ol>\r\n\r\n<br><h2>K\u00f6nnen Ideen\/W\u00f6rter gestohlen werden? Eine rechtliche Sichtweise<\/h2>\r\n<p>Betrachtet man die Rechtslage, so gibt es zahlreiche Belege, die f\u00fcr die Antwort &#8220;ja&#8221; sprechen. Der Ausdruck einer Idee auf eine bestimmte Art und Weise wird als geistiges Eigentum betrachtet, das durch Urheberrechtsgesetze gesch\u00fctzt ist. Nach US-amerikanischem Recht handelt es sich um ein schwerwiegendes Vergehen, das neben einer finanziellen Entsch\u00e4digung der urspr\u00fcnglichen Quelle\/des urspr\u00fcnglichen Verfassers bestimmte Strafen nach sich ziehen kann. Um es besser zu verstehen, betrachten Sie Ideen einfach als das &#8220;urspr\u00fcnglich erfundene Produkt&#8221; einer Person.<\/p>\r\n\r\n<h2>Konsequenzen von Plagiaten?<\/h2>\r\n<p>Da Plagiate als Straftat angesehen werden, sind ihre Folgen f\u00fcr die beschuldigte Person\/Institution nicht positiv. Betrachten Sie die folgenden M\u00f6glichkeiten.<\/p>\r\n<ol>\r\n<li>Zerr\u00fcttete Reputation des Individuums<\/li>\r\n<li>Zerr\u00fcttete Reputation der akademischen Institution<\/li>\r\n<li>Das Scheitern an der jeweiligen Aufgabe<\/li>\r\n<li>Die Auszeichnung mit schlechten Noten im Kurs<\/li>\r\n<li>Akademische Strafen<\/li>\r\n<li>Akademische Bew\u00e4hrungen<\/li>\r\n<li>Verweis von der Universit\u00e4t<\/li>\r\n<li>Gerichtsverfahren wegen Verletzung von Urheberrechten<\/li>\r\n<li>Finanzielle Entsch\u00e4digung f\u00fcr den urspr\u00fcnglichen Autor<\/li>\r\n<\/ol>\r\n\r\n<br><h2>Wie vermeide ich Plagiate?<\/h2>\r\n<p>Indem man den einfachen Vorschl\u00e4gen folgt, kann man Plagiate und ihre oben aufgef\u00fchrten negativen Folgen leicht vermeiden.<\/p>\r\n<ol>\r\n<li>In den meisten F\u00e4llen k\u00f6nnen wir sie vermeiden, indem wir Originalquellen zitieren. Eine einfache Best\u00e4tigung, dass bestimmtes Material aus der besagten Quelle entliehen wurde, kann Probleme verhindern.<\/li>\r\n<li>Ein Studierender kann durchaus sein Wissen \u00fcber verschiedene Zitierweisen verbessern, um solche akademischen Schwierigkeiten zu vermeiden. Plagiarism Checker X versucht au\u00dferdem, Studierenden zu helfen, indem es eine eigene Seite mit einem &#8220;Referenzleitfaden&#8221; zur Verf\u00fcgung stellt.<\/li>\r\n<li>Selbst wenn wir unser Bestes versuchen, kann es passieren, dass wir unbeabsichtigt Opfer eines Plagiats werden. Daher besteht die letzte M\u00f6glichkeit darin, einen Plagiatdetektor wie Plagiarism Checker X herunterzuladen und ihn f\u00fcr jeden Aufsatz zu verwenden. Investieren Sie lediglich ein wenig Zeit und Geld in einen solchen Scan-Service und ersparen Sie sich Peinlichkeiten und Strafen.<\/li>\r\n<\/ol>\r\n<p>Es gibt viele akademische Portale, die Ihnen helfen k\u00f6nnen, mehr \u00fcber Plagiate, ihre verschiedenen Formen und wie man sie vermeiden kann, zu erfahren.<\/p>\r\n\r\n<h2>Referenzen<\/h2>\r\n<p> Academic Integrity Assessment Team. &#8220;Definitions of Academic Dishonesty.&#8221; Proposed Honor System &#8211; Texas A&amp;M University. Comp. Bill Kibler. Texas A&amp;M University, 2003 Definition of plagiarism in English<\/p>\r\n<\/div>\r\n<\/div>\r\n<\/div>\r\n<\/section>\r\n\r\n","protected":false},"excerpt":{"rendered":"<p>Was ist ein Plagiat? In den meisten F\u00e4llen zucken Menschen einfach mit den Schultern, weil sie Plagiate nicht ernst nehmen. Eine weit verbreitete Vorstellung von Plagiaten ist &#8220;das Kopieren der Arbeit eines anderen oder das Ausleihen der urspr\u00fcnglichen Ideen eines anderen&#8221;. Begriffe wie &#8220;Kopieren&#8221; lassen das Vergehen jedoch etwas zu milde erscheinen. Laut Merriam-Webster Online-W\u00f6rterbuch [&hellip;]<\/p>\n","protected":false},"author":1,"featured_media":0,"parent":0,"menu_order":0,"comment_status":"closed","ping_status":"closed","template":"","meta":[],"_links":{"self":[{"href":"https:\/\/plagiarismcheckerx.com\/de\/wp-json\/wp\/v2\/pages\/81"}],"collection":[{"href":"https:\/\/plagiarismcheckerx.com\/de\/wp-json\/wp\/v2\/pages"}],"about":[{"href":"https:\/\/plagiarismcheckerx.com\/de\/wp-json\/wp\/v2\/types\/page"}],"author":[{"embeddable":true,"href":"https:\/\/plagiarismcheckerx.com\/de\/wp-json\/wp\/v2\/users\/1"}],"replies":[{"embeddable":true,"href":"https:\/\/plagiarismcheckerx.com\/de\/wp-json\/wp\/v2\/comments?post=81"}],"version-history":[{"count":3,"href":"https:\/\/plagiarismcheckerx.com\/de\/wp-json\/wp\/v2\/pages\/81\/revisions"}],"predecessor-version":[{"id":367,"href":"https:\/\/plagiarismcheckerx.com\/de\/wp-json\/wp\/v2\/pages\/81\/revisions\/367"}],"wp:attachment":[{"href":"https:\/\/plagiarismcheckerx.com\/de\/wp-json\/wp\/v2\/media?parent=81"}],"curies":[{"name":"wp","href":"https:\/\/api.w.org\/{rel}","templated":true}]}}