{"id":77,"date":"2020-11-25T11:00:08","date_gmt":"2020-11-25T11:00:08","guid":{"rendered":"https:\/\/plagiarismcheckerx.com\/wordpress\/es\/?page_id=77"},"modified":"2021-09-21T15:32:26","modified_gmt":"2021-09-21T15:32:26","slug":"system-requirements","status":"publish","type":"page","link":"https:\/\/plagiarismcheckerx.com\/de\/system-requirements","title":{"rendered":"System Requirements"},"content":{"rendered":"\r\n<section id=\"system-requirements\">\r\n<div class=\"container inner-top-sm\">\r\n<div class=\"row\">\r\n<div class=\"col-md-10 center-block text-center\">\r\n<header>\r\n<h1>Systemanforderungen<\/h1>\r\n<\/header>\r\n<p> Plagiarism Checker X ist ein erstklassiger Duplikatpr\u00fcfer, der Studierenden, Lehrkr\u00e4ften, akademischen Einrichtungen, Forschungsfirmen, Web-Autor:innen, Verleger:innen und vielen anderen Segmenten der Gesellschaft in ihren Bereichen hilft. Um das Produkt zu verwenden und seine Vorteile zu nutzen, muss man es herunterladen. Stellen Sie daf\u00fcr sicher, dass Ihr Ger\u00e4t die folgenden Kriterien erf\u00fcllt.<\/p>\r\n<\/div>\r\n<\/div>\r\n<\/div>\r\n<\/section>\r\n\r\n<section id=\"system-requirements\">\r\n<div class=\"container inner-xs\">\r\n<div class=\"row\">\r\n<div class=\"col-md-10 center-block\"><br>\r\n<table class=\"table table-striped wide-table\">\r\n<tbody>\r\n<tr>\r\n<td> <\/td>\r\n<td>Minimum<\/td>\r\n<td>Empfohlen<\/td>\r\n<\/tr>\r\n<tr>\r\n<td>Prozessor<\/td>\r\n<td>1.5GHz oder schneller<\/td>\r\n<td>2.5GHz oder schneller<\/td>\r\n<\/tr>\r\n<tr>\r\n<td>Memory (RAM)<\/td>\r\n<td>2GB<\/td>\r\n<td>4GB oder mehr<\/td>\r\n<\/tr>\r\n<tr>\r\n<td>Verf\u00fcgbarer Speicherplatz<\/td>\r\n<td>50MB<\/td>\r\n<td>100MB<\/td>\r\n<\/tr>\r\n<tr>\r\n<td>Donet Framework<\/td>\r\n<td><a href=\"https:\/\/dotnet.microsoft.com\/download\/dotnet-framework\/thank-you\/net451-offline-installer\" target=\"_blank\" rel=\"nofollow noreferrer noopener\">4.5.1 <i class=\"icon-download-1\"><\/i><\/a><\/td>\r\n<td><a href=\"https:\/\/dotnet.microsoft.com\/download\/dotnet-framework\/thank-you\/net471-offline-installer\" target=\"_blank\" rel=\"noopener\">4.7.1 <\/a> oder h\u00f6her<\/td>\r\n<\/tr>\r\n<tr>\r\n<td>Internetverbindung<\/td>\r\n<td>512 Kbps<\/td>\r\n<td>1 Mbps oder mehr<\/td>\r\n<\/tr>\r\n\r\n<\/tbody><\/table>\r\n<br><br><h2>Betriebssystem<\/h2>\r\n<p>Plagiarism Checker X ist mit all diesen Betriebssystemen kompatibel.<\/p>\r\n<table class=\"table table-striped wide-table\">\r\n<tbody>\r\n<tr>\r\n<td> <\/td>\r\n<td>32-Bit<\/td>\r\n<td>64-Bit<\/td>\r\n<\/tr>\r\n\r\n<tr>\r\n<td>Windows 10<\/td>\r\n<td><img src=\"https:\/\/plagiarismcheckerx.com\/assets\/images\/icon_yes_color.png\"><\/td>\r\n<td><img src=\"https:\/\/plagiarismcheckerx.com\/assets\/images\/icon_yes_color.png\"><\/td>\r\n<\/tr>\r\n\r\n<tr>\r\n<td>Windows 8<\/td>\r\n<td><img src=\"https:\/\/plagiarismcheckerx.com\/assets\/images\/icon_yes_color.png\"><\/td>\r\n<td><img src=\"https:\/\/plagiarismcheckerx.com\/assets\/images\/icon_yes_color.png\"><\/td>\r\n<\/tr>\r\n<tr>\r\n<td>Windows 7<\/td>\r\n<td><img src=\"https:\/\/plagiarismcheckerx.com\/assets\/images\/icon_yes_color.png\"><\/td>\r\n<td><img src=\"https:\/\/plagiarismcheckerx.com\/assets\/images\/icon_yes_color.png\"><\/td>\r\n<\/tr>\r\n<tr>\r\n<td>Windows Vista SP2<\/td>\r\n<td><img src=\"https:\/\/plagiarismcheckerx.com\/assets\/images\/icon_yes_color.png\"><\/td>\r\n<td><img src=\"https:\/\/plagiarismcheckerx.com\/assets\/images\/icon_yes_color.png\"><\/td>\r\n<\/tr>\r\n<\/tbody><\/table>\r\n\r\n<br><br><h2>Sprachen<\/h2>\r\n<p>Plagiarism Checker X ist in 7 Sprachen verf\u00fcgbar und unterst\u00fctzt mehr als 20 Sprachen.<\/p>\r\n<table class=\"table table-striped wide-table\">\r\n<tbody>\r\n<tr>\r\n<td> <\/td>\r\n<td>Verf\u00fcgbarkeit<\/td>\r\n<\/tr>\r\n\r\n<tr>\r\n<td>English<\/td>\r\n<td><img src=\"https:\/\/plagiarismcheckerx.com\/assets\/images\/icon_yes_color.png\"><\/td>\r\n<\/tr>\r\n<tr>\r\n<td>Spanish<\/td>\r\n<td><img src=\"https:\/\/plagiarismcheckerx.com\/assets\/images\/icon_yes_color.png\"><\/td>\r\n<\/tr>\r\n<tr>\r\n<td>Deutch<\/td>\r\n<td><img src=\"https:\/\/plagiarismcheckerx.com\/assets\/images\/icon_yes_color.png\"><\/td>\r\n<\/tr>\r\n<tr>\r\n<td>French<\/td>\r\n<td><img src=\"https:\/\/plagiarismcheckerx.com\/assets\/images\/icon_yes_color.png\"><\/td>\r\n<\/tr>\r\n<tr>\r\n<td>German<\/td>\r\n<td><img src=\"https:\/\/plagiarismcheckerx.com\/assets\/images\/icon_yes_color.png\"><\/td>\r\n<\/tr>\r\n<tr>\r\n<td>Italian<\/td>\r\n<td><img src=\"https:\/\/plagiarismcheckerx.com\/assets\/images\/icon_yes_color.png\"><\/td>\r\n<\/tr>\r\n<tr>\r\n<td>Portuguese<\/td>\r\n<td><img src=\"https:\/\/plagiarismcheckerx.com\/assets\/images\/icon_yes_color.png\"><\/td>\r\n<\/tr>\r\n<tr>\r\n<td>Russian<\/td>\r\n<td>Unterst\u00fctzt<\/td>\r\n<\/tr>\r\n<tr>\r\n<td>Japanese<\/td>\r\n<td>Unterst\u00fctzt<\/td>\r\n<\/tr>\r\n<tr>\r\n<td>Hindi<\/td>\r\n<td>Unterst\u00fctzt<\/td>\r\n<\/tr>\r\n<\/tbody><\/table>\r\n<\/div>\r\n<\/div>\r\n<\/div>\r\n<\/section>\r\n\n    <section id=\"customer-satisfaction\">\n    <div class=\"container inner-sm\">\n    <div class=\"row\">\n    <div class=\"col-md-10 col-sm-9 center-block text-center\">\n    <header>\n    <h2>Garantierte Kundenzufriedenheit<\/h2>\n    <p>\"Der Plagiatspr\u00fcfer X wurde in Anlehnung an das Feedback, die Vorschl\u00e4ge und das technische Feedback des Marktes entwickelt. Die Geschwindigkeit, die Pr\u00e4zision und die leichte Bedienbarkeit hat unsere Kunden zufrieden und loyal gemacht.\"<\/p>\n    <div class=\"row\">\n    <div class=\"col-md-8 center-block text-center\">\n    <figure><img src=\"https:\/\/cdn.plagiarismcheckerx.com\/images\/credit-cards-2.png\" loading=\"lazy\" alt=\"Credit Cards\"> <\/figure>\n    <\/div><\/div>\n    <\/header>\n    <div>\n    <a href=\"..\/download-thank-you\" class=\"btn btn-large btn-gray\">FREE DOWNLOAD<\/a>&nbsp;\n    <a href=\"..\/buy\" class=\"btn btn-large\">BUY PRO<\/a>\n    <\/div>\n    <\/div>\n    <\/div>\n    <\/div>\n    <\/section>\n\n\n    \r\n","protected":false},"excerpt":{"rendered":"<p>Systemanforderungen Plagiarism Checker X ist ein erstklassiger Duplikatpr\u00fcfer, der Studierenden, Lehrkr\u00e4ften, akademischen Einrichtungen, Forschungsfirmen, Web-Autor:innen, Verleger:innen und vielen anderen Segmenten der Gesellschaft in ihren Bereichen hilft. Um das Produkt zu verwenden und seine Vorteile zu nutzen, muss man es herunterladen. Stellen Sie daf\u00fcr sicher, dass Ihr Ger\u00e4t die folgenden Kriterien erf\u00fcllt. Minimum Empfohlen Prozessor 1.5GHz [&hellip;]<\/p>\n","protected":false},"author":1,"featured_media":0,"parent":0,"menu_order":0,"comment_status":"closed","ping_status":"closed","template":"","meta":[],"_links":{"self":[{"href":"https:\/\/plagiarismcheckerx.com\/de\/wp-json\/wp\/v2\/pages\/77"}],"collection":[{"href":"https:\/\/plagiarismcheckerx.com\/de\/wp-json\/wp\/v2\/pages"}],"about":[{"href":"https:\/\/plagiarismcheckerx.com\/de\/wp-json\/wp\/v2\/types\/page"}],"author":[{"embeddable":true,"href":"https:\/\/plagiarismcheckerx.com\/de\/wp-json\/wp\/v2\/users\/1"}],"replies":[{"embeddable":true,"href":"https:\/\/plagiarismcheckerx.com\/de\/wp-json\/wp\/v2\/comments?post=77"}],"version-history":[{"count":4,"href":"https:\/\/plagiarismcheckerx.com\/de\/wp-json\/wp\/v2\/pages\/77\/revisions"}],"predecessor-version":[{"id":377,"href":"https:\/\/plagiarismcheckerx.com\/de\/wp-json\/wp\/v2\/pages\/77\/revisions\/377"}],"wp:attachment":[{"href":"https:\/\/plagiarismcheckerx.com\/de\/wp-json\/wp\/v2\/media?parent=77"}],"curies":[{"name":"wp","href":"https:\/\/api.w.org\/{rel}","templated":true}]}}