{"id":75,"date":"2020-11-25T10:57:13","date_gmt":"2020-11-25T10:57:13","guid":{"rendered":"https:\/\/plagiarismcheckerx.com\/wordpress\/es\/?page_id=75"},"modified":"2020-12-04T09:37:35","modified_gmt":"2020-12-04T09:37:35","slug":"download","status":"publish","type":"page","link":"https:\/\/plagiarismcheckerx.com\/de\/download","title":{"rendered":"Download"},"content":{"rendered":"\r\n<section id=\"download\">\r\n<div class=\"container inner-xs\">\r\n<div class=\"row\">\r\n\r\n<div class=\"col-md-7 inner-xs text-center\">\r\n<br>\r\n<h1 align=\"center\">Plagiarism Checker X herunterladen<\/h1>\r\n<p>Die Software Plagiarism Checker X wurde entwickelt, um doppelte Inhalte anhand Ihrer gegebenen Dokumente\/Text zu erkennen, die den Benutzern (z. B. Studierenden, Lehrenden, Universit\u00e4ten, Hochschulen, Schriftstellern\/innen, SEOs usw.) helfen, die Originalit\u00e4t ihres Inhalts \u00fcber plagiiertes Material zu \u00fcberpr\u00fcfen. Diese Software-Testversion kann KOSTENLOS heruntergeladen werden, hat aber einige Einschr\u00e4nkungen. Benutzer k\u00f6nnen die Software testen, wenn sie dies w\u00fcnschen. Dar\u00fcber hinaus erm\u00f6glicht sie es den Personen, das Plagiat leicht zu erkennen und hilft ihnen, den Missbrauch ihres Werkes zu verhindern. Um in den Genuss der Vollversion mit all den erstaunlichen und innovativen Funktionen zu kommen, kaufen Sie  die Software jetzt f\u00fcr nur $39,95.<\/p>\r\n<a href=\"..\/download-thank-you\" class=\"btn btn-large btn-gray\">FREE DOWNLOAD<\/a> &nbsp;\r\n<a href=\"..\/buy\" class=\"btn btn-large\">BUY PRO<\/a>\r\n<\/div>\r\n\r\n<div class=\"col-md-5\">\r\n<br>\r\n<img src=\"https:\/\/cdn.plagiarismcheckerx.com\/images\/header-banner-dashboard.jpg\" alt=\"plagairism checker free\" height=\"395px\">\r\n<\/div>\r\n<\/div>\r\n<br>\r\n<\/div>\r\n<\/section>\r\n\n\n<section id=\"clients\">\n<div class=\"container inner-sm\">\n\n<div class=\"row\">\n<div class=\"col-md-8 col-sm-9 center-block text-center\">\n<header>\n<h2>Von f\u00fchrenden Instituten verwendet<\/h2>\n<p>Wir sch\u00e4tzen unsere Kundenerfahrungen. Schnelligkeit, Genauigkeit und die einfache Benutzeroberfl\u00e4che machen unsere Kunden zufrieden und loyal.<\/p>\n<\/header>\n<\/div>\n<\/div>\n\n<div class=\"row inner-top-xs\">\n<div class=\"col-sm-12\">\n<div id=\"owl-clients\" class=\"owl-carousel owl-outer-nav\">\n\n<div class=\"item\">\n<figure>\n<figcaption class=\"text-overlay\">\n<div class=\"info\">\n<h4>IEEE<\/h4>\n<\/div>\n<\/figcaption>\n<img class=\"SliceImages OrgImage1\">\n<\/figure>\n<\/div>\n\n<div class=\"item\">\n<figure>\n<figcaption class=\"text-overlay\">\n<div class=\"info\">\n<h4>American University of Science And Technology<\/h4>\n<\/div>\n<\/figcaption>\n<img class=\"SliceImages OrgImage2\">\n<\/figure>\n<\/div>\n\n<div class=\"item\">\n<figure>\n<figcaption class=\"text-overlay\">\n<div class=\"info\">\n<h4>Remington College<\/h4>\n<\/div>\n<\/figcaption>\n<img class=\"SliceImages OrgImage3\">\n<\/figure>\n<\/div>\n\n<div class=\"item\">\n<figure>\n<figcaption class=\"text-overlay\">\n<div class=\"info\">\n<h4>JM Field Marketing<\/h4>\n<\/div>\n<\/figcaption>\n<img class=\"SliceImages OrgImage4\">\n<\/figure>\n<\/div>\n\n<div class=\"item\">\n<figure>\n<figcaption class=\"text-overlay\">\n<div class=\"info\">\n<h4>University of Maribor<\/h4>\n<\/div>\n<\/figcaption>\n<img class=\"SliceImages OrgImage5\">\n<\/figure>\n<\/div>\n\n<div class=\"item\">\n<figure>\n<figcaption class=\"text-overlay\">\n<div class=\"info\">\n<h4>Great American Cookies<\/h4>\n<\/div>\n<\/figcaption>\n<img class=\"SliceImages OrgImage6\">\n<\/figure>\n<\/div>\n\n<div class=\"item\">\n<figure>\n<figcaption class=\"text-overlay\">\n<div class=\"info\">\n<h4>Ohio University<\/h4>\n<\/div>\n<\/figcaption>\n<img class=\"SliceImages OrgImage7\">\n<\/figure>\n<\/div>\n\n<div class=\"item\">\n<figure>\n<figcaption class=\"text-overlay\">\n<div class=\"info\">\n<h4>University Of Massachusetts Boston<\/h4>\n<\/div>\n<\/figcaption>\n<img class=\"SliceImages OrgImage8\">\n<\/figure>\n<\/div>\n\n<div class=\"item\">\n<figure>\n<figcaption class=\"text-overlay\">\n<div class=\"info\">\n<h4>Labournet Services India<\/h4>\n<\/div>\n<\/figcaption>\n<img class=\"SliceImages OrgImage9\">\n<\/figure>\n<\/div>\n\n<div class=\"item\">\n<figure>\n<figcaption class=\"text-overlay\">\n<div class=\"info\">\n<h4>King Saud University<\/h4>\n<\/div>\n<\/figcaption>\n<img class=\"SliceImages OrgImage10\">\n<\/figure>\n<\/div>\n\n<div class=\"item\">\n<figure>\n<figcaption class=\"text-overlay\">\n<div class=\"info\">\n<h4>Delta-State-University-Abraka<\/h4>\n<\/div>\n<\/figcaption>\n<img class=\"SliceImages OrgImage11\">\n<\/figure>\n<\/div>\n\n<div class=\"item\">\n<figure>\n<figcaption class=\"text-overlay\">\n<div class=\"info\">\n<h4>Trinity College<\/h4>\n<\/div>\n<\/figcaption>\n<img class=\"SliceImages OrgImage12\">\n<\/figure>\n<\/div>\n\n<\/div>\n<\/div>\n<\/div>\n\n<\/div>\n<\/section>\n\n\r\n\n    <section id=\"awards\">\n    <div class=\"container inner-xs\">\n    <div class=\"row\">\n    <div class=\"col-md-11 col-sm-9 center-block text-center\">\n    <header>\n    <h2>Auszeichnungen und Zertifizierungen<\/h2>\n    <\/header>\n    <p>\"Plagiarism Checker X ist eine preisgekr\u00f6nte Software. Ja, wir prahlen nicht gerne damit, aber wir teilen nat\u00fcrlich unsere Errungenschaften und unsere weltweite Anerkennung. Die positiven Rezensionen, die wir von zahlreichen unabh\u00e4ngigen, industrienahen Organisationen und Pr\u00fcfstellen erhalten haben, sind ein weiterer Pluspunkt. Wenn Sie die Software herunterladen, denken Sie also daran, dass die Scanfunktionen und innovativen Funktionen von Plagiarism Checke rX weltweit gelobt werden.\"<\/p>\n    <img src=\"https:\/\/cdn.plagiarismcheckerx.com\/images\/awards\/softonic.png\" loading=\"lazy\" alt=\"softonic\">\n    <img src=\"https:\/\/cdn.plagiarismcheckerx.com\/images\/awards\/software-informer.png\" loading=\"lazy\" alt=\"software informer\">\n    <img src=\"https:\/\/cdn.plagiarismcheckerx.com\/images\/awards\/mcafee.png\" loading=\"lazy\" alt=\"mcafee\">\n    <img src=\"https:\/\/cdn.plagiarismcheckerx.com\/images\/awards\/softpedia.png\" loading=\"lazy\" alt=\"sofepedia\">\n    <img src=\"https:\/\/cdn.plagiarismcheckerx.com\/images\/awards\/softpedia-clean.png\" loading=\"lazy\" alt=\"Softpedia clean\">\n    <img src=\"https:\/\/cdn.plagiarismcheckerx.com\/images\/awards\/software-informer-clean.png\" loading=\"lazy\" alt=\"software informer\">\n    <\/div>\n    <\/div>\n    <\/div>\n    <\/section>\n\n    \r\n\n\n<section id=\"your-data-is-safe\">\n<div class=\"container inner-sm\">\n<div class=\"row\">\n<div class=\"col-md-10 col-sm-9 center-block text-center\">\n<header>\n<h2>Tus Datos est\u00e1n Seguros con este Dispositivo, No Necesitas Subirlos<\/h2>\n<p>\"Como usuario, no necesitas subir tus ex\u00e1menes y contenidos a tu base de datos, en vez de ello, los documentos se quedan donde est\u00e1n. Esta caracter\u00edstica hace que el Revisor de Plagios X sea bastante diferente al resto de proveedores de servicios en el mercado. As\u00ed que, \u00a1Apres\u00farate!, \u00a1Obt\u00e9n una reproducci\u00f3n aqu\u00ed!\".<\/p>\n<div class=\"row\">\n<div class=\"col-md-8 center-block text-center\">\n<figure><img src=\"https:\/\/cdn.plagiarismcheckerx.com\/images\/credit-cards-2.png\" alt=\"Credit Cards\"> <\/figure>\n<\/div><\/div>\n<\/header>\n<div>\n<a href=\"..\/download-thank-you\" class=\"btn btn-large\">FREE DOWNLOAD<\/a> \n<a href=\"..\/buy\" class=\"btn btn-large\">BUY PRO<\/a>\n<\/div>\n<\/div>\n<\/div>\n<\/div>\n<\/section>\n\n\r\n","protected":false},"excerpt":{"rendered":"<p>Plagiarism Checker X herunterladen Die Software Plagiarism Checker X wurde entwickelt, um doppelte Inhalte anhand Ihrer gegebenen Dokumente\/Text zu erkennen, die den Benutzern (z. B. Studierenden, Lehrenden, Universit\u00e4ten, Hochschulen, Schriftstellern\/innen, SEOs usw.) helfen, die Originalit\u00e4t ihres Inhalts \u00fcber plagiiertes Material zu \u00fcberpr\u00fcfen. Diese Software-Testversion kann KOSTENLOS heruntergeladen werden, hat aber einige Einschr\u00e4nkungen. Benutzer k\u00f6nnen die [&hellip;]<\/p>\n","protected":false},"author":1,"featured_media":0,"parent":0,"menu_order":0,"comment_status":"closed","ping_status":"closed","template":"","meta":[],"_links":{"self":[{"href":"https:\/\/plagiarismcheckerx.com\/de\/wp-json\/wp\/v2\/pages\/75"}],"collection":[{"href":"https:\/\/plagiarismcheckerx.com\/de\/wp-json\/wp\/v2\/pages"}],"about":[{"href":"https:\/\/plagiarismcheckerx.com\/de\/wp-json\/wp\/v2\/types\/page"}],"author":[{"embeddable":true,"href":"https:\/\/plagiarismcheckerx.com\/de\/wp-json\/wp\/v2\/users\/1"}],"replies":[{"embeddable":true,"href":"https:\/\/plagiarismcheckerx.com\/de\/wp-json\/wp\/v2\/comments?post=75"}],"version-history":[{"count":3,"href":"https:\/\/plagiarismcheckerx.com\/de\/wp-json\/wp\/v2\/pages\/75\/revisions"}],"predecessor-version":[{"id":339,"href":"https:\/\/plagiarismcheckerx.com\/de\/wp-json\/wp\/v2\/pages\/75\/revisions\/339"}],"wp:attachment":[{"href":"https:\/\/plagiarismcheckerx.com\/de\/wp-json\/wp\/v2\/media?parent=75"}],"curies":[{"name":"wp","href":"https:\/\/api.w.org\/{rel}","templated":true}]}}