{"id":71,"date":"2020-11-25T10:53:07","date_gmt":"2020-11-25T10:53:07","guid":{"rendered":"https:\/\/plagiarismcheckerx.com\/wordpress\/es\/?page_id=71"},"modified":"2020-12-04T09:37:35","modified_gmt":"2020-12-04T09:37:35","slug":"bulk-comparison","status":"publish","type":"page","link":"https:\/\/plagiarismcheckerx.com\/de\/bulk-comparison","title":{"rendered":"Bulk Comparison"},"content":{"rendered":"\r\n<section id=\"services\">\r\n<div class=\"container inner-xs\">\r\n<div class=\"row\">\r\n<div class=\"col-md-5\">\r\n<br><br>\r\n<figure><img src=\"https:\/\/cdn.plagiarismcheckerx.com\/images\/screenshots\/bulk-comparison-results.jpg\" alt=\"\"><\/figure>\r\n<\/div>\r\n\r\n<div class=\"col-md-7\">\r\n<h1 align=\"center\">Machen Sie mit mehreren Dokumenten die Gegenprobe!<\/h1>\r\n<p>Der Vergleich von Dokumenten ist jetzt einfach, denn Sie k\u00f6nnen mehrere Dokumente gleichzeitig pr\u00fcfen. Eines der Hauptmerkmale von Plagiarism Checker X ist, dass er nicht nur online funktioniert, sondern auch teilweise offline Unterst\u00fctzung bieten kann. Wenn Sie z.B. zwei Dokumente f\u00fcr die Duplizierung finden sollen, k\u00f6nnen Sie mit der Gegenpr\u00fcfung zwei Dokumente relativ zueinander sehen und vergleichen. Dies hilft zu \u00fcberpr\u00fcfen, ob sie bestimmte Plagiate zueinander haben. Das Beste an dieser Funktion ist, dass sie auch offline funktioniert.<\/p>\r\n<div align=\"center\">\r\n<a href=\"..\/download-thank-you\" class=\"btn btn-large btn-gray\">Free Download<\/a>&nbsp;\r\n<a href=\"..\/buy\" class=\"btn btn-large\">Buy PRO<\/a>\r\n<\/div>\r\n<\/div>\r\n<\/div>\r\n<\/div>\r\n\r\n<\/section>\r\n\r\n<section id=\"source\" class=\"light-bg\">\r\n<div class=\"container inner-sm inner-bottom-xs\">\r\n<div class=\"row\">\r\n<div class=\"col-md-12\">\r\n<div class=\"tabs tabs-2-big-top tab-container\">\r\n<ul class=\"etabs text-center\">\r\n<li class=\"tab\">\r\n<a href=\"#tab-1\">\r\n  <h3><i class=\"icon-th-large icn lg\"><\/i>Gegenpr\u00fcfung<\/h3>\r\n  <p class=\"text-small\">Diese Methode enth\u00e4lt nur ein Repositorium und findet das Plagiat, indem jede Datei mit dem Rest der Dateien in diesem Repositorkum verglichen wird. Diese M\u00f6glichkeit ist zweifellos eine Zeitersparnis und sowohl f\u00fcr Lehrkr\u00e4fte als auch f\u00fcr Web-Publisher n\u00fctzlich. Sie brauchen nicht jeden Artikel\/Auftrag einzeln zu \u00fcberpr\u00fcfen. <br><br> Stattdessen kann der Plagiarism Checker X verwendet werden, um f\u00fcr jede Datei oder URL einen eindeutigen Plagiatswert zu erhalten.<\/p>\r\n<\/a>\r\n<\/li>\r\n<li class=\"tab\">\r\n<a href=\"#tab-2\">\r\n  <h3><i class=\"icon-list-1 icn lg\"><\/i> Gruppen-Vergleich<\/h3>\r\n  <p class=\"text-small\">Bei dieser selektiven Methode kann die \u00c4hnlichkeit innerhalb der beiden Gruppen von Repositorien (Liste von Dokumenten oder mehrere Webseiten-URLs) analysiert werden. Diese Funktion erstellt einen Vergleichsstapel f\u00fcr die Analyse mehrerer Dokumente der Quelle (A) relativ zu den Dateien in Ziel (B). <br><br> Die \u00c4hnlichkeitswerte werden schlie\u00dflich in den Zellbl\u00f6cken dargestellt, die in einer weiteren Detailvorschau betrachtet werden k\u00f6nnen.\r\n<\/p>\r\n<\/a>\r\n<\/li>\r\n<\/ul>\r\n\r\n<div class=\"panel-container\">\r\n<div class=\"tab-content\" id=\"tab-1\"><\/div>\r\n<div class=\"tab-content\" id=\"tab-2\">\r\n<\/div>\r\n<\/div>\r\n\r\n<\/div>\r\n<\/div>\r\n<\/div>\r\n<\/div>\r\n<\/section>\r\n\r\n<section id=\"services\">\r\n<div class=\"container\">\r\n<div class=\"row\">\r\n<div class=\"col-md-8 col-sm-9 center-block text-center\">\r\n<header>\r\n<br><br>\r\n<h2>Massenvergleichs-Funktion<\/h2>\r\n<\/header>\r\n<\/div>\r\n<\/div>\r\n\r\n<div class=\"row inner-top-xs\">\r\n<div class=\"col-sm-1 col-md-offset-1\">\r\n<div class=\"icon pull-right\">\r\n<i class=\"icon-list-1 icn lg\"><\/i>\r\n<\/div>\r\n<\/div>\r\n\r\n<div class=\"col-sm-4 inner-bottom-sm\">\r\n<h3>Stapelvergleich<\/h3>\r\n<p class=\"text-small\">Das Tool ist sehr n\u00fctzlich, wenn Sie einen Satz von Dateien A mit einem Satz Dateien B vergleichen m\u00f6chten. Es zeigt Ihnen, wie sehr jede Datei der ersten Liste \u00e4hnlich zu den Dateien der zweiten Liste ist, und es erm\u00f6glicht Ihnen den Stapelvergleich mehrerer Dokumente auf einmal.<\/p>\r\n<\/div>\r\n\r\n<div class=\"col-sm-1\">\r\n<div class=\"icon pull-right\">\r\n<i class=\"icon-text-height icn lg\"><\/i>\r\n<\/div>\r\n<\/div>\r\n\r\n<div class=\"col-sm-4\">\r\n<h3>Raster\/Tabellarische Ergebnisse<\/h3>\r\n<p class=\"text-small\">Das Tool ist sehr n\u00fctzlich, wenn Sie einen Satz von Dateien A mit einem Satz Dateien B vergleichen m\u00f6chten. Es zeigt Ihnen, wie sehr jede Datei der ersten Liste \u00e4hnlich zu den Dateien der zweiten Liste ist, und es erm\u00f6glicht Ihnen den Stapelvergleich mehrerer Dokumente auf einmal.<\/p>\r\n<\/div>\r\n<\/div>\r\n<div class=\"row inner-xs\">\r\n<div class=\"col-sm-1 col-md-offset-1\">\r\n<div class=\"icon pull-right\">\r\n<i class=\"icon-switch icn lg\"><\/i>\r\n<\/div>\r\n<\/div>\r\n\r\n<div class=\"col-sm-4 inner-bottom-xs\">\r\n<h3>tauschen &amp; Das Repositorium spiegeln<\/h3>\r\n<p class=\"text-small\">Die Funktion Dokument spiegeln erm\u00f6glicht es Ihnen, die geladenen Daten zwischen Quelle und Ziel auszutauschen. Sie k\u00f6nnen die \u00c4nderung des Plagiatsverh\u00e4ltnisses \u00fcberpr\u00fcfen, indem Sie den Quell- und Zieltext vertauschen. Klicken Sie dazu einfach auf die blauen Tauschpfeile in der Mitte der Textfelder. Dies ist eine schnelle Methode, um Inhalte mit einem einzigen Klick zu tauschen.<\/p>\r\n<\/div>\r\n\r\n<div class=\"col-sm-1\">\r\n<div class=\"icon pull-right\">\r\n<i class=\"icon-check-1 icn lg\"><\/i>\r\n<\/div>\r\n<\/div>\r\n\r\n<div class=\"col-sm-4 inner-bottom-sm\">\r\n<h3>Auffallende prozentuale \u00c4hnlichkeit<\/h3>\r\n<p class=\"text-small\">Um den visuellen Vergleich zu erleichtern und den visuellen wissenschaftlichen Forschungen zufolge besser erkennbar zu machen, zeichnet die Software Bl\u00f6cke, die die Originalit\u00e4tsbewertung f\u00fcr jede mit ihr verbundene Datei darstellen. Dieses Layout macht es einfach, das Plagiatsverh\u00e4ltnis jeder Datei in Bezug auf jedes einzelne Dokument zu \u00fcberpr\u00fcfen.<\/p>\r\n<\/div>\r\n<\/div>\r\n\r\n<div class=\"row\">\r\n<div class=\"col-sm-1 col-md-offset-1\">\r\n<div class=\"icon pull-right\">\r\n<i class=\"icon-export icn lg\"><\/i>\r\n<\/div>\r\n<\/div>\r\n\r\n<div class=\"col-sm-4 inner-bottom-sm\">\r\n<h3>Gesicherte Berichte (WYSIWYG)<\/h3>\r\n<p class=\"text-small\">Der Massenvergleichsbericht wird in genau dem Layout erstellt, das in der Software angezeigt wird. Die Einheitlichkeit des Layouts macht den Bericht \u00fcbersichtlicher und leicht verst\u00e4ndlich. Somit ist garantiert: Was Sie sehen, ist was Sie bekommen!<\/p>\r\n<\/div>\r\n\r\n<div class=\"col-sm-1\">\r\n<div class=\"icon pull-right\">\r\n<i class=\"icon-text-height icn lg\"><\/i>\r\n<\/div>\r\n<\/div>\r\n\r\n<div class=\"col-sm-4\">\r\n<h3>Mehrsprachig &amp; Dateiformate<\/h3>\r\n<p class=\"text-small\">Die Software unterst\u00fctzt eine breite Palette von Textdateiformaten zur Analyse. Sie k\u00f6nnen Dokumente in .pdf, .txt, .doc, .docx, .rtf. &amp; .html und alle vielen anderen unterst\u00fctzten Typen von &#8216;Textdateien&#8217; importieren. Dar\u00fcber hinaus ist unsere Software mit allen Textzeichen kompatibel, da sie derzeit mehr als 20 Sprachen abdeckt; weitere werden in regelm\u00e4\u00dfigen Abst\u00e4nden hinzugef\u00fcgt. <\/p>\r\n<\/div>\r\n<\/div>\r\n\r\n<\/div>\r\n<\/section>\r\n\r\n<section id=\"easySteps\">\r\n<div class=\"row inner-sm\">\r\n<div class=\"col-md-7 center-block text-center\">\r\n<h1>Massenvergleich in 5 einfachen Schritten!<\/h1>\r\n<p>Wenn Sie Ihre Dokumente oder URLs im Massenvergleich analysieren, befolgen Sie diese einfachen Schritte, um die \u00c4hnlichkeit zweier Quellen zu \u00fcberpr\u00fcfen. Es ist sehr einfach zu befolgen und kann Schritt f\u00fcr Schritt getan werden.<\/p>\r\n<\/div>\r\n<\/div>\r\n\r\n<div class=\"row inner-bottom-sm\">\r\n  <div class=\"col-md-10 center-block\">\r\n\r\n  <div class=\"col-md-2 text-center col-md-offset-1\">\r\n  <img src=\"https:\/\/cdn.plagiarismcheckerx.com\/images\/thumbnails\/bulk-comparison-box-1.jpg\" loading=\"lazy\" style=\"border-radius: 50%;border: 2px solid #3F8DBF\" alt=\"Compare Two Documents\" width=\"200px\">\r\n  <br><br> <span class=\"blue\">1. <\/span>Modus w\u00e4hlen\r\n  <\/div>\r\n\r\n<div class=\"col-md-2 text-center\">\r\n  <img src=\"https:\/\/cdn.plagiarismcheckerx.com\/images\/thumbnails\/bulk-comparison-box-2.jpg\" loading=\"lazy\" style=\"border-radius: 50%;border: 2px solid #3F8DBF\" alt=\"Load Two Documents Comparison\" width=\"200px\">\r\n<br><br> <span class=\"blue\">2. <\/span>Quelle w\u00e4hlen\r\n<\/div>\r\n\r\n<div class=\"col-md-2 text-center\">\r\n  <img src=\"https:\/\/cdn.plagiarismcheckerx.com\/images\/thumbnails\/bulk-comparison-box-3.jpg\" loading=\"lazy\" style=\"border-radius: 50%;border: 2px solid #3F8DBF\" alt=\"Load Two Documents Comparison\" width=\"200px\">\r\n<br><br> <span class=\"blue\">3. <\/span>Ziel w\u00e4hlen\r\n<\/div>\r\n\r\n\r\n<div class=\"col-md-2 text-center\">\r\n  <img src=\"https:\/\/cdn.plagiarismcheckerx.com\/images\/thumbnails\/bulk-comparison-box-4.jpg\" loading=\"lazy\" style=\"border-radius: 50%;border: 2px solid #3F8DBF\" alt=\"Two Documents Similarity Results\" width=\"200px\">\r\n<br><br><span class=\"blue\">4. <\/span>Plagiat \u00fcberpr\u00fcfen\r\n<\/div>\r\n\r\n<div class=\"col-md-2 text-center\">\r\n  <img src=\"https:\/\/cdn.plagiarismcheckerx.com\/images\/thumbnails\/bulk-comparison-box-5.jpg\" loading=\"lazy\" style=\"border-radius: 50%;border: 2px solid #3F8DBF\" alt=\"Documents Cross Comparison Report\" width=\"200px\">\r\n<br><br><span class=\"blue\">5.<\/span> Anschauen &amp;  Exportieren\r\n<\/div>\r\n\r\n<\/div>\r\n<\/div>\r\n\r\n<\/section>\r\n\r\n<div class=\"light-bg\">\n\n<section id=\"clients\">\n<div class=\"container inner-sm\">\n\n<div class=\"row\">\n<div class=\"col-md-8 col-sm-9 center-block text-center\">\n<header>\n<h2>Von f\u00fchrenden Instituten verwendet<\/h2>\n<p>Wir sch\u00e4tzen unsere Kundenerfahrungen. Schnelligkeit, Genauigkeit und die einfache Benutzeroberfl\u00e4che machen unsere Kunden zufrieden und loyal.<\/p>\n<\/header>\n<\/div>\n<\/div>\n\n<div class=\"row inner-top-xs\">\n<div class=\"col-sm-12\">\n<div id=\"owl-clients\" class=\"owl-carousel owl-outer-nav\">\n\n<div class=\"item\">\n<figure>\n<figcaption class=\"text-overlay\">\n<div class=\"info\">\n<h4>IEEE<\/h4>\n<\/div>\n<\/figcaption>\n<img class=\"SliceImages OrgImage1\">\n<\/figure>\n<\/div>\n\n<div class=\"item\">\n<figure>\n<figcaption class=\"text-overlay\">\n<div class=\"info\">\n<h4>American University of Science And Technology<\/h4>\n<\/div>\n<\/figcaption>\n<img class=\"SliceImages OrgImage2\">\n<\/figure>\n<\/div>\n\n<div class=\"item\">\n<figure>\n<figcaption class=\"text-overlay\">\n<div class=\"info\">\n<h4>Remington College<\/h4>\n<\/div>\n<\/figcaption>\n<img class=\"SliceImages OrgImage3\">\n<\/figure>\n<\/div>\n\n<div class=\"item\">\n<figure>\n<figcaption class=\"text-overlay\">\n<div class=\"info\">\n<h4>JM Field Marketing<\/h4>\n<\/div>\n<\/figcaption>\n<img class=\"SliceImages OrgImage4\">\n<\/figure>\n<\/div>\n\n<div class=\"item\">\n<figure>\n<figcaption class=\"text-overlay\">\n<div class=\"info\">\n<h4>University of Maribor<\/h4>\n<\/div>\n<\/figcaption>\n<img class=\"SliceImages OrgImage5\">\n<\/figure>\n<\/div>\n\n<div class=\"item\">\n<figure>\n<figcaption class=\"text-overlay\">\n<div class=\"info\">\n<h4>Great American Cookies<\/h4>\n<\/div>\n<\/figcaption>\n<img class=\"SliceImages OrgImage6\">\n<\/figure>\n<\/div>\n\n<div class=\"item\">\n<figure>\n<figcaption class=\"text-overlay\">\n<div class=\"info\">\n<h4>Ohio University<\/h4>\n<\/div>\n<\/figcaption>\n<img class=\"SliceImages OrgImage7\">\n<\/figure>\n<\/div>\n\n<div class=\"item\">\n<figure>\n<figcaption class=\"text-overlay\">\n<div class=\"info\">\n<h4>University Of Massachusetts Boston<\/h4>\n<\/div>\n<\/figcaption>\n<img class=\"SliceImages OrgImage8\">\n<\/figure>\n<\/div>\n\n<div class=\"item\">\n<figure>\n<figcaption class=\"text-overlay\">\n<div class=\"info\">\n<h4>Labournet Services India<\/h4>\n<\/div>\n<\/figcaption>\n<img class=\"SliceImages OrgImage9\">\n<\/figure>\n<\/div>\n\n<div class=\"item\">\n<figure>\n<figcaption class=\"text-overlay\">\n<div class=\"info\">\n<h4>King Saud University<\/h4>\n<\/div>\n<\/figcaption>\n<img class=\"SliceImages OrgImage10\">\n<\/figure>\n<\/div>\n\n<div class=\"item\">\n<figure>\n<figcaption class=\"text-overlay\">\n<div class=\"info\">\n<h4>Delta-State-University-Abraka<\/h4>\n<\/div>\n<\/figcaption>\n<img class=\"SliceImages OrgImage11\">\n<\/figure>\n<\/div>\n\n<div class=\"item\">\n<figure>\n<figcaption class=\"text-overlay\">\n<div class=\"info\">\n<h4>Trinity College<\/h4>\n<\/div>\n<\/figcaption>\n<img class=\"SliceImages OrgImage12\">\n<\/figure>\n<\/div>\n\n<\/div>\n<\/div>\n<\/div>\n\n<\/div>\n<\/section>\n\n<\/div>\r\n\n    <section id=\"what-are-you-waiting-for\">\n    <div class=\"container inner-sm\">\n    <div class=\"row\">\n    <div class=\"col-md-10 col-sm-9 center-block text-center\">\n    <header>\n    <h2>Nun, auf was wartest Du?<\/h2>\n    <\/header>\n    <p>Kurz gesagt, dieses leicht anwendbare Tool hilft Dir, die Komplexit\u00e4ten von Online-Plagiats-Detektoren und akademische Strafen zu vermeiden. Es gibt Universit\u00e4ten, an denen die Studierenden extreme Strafen f\u00fcrchten m\u00fcssen, so zum Beispiel akademische Bew\u00e4hrungsstrafen, Geldstrafen und sogar Ausschluss. Wenn die Arbeit Urheberrechte verletzt, kann es zu Gerichtsverfahren und Strafverfahren kommen. Daher ist das Anschaffen eines angemessenen Plagiats-Detektors sehr wichtig.<\/p>\n    <div class=\"row\">\n    <div class=\"col-md-8 center-block text-center\">\n    <figure><img src=\"https:\/\/cdn.plagiarismcheckerx.com\/images\/credit-cards-2.png\" loading=\"lazy\" alt=\"Credit Cards\"> <\/figure>\n    <\/div><\/div>\n    <div>\n    <a href=\"..\/download-thank-you\" class=\"btn btn-large btn-gray\">FREE DOWNLOAD<\/a>&nbsp;\n    <a href=\"..\/buy\" class=\"btn btn-large\">BUY PRO<\/a>\n    <\/div>\n    <\/div>\n    <\/div>\n    <\/div>\n    <\/section>\n\n\n    \r\n","protected":false},"excerpt":{"rendered":"<p>Machen Sie mit mehreren Dokumenten die Gegenprobe! Der Vergleich von Dokumenten ist jetzt einfach, denn Sie k\u00f6nnen mehrere Dokumente gleichzeitig pr\u00fcfen. Eines der Hauptmerkmale von Plagiarism Checker X ist, dass er nicht nur online funktioniert, sondern auch teilweise offline Unterst\u00fctzung bieten kann. Wenn Sie z.B. zwei Dokumente f\u00fcr die Duplizierung finden sollen, k\u00f6nnen Sie mit [&hellip;]<\/p>\n","protected":false},"author":1,"featured_media":0,"parent":0,"menu_order":0,"comment_status":"closed","ping_status":"closed","template":"","meta":[],"_links":{"self":[{"href":"https:\/\/plagiarismcheckerx.com\/de\/wp-json\/wp\/v2\/pages\/71"}],"collection":[{"href":"https:\/\/plagiarismcheckerx.com\/de\/wp-json\/wp\/v2\/pages"}],"about":[{"href":"https:\/\/plagiarismcheckerx.com\/de\/wp-json\/wp\/v2\/types\/page"}],"author":[{"embeddable":true,"href":"https:\/\/plagiarismcheckerx.com\/de\/wp-json\/wp\/v2\/users\/1"}],"replies":[{"embeddable":true,"href":"https:\/\/plagiarismcheckerx.com\/de\/wp-json\/wp\/v2\/comments?post=71"}],"version-history":[{"count":2,"href":"https:\/\/plagiarismcheckerx.com\/de\/wp-json\/wp\/v2\/pages\/71\/revisions"}],"predecessor-version":[{"id":334,"href":"https:\/\/plagiarismcheckerx.com\/de\/wp-json\/wp\/v2\/pages\/71\/revisions\/334"}],"wp:attachment":[{"href":"https:\/\/plagiarismcheckerx.com\/de\/wp-json\/wp\/v2\/media?parent=71"}],"curies":[{"name":"wp","href":"https:\/\/api.w.org\/{rel}","templated":true}]}}