{"id":69,"date":"2020-11-25T10:47:35","date_gmt":"2020-11-25T10:47:35","guid":{"rendered":"https:\/\/plagiarismcheckerx.com\/wordpress\/es\/?page_id=69"},"modified":"2020-12-04T09:37:35","modified_gmt":"2020-12-04T09:37:35","slug":"side-by-side-comparison","status":"publish","type":"page","link":"https:\/\/plagiarismcheckerx.com\/de\/side-by-side-comparison","title":{"rendered":"Side by Side Comparison"},"content":{"rendered":"\r\n<section id=\"overview\">\r\n<div class=\"container inner-sm\">\r\n<div class=\"row\">\r\n<div class=\"col-md-5\">\r\n<figure><img src=\"https:\/\/cdn.plagiarismcheckerx.com\/images\/screenshots\/side-by-side-comparison.jpg\" alt=\"\"><\/figure>\r\n<\/div>\r\n<div class=\"col-md-7\">\r\n<h1 align=\"center\">Seite-an-Seite-Unterschied<\/h1>\r\n<p>Der Vergleich von Dokumenten ist jetzt einfach. Sie k\u00f6nnen die Existenz Ihres Inhalts \u00fcber das Web finden. Es ist f\u00fcr Lehrende, Studierende und Verleger\/innen geeignet. Eines der Hauptunterscheidungsmerkmale von Plagiarism Checker X ist, dass es nicht nur online funktioniert, sondern auch offline teilweise Unterst\u00fctzung bieten kann. Wenn Sie z.B. zwei Dokumente f\u00fcr die Dopplung erkennen sollten, k\u00f6nnen Sie mit dem Quervergleichabschnitt zwei Dokumente nebeneinander sehen und vergleichen. Dies hilft bei der Pr\u00fcfung, ob sie bestimmte Plagiate des einen enthalten. Das Beste an dieser Funktion ist, dass sie auch offline funktioniert.<\/p>\r\n<div align=\"center\">\r\n<a href=\"..\/download-thank-you\" class=\"btn btn-large btn-gray\">Free Download<\/a>&nbsp;\r\n<a href=\"..\/buy\" class=\"btn btn-large\">Buy PRO<\/a>\r\n<\/div>\r\n<\/div>\r\n<\/div>\r\n<\/div>\r\n<\/section>\r\n\r\n<section id=\"source\" class=\"light-bg\">\r\n<div class=\"container inner-sm inner-bottom-xs\">\r\n<div class=\"row\">\r\n<div class=\"col-md-12\">\r\n<div class=\"tabs tabs-2-big-top tab-container\">\r\n<ul class=\"etabs text-center\">\r\n<li class=\"tab\">\r\n<a href=\"#tab-1\">\r\n<h3>Quelldokument<\/h3>\r\n<p class=\"text-small\">Quelle ist das Originaldokument oder der Originaltext, der als Grundlage f\u00fcr den Vergleich des Inhalts verwendet wird. Am Ende der \u00c4hnlichkeitspr\u00fcfung wird der \u00fcbereinstimmende Inhalt hervorgehoben.<\/p>\r\n<br>\r\n<img src=\"https:\/\/cdn.plagiarismcheckerx.com\/images\/thumbnails\/side-by-side-difference-source.jpg\" loading=\"lazy\" alt=\"Two Documents Comparison\" height=\"250px\">\r\n<\/a>\r\n<\/li>\r\n<li class=\"tab\">\r\n<a href=\"#tab-2\">\r\n<h3>Ziel-Dokument<\/h3>\r\n<p class=\"text-small\">Ziel ist das relative Dokument oder der relative Text, das\/der gegen den Quellinhalt mit Quelle analysiert wird. Am Ende der \u00c4hnlichkeitspr\u00fcfung wird der \u00fcbereinstimmende Inhalt hervorgehoben.<\/p>\r\n<br>\r\n<img src=\"https:\/\/cdn.plagiarismcheckerx.com\/images\/thumbnails\/side-by-side-difference-target.jpg\" loading=\"lazy\" alt=\"Two Documents Comparison\" height=\"250px\">\r\n<\/a>\r\n<\/li>\r\n<\/ul>\r\n\r\n<div class=\"panel-container\">\r\n<div class=\"tab-content\" id=\"tab-1\"><\/div>\r\n<div class=\"tab-content\" id=\"tab-2\">\r\n<\/div>\r\n<\/div>\r\n\r\n<\/div>\r\n<\/div>\r\n<\/div>\r\n<\/div>\r\n<\/section>\r\n\r\n<section id=\"services\">\r\n<div class=\"container\">\r\n<div class=\"row\">\r\n<div class=\"col-md-8 col-sm-9 center-block text-center\">\r\n<header>\r\n<br><br>\r\n<h2>Merkmale des Plagiatdetektors<\/h2>\r\n<\/header>\r\n<\/div>\r\n<\/div>\r\n\r\n<div class=\"row inner-top-xs\">\r\n<div class=\"col-sm-1 col-md-offset-1\">\r\n<div class=\"icon pull-right\">\r\n<i class=\"icon-doc icn lg\"><\/i>\r\n<\/div>\r\n<\/div>\r\n\r\n<div class=\"col-sm-9 inner-bottom-xs\">\r\n<h3>Einfache Benutzeroberfl\u00e4che<\/h3>\r\n<p class=\"text-small\">Plagiarism Checker X hat ein v\u00f6llig neues Design und eine ansprechende Benutzeroberfl\u00e4che, die das Scannen von Inhalten erheblich erleichtert. Der neue visuelle Inhaltsdetektor beseitigt alle Hindernisse, auf die Internetnutzer sto\u00dfen, wenn sie ihre Inhalte auf Vervielf\u00e4ltigung pr\u00fcfen. Der neu gestaltete &#8216;Dopplungs- Inahltsdetektor&#8217; bietet erweiterte Funktionen durch separate Zusatzmodule. Diese Schnittstelle und die dazugeh\u00f6rigen Dienstprogramme bieten Studierenden, Lehrenden, Forschern\/innen und SEOs gleicherma\u00dfen Vorteile. <br><br>Wenn Sie auf &#8216;Seite-an-Seite-Vergleich&#8217; klicken, erscheinen zwei angeh\u00e4ngte Fenster vor Ihnen. F\u00fcgen Sie einfach Inhalte ein oder importieren Sie Inhalte aus einem Dokument und klicken Sie auf &#8216;Jetzt scannen&#8217;. In wenigen Sekunden wird ein detaillierter Bericht erstellt.<\/p>\r\n<\/div>\r\n<\/div>\r\n\r\n<div class=\"row inner-xs\">\r\n<div class=\"col-sm-1 col-md-offset-1\">\r\n<div class=\"icon pull-right\">\r\n<i class=\"icon-switch icn lg\"><\/i>\r\n<\/div>\r\n<\/div>\r\n\r\n<div class=\"col-sm-4 inner-bottom-xs\">\r\n<h3>Dokument spiegeln<\/h3>\r\n<p class=\"text-small\">Mit der Funktion &#8220;Dokument spiegeln&#8221; k\u00f6nnen Sie den Inhalt zwischen zwei Fenstern austauschen und \u00fcberpr\u00fcfen, welches der urspr\u00fcngliche Inhalt ist, um zur eigentlichen Quelle des Inhalts zu gelangen. Der \u00e4hnliche Teil des Inhalts wird nach Abschluss des Scans hervorgehoben und kann leicht unterschieden werden.<\/p>\r\n<\/div>\r\n\r\n<div class=\"col-sm-1\">\r\n<div class=\"icon pull-right\">\r\n<i class=\"icon-progress-2 icn lg\"><\/i>\r\n<\/div>\r\n<\/div>\r\n\r\n<div class=\"col-sm-4 inner-bottom-sm\">\r\n<h3>\u00c4hnlichkeits-Prozentsatz<\/h3>\r\n<p class=\"text-small\">Um den visuellen Vergleich wesentlich einfacher und kognitionsfreundlicher zu gestalten, so die visuellen wissenschaftlichen Untersuchungen, zeigt die Software den \u00e4hnlichen Inhalt als gelb markierten Text an. Dies erleichtert die visuelle Unterscheidung zwischen eindeutigem und gleichem Inhalt.<\/p>\r\n<\/div>\r\n<\/div>\r\n\r\n<div class=\"row\">\r\n<div class=\"col-sm-1 col-md-offset-1\">\r\n<div class=\"icon pull-right\">\r\n<i class=\"icon-export icn lg\"><\/i>\r\n<\/div>\r\n<\/div>\r\n\r\n<div class=\"col-sm-4 inner-bottom-sm\">\r\n<h3>Ein-Klick-Exportberichte<\/h3>\r\n<p class=\"text-small\">Die Ergebnisse k\u00f6nnen als Word-Dokument oder PDF exportiert werden. Diese erstellten Dokumente sind mit Microsoft Word, Libre Office, WPS Office, Google Sheets und anderen g\u00e4ngigen Textverarbeitungsprogrammen kompatibel.<\/p>\r\n<\/div>\r\n\r\n<div class=\"col-sm-1\">\r\n<div class=\"icon pull-right\">\r\n<i class=\"icon-gauge-1 icn lg\"><\/i>\r\n<\/div>\r\n<\/div>\r\n\r\n<div class=\"col-sm-4\">\r\n<h3>Farbcodierter Vergleich<\/h3>\r\n<p class=\"text-small\">Das Verh\u00e4ltnis von \u00e4hnlichen Inhalten zwischen Quell- und Zieldokumenten zu kennen, ist sehr einfach. In der rechten oberen Ecke ist ein \u00c4hnlichkeitsprozentsatz sichtbar, der die inhaltliche Homogenit\u00e4t im Verh\u00e4ltnis zu den Dokumenten anzeigt.<\/p>\r\n<\/div>\r\n<\/div>\r\n\r\n<div class=\"row\">\r\n<div class=\"col-sm-1 col-md-offset-1\">\r\n<div class=\"icon pull-right\">\r\n<i class=\"icon-flash-1 icn lg\"><\/i>\r\n<\/div>\r\n<\/div>\r\n\r\n<div class=\"col-sm-9\">\r\n<h3>Kompatibel mit mehreren Dateiformaten und Sprachzeichen<\/h3>\r\n<p class=\"text-small\">Diejenigen Benutzer, die Inhalte in mehreren Formaten pr\u00fcfen m\u00fcssen, sollten mit dieser Funktion sehr zufrieden sein. Sie k\u00f6nnen Dokumente in .pdf .txt .doc, .docx, .rtf. &amp; .html und vielen anderen Arten von &#8216;Textdateien&#8217; zum Scannen importieren. Die Software ist auch mit allen Textzeichen und Sprachen kompatibel, da sie derzeit mehr als 20 Sprachen unterst\u00fctzt, und wir werden in regelm\u00e4\u00dfigen Abst\u00e4nden weitere hinzuf\u00fcgen.<\/p>\r\n<\/div>\r\n<\/div>\r\n\r\n<\/div>\r\n<\/section>\r\n\r\n<section id=\"easySteps\">\r\n<div class=\"row inner-md\">\r\n<div class=\"col-md-7 center-block text-center\">\r\n<h1>Seite-an-Seite-Unterschied in 4 einfachen Schritten!<\/h1>\r\n<p>Folgen Sie bei der Analyse Ihres Inhalts in &#8220;Seite-an-Seite-Unterschied&#8221; diesen einfachen Schritten, um das \u00c4hnlichkeitsverh\u00e4ltnis zwischen zwei Dokumenten zu \u00fcberpr\u00fcfen. Es ist sehr einfach zu folgen. Sie k\u00f6nnen dies Schritt f\u00fcr Schritt tun.<\/p>\r\n<\/div>\r\n<\/div>\r\n\r\n<div class=\"row inner-bottom-sm\">\r\n  <div class=\"col-md-8 center-block\">\r\n\r\n  <div class=\"col-md-3 text-center\">\r\n  <img src=\"https:\/\/cdn.plagiarismcheckerx.com\/images\/thumbnails\/side-by-side-difference-box-1.jpg\" loading=\"lazy\" style=\"border-radius: 50%;border: 2px solid #3F8DBF\" alt=\"Source Document\" width=\"200px\">\r\n  <br><br> <span class=\"blue\">1<\/span>Laden Sie das Quelldokument \r\n  <\/div>\r\n\r\n<div class=\"col-md-3 text-center\">\r\n  <img src=\"https:\/\/cdn.plagiarismcheckerx.com\/images\/thumbnails\/side-by-side-difference-box-2.jpg\" loading=\"lazy\" style=\"border-radius: 50%;border: 2px solid #3F8DBF\" alt=\"Target Document\" width=\"200px\">\r\n<br><br> <span class=\"blue\">2<\/span>Laden Sie das Ziel-Dokument.\r\n<\/div>\r\n\r\n<div class=\"col-md-3 text-center\">\r\n  <img src=\"https:\/\/cdn.plagiarismcheckerx.com\/images\/thumbnails\/side-by-side-difference-box-3.jpg\" loading=\"lazy\" style=\"border-radius: 50%;border: 2px solid #3F8DBF\" alt=\"Check Plagiarism\" width=\"200px\">\r\n<br><br><span class=\"blue\">3<\/span> Dr\u00fccken Sie Plagiat pr\u00fcfen.\r\n<\/div>\r\n\r\n<div class=\"col-md-3 text-center\">\r\n  <img src=\"https:\/\/cdn.plagiarismcheckerx.com\/images\/thumbnails\/side-by-side-difference-box-4.jpg\" loading=\"lazy\" style=\"border-radius: 50%;border: 2px solid #3F8DBF\" alt=\"Text Side By Side Comparison Results\" width=\"200px\">\r\n<br><br><span class=\"blue\">4<\/span> Anzeigen &amp; Exportieren.\r\n<\/div>\r\n\r\n<\/div>\r\n<\/div>\r\n<\/section>\r\n\r\n<div class=\"light-bg\">\n\n<section id=\"clients\">\n<div class=\"container inner-sm\">\n\n<div class=\"row\">\n<div class=\"col-md-8 col-sm-9 center-block text-center\">\n<header>\n<h2>Von f\u00fchrenden Instituten verwendet<\/h2>\n<p>Wir sch\u00e4tzen unsere Kundenerfahrungen. Schnelligkeit, Genauigkeit und die einfache Benutzeroberfl\u00e4che machen unsere Kunden zufrieden und loyal.<\/p>\n<\/header>\n<\/div>\n<\/div>\n\n<div class=\"row inner-top-xs\">\n<div class=\"col-sm-12\">\n<div id=\"owl-clients\" class=\"owl-carousel owl-outer-nav\">\n\n<div class=\"item\">\n<figure>\n<figcaption class=\"text-overlay\">\n<div class=\"info\">\n<h4>IEEE<\/h4>\n<\/div>\n<\/figcaption>\n<img class=\"SliceImages OrgImage1\">\n<\/figure>\n<\/div>\n\n<div class=\"item\">\n<figure>\n<figcaption class=\"text-overlay\">\n<div class=\"info\">\n<h4>American University of Science And Technology<\/h4>\n<\/div>\n<\/figcaption>\n<img class=\"SliceImages OrgImage2\">\n<\/figure>\n<\/div>\n\n<div class=\"item\">\n<figure>\n<figcaption class=\"text-overlay\">\n<div class=\"info\">\n<h4>Remington College<\/h4>\n<\/div>\n<\/figcaption>\n<img class=\"SliceImages OrgImage3\">\n<\/figure>\n<\/div>\n\n<div class=\"item\">\n<figure>\n<figcaption class=\"text-overlay\">\n<div class=\"info\">\n<h4>JM Field Marketing<\/h4>\n<\/div>\n<\/figcaption>\n<img class=\"SliceImages OrgImage4\">\n<\/figure>\n<\/div>\n\n<div class=\"item\">\n<figure>\n<figcaption class=\"text-overlay\">\n<div class=\"info\">\n<h4>University of Maribor<\/h4>\n<\/div>\n<\/figcaption>\n<img class=\"SliceImages OrgImage5\">\n<\/figure>\n<\/div>\n\n<div class=\"item\">\n<figure>\n<figcaption class=\"text-overlay\">\n<div class=\"info\">\n<h4>Great American Cookies<\/h4>\n<\/div>\n<\/figcaption>\n<img class=\"SliceImages OrgImage6\">\n<\/figure>\n<\/div>\n\n<div class=\"item\">\n<figure>\n<figcaption class=\"text-overlay\">\n<div class=\"info\">\n<h4>Ohio University<\/h4>\n<\/div>\n<\/figcaption>\n<img class=\"SliceImages OrgImage7\">\n<\/figure>\n<\/div>\n\n<div class=\"item\">\n<figure>\n<figcaption class=\"text-overlay\">\n<div class=\"info\">\n<h4>University Of Massachusetts Boston<\/h4>\n<\/div>\n<\/figcaption>\n<img class=\"SliceImages OrgImage8\">\n<\/figure>\n<\/div>\n\n<div class=\"item\">\n<figure>\n<figcaption class=\"text-overlay\">\n<div class=\"info\">\n<h4>Labournet Services India<\/h4>\n<\/div>\n<\/figcaption>\n<img class=\"SliceImages OrgImage9\">\n<\/figure>\n<\/div>\n\n<div class=\"item\">\n<figure>\n<figcaption class=\"text-overlay\">\n<div class=\"info\">\n<h4>King Saud University<\/h4>\n<\/div>\n<\/figcaption>\n<img class=\"SliceImages OrgImage10\">\n<\/figure>\n<\/div>\n\n<div class=\"item\">\n<figure>\n<figcaption class=\"text-overlay\">\n<div class=\"info\">\n<h4>Delta-State-University-Abraka<\/h4>\n<\/div>\n<\/figcaption>\n<img class=\"SliceImages OrgImage11\">\n<\/figure>\n<\/div>\n\n<div class=\"item\">\n<figure>\n<figcaption class=\"text-overlay\">\n<div class=\"info\">\n<h4>Trinity College<\/h4>\n<\/div>\n<\/figcaption>\n<img class=\"SliceImages OrgImage12\">\n<\/figure>\n<\/div>\n\n<\/div>\n<\/div>\n<\/div>\n\n<\/div>\n<\/section>\n\n<\/div>\r\n\n    <section id=\"what-are-you-waiting-for\">\n    <div class=\"container inner-sm\">\n    <div class=\"row\">\n    <div class=\"col-md-10 col-sm-9 center-block text-center\">\n    <header>\n    <h2>Nun, auf was wartest Du?<\/h2>\n    <\/header>\n    <p>Kurz gesagt, dieses leicht anwendbare Tool hilft Dir, die Komplexit\u00e4ten von Online-Plagiats-Detektoren und akademische Strafen zu vermeiden. Es gibt Universit\u00e4ten, an denen die Studierenden extreme Strafen f\u00fcrchten m\u00fcssen, so zum Beispiel akademische Bew\u00e4hrungsstrafen, Geldstrafen und sogar Ausschluss. Wenn die Arbeit Urheberrechte verletzt, kann es zu Gerichtsverfahren und Strafverfahren kommen. Daher ist das Anschaffen eines angemessenen Plagiats-Detektors sehr wichtig.<\/p>\n    <div class=\"row\">\n    <div class=\"col-md-8 center-block text-center\">\n    <figure><img src=\"https:\/\/cdn.plagiarismcheckerx.com\/images\/credit-cards-2.png\" loading=\"lazy\" alt=\"Credit Cards\"> <\/figure>\n    <\/div><\/div>\n    <div>\n    <a href=\"..\/download-thank-you\" class=\"btn btn-large btn-gray\">FREE DOWNLOAD<\/a>&nbsp;\n    <a href=\"..\/buy\" class=\"btn btn-large\">BUY PRO<\/a>\n    <\/div>\n    <\/div>\n    <\/div>\n    <\/div>\n    <\/section>\n\n\n    \r\n","protected":false},"excerpt":{"rendered":"<p>Seite-an-Seite-Unterschied Der Vergleich von Dokumenten ist jetzt einfach. Sie k\u00f6nnen die Existenz Ihres Inhalts \u00fcber das Web finden. Es ist f\u00fcr Lehrende, Studierende und Verleger\/innen geeignet. Eines der Hauptunterscheidungsmerkmale von Plagiarism Checker X ist, dass es nicht nur online funktioniert, sondern auch offline teilweise Unterst\u00fctzung bieten kann. Wenn Sie z.B. zwei Dokumente f\u00fcr die Dopplung [&hellip;]<\/p>\n","protected":false},"author":1,"featured_media":0,"parent":0,"menu_order":0,"comment_status":"closed","ping_status":"closed","template":"","meta":[],"_links":{"self":[{"href":"https:\/\/plagiarismcheckerx.com\/de\/wp-json\/wp\/v2\/pages\/69"}],"collection":[{"href":"https:\/\/plagiarismcheckerx.com\/de\/wp-json\/wp\/v2\/pages"}],"about":[{"href":"https:\/\/plagiarismcheckerx.com\/de\/wp-json\/wp\/v2\/types\/page"}],"author":[{"embeddable":true,"href":"https:\/\/plagiarismcheckerx.com\/de\/wp-json\/wp\/v2\/users\/1"}],"replies":[{"embeddable":true,"href":"https:\/\/plagiarismcheckerx.com\/de\/wp-json\/wp\/v2\/comments?post=69"}],"version-history":[{"count":2,"href":"https:\/\/plagiarismcheckerx.com\/de\/wp-json\/wp\/v2\/pages\/69\/revisions"}],"predecessor-version":[{"id":332,"href":"https:\/\/plagiarismcheckerx.com\/de\/wp-json\/wp\/v2\/pages\/69\/revisions\/332"}],"wp:attachment":[{"href":"https:\/\/plagiarismcheckerx.com\/de\/wp-json\/wp\/v2\/media?parent=69"}],"curies":[{"name":"wp","href":"https:\/\/api.w.org\/{rel}","templated":true}]}}