{"id":67,"date":"2020-11-25T10:42:28","date_gmt":"2020-11-25T10:42:28","guid":{"rendered":"https:\/\/plagiarismcheckerx.com\/wordpress\/es\/?page_id=67"},"modified":"2020-12-04T09:37:35","modified_gmt":"2020-12-04T09:37:35","slug":"online-plagiarism","status":"publish","type":"page","link":"https:\/\/plagiarismcheckerx.com\/de\/online-plagiarism","title":{"rendered":"Online Plagiarism"},"content":{"rendered":"\r\n<section id=\"online-plagiarism\">\r\n<div class=\"container inner-sm\">\r\n<div class=\"row\">\r\n<div class=\"col-md-6\">\r\n<figure><img src=\"https:\/\/cdn.plagiarismcheckerx.com\/images\/header-banner-online-plagiarism.jpg\" alt=\"\"><\/figure>\r\n<\/div>\r\n\r\n<div class=\"col-md-6\">\r\n<h1>Online-Plagiatdetektor<\/h1>\r\n<p>Sie k\u00f6nnen die Existenz Ihrer Inhalte \u00fcber das Web finden. Es wurde f\u00fcr Lehrende, Studierende und Verleger\/innen entwickelt. Plagiate bereiten Studierenden, Lehrenden, Autoren\/innen von Webinhalten, Website-Administratoren\/innen und Online-Verlegern\/innen st\u00e4ndig Kopfzerbrechen. Mit der Verf\u00fcgbarkeit von Online-Ressourcen hat der Trend zum Kopieren\/Einf\u00fcgen zugenommen. Dies verst\u00f6\u00dft nicht nur gegen die Berufsethik, sondern verletzt auch Urheberrechte, was zu Rechtsstreitigkeiten f\u00fchren kann. Daher versucht jeder zu vermeiden, in Schwierigkeiten zu geraten. Mit Plagiarism Checker X k\u00f6nnen Benutzer\/innen solche Probleme leicht vermeiden.<\/p>\r\n<div align=\"center\">\r\n<a href=\"..\/download-thank-you\" class=\"btn btn-large btn-gray\">FREE DOWNLOAD<\/a> &nbsp;\r\n<a href=\"..\/buy\" class=\"btn btn-large\">BUY PRO<\/a>\r\n<\/div>\r\n<\/div>\r\n<\/div>\r\n<\/div>\r\n<\/section>\r\n\r\n<section id=\"features\">\r\n<div class=\"container inner-top-sm inner-bottom-sm\">\r\n\r\n<div class=\"row\">\r\n<div class=\"col-md-8 col-sm-9 center-block text-center\">\r\n<header>\r\n<h3 style=\"font-size: 35px\" align=\"center\">Einfach und sicher<\/h3>\r\n<p>Noch nie war es so einfach, Ihre Schriften unter vollem Schutz zu \u00fcberpr\u00fcfen. Die \u00c4hnlichkeitspr\u00fcfung in Echtzeit mit hoher Geschwindigkeit und Genauigkeit steht Ihnen jetzt zur Verf\u00fcgung. Ein Website-Besitzer kann auch die Option &#8220;\u00dcberpr\u00fcfen Sie Ihre Webseiten&#8221; verwenden, um die Qualit\u00e4t des Inhalts der Webseite mit nur einem Klick zu \u00fcberpr\u00fcfen.<\/p>\r\n<\/header>\r\n<\/div><!-- \/.col -->\r\n<\/div><!-- \/.row -->\r\n\r\n<div class=\"row inner-top-sm\">\r\n\r\n<div class=\"col-md-3 inner-bottom-sm\">\r\n<h3>Es ist ein Kinderspiel<\/h3>\r\n<p class=\"text-small\">Laden Sie einfach das Dokument in die Software und dr\u00fccken Sie die Analyse-Taste. Die Software vergleicht Ihre Inhalte mit Milliarden von Open-Source-Inhalten, die \u00fcber das Internet \u00f6ffentlich zug\u00e4nglich sind.<\/p>\r\n<a href=\"#\" class=\"txt-btn\">Alle M\u00f6glichkeiten anzeigen<\/a>\r\n<\/div><!-- \/.col -->\r\n\r\n<div class=\"col-md-3 inner-bottom-sm\">\r\n<h3>Intuitive Berichte<\/h3>\r\n<p class=\"text-small\">Das visuell ansprechende und leicht verst\u00e4ndliche Layout des Berichts erleichtert die Auswahl von \u00c4hnlichkeitsquellen auf einen Blick mit der M\u00f6glichkeit, die Berichte in Word, PDF und weiteren Dateiformaten zu exportieren. <\/p>\r\n<a href=\"#\" class=\"txt-btn\">Testen Sie es selbst<\/a>\r\n<\/div><!-- \/.col -->\r\n\r\n<div class=\"col-md-6 inner-left-xs\">\r\n<figure><img src=\"https:\/\/cdn.plagiarismcheckerx.com\/images\/screenshots\/online-plagiarism-report-color.jpg\" alt=\"\"><\/figure>\r\n<\/div><!-- \/.col -->\r\n\r\n<\/div><!-- \/.row -->\r\n\r\n<\/div><!-- \/.container -->\r\n<\/section>\r\n\r\n<section id=\"online-plagiarism-features\">\r\n<div class=\"container\">\r\n<div class=\"row inner-bottom-xs\">\r\n<div class=\"col-md-8 col-sm-9 center-block text-center\">\r\n<header>\r\n<br><br>\r\n<h2 style=\"font-size: 35px\"> <span style=\"color: #3c78d8\">Merkmale<\/span> der Online-Plagiatspr\u00fcfung<\/h2>\r\n<\/header>\r\n<\/div>\r\n<\/div>\r\n\r\n<div class=\"row inner-top-xs inner-bottom-sm\">\r\n<div class=\"col-sm-1 col-md-offset-1\">\r\n<div class=\"icon pull-right\">\r\n<i class=\"icon-lock-1 icn lg\"><\/i>\r\n<\/div>\r\n<\/div>\r\n\r\n<div class=\"col-sm-4\">\r\n<h3>Datenschutz<\/h3>\r\n<p class=\"text-small\">Plagiarism Checker X respektiert Ihren Datenschutz vollst\u00e4ndig. Der gesamte Text, den Sie in die Software einf\u00fcgen, wird nicht ver\u00f6ffentlicht. Wie Sie wissen, handelt es sich hier um eine Software, nicht um eine Dienstleistung: Sie benutzen sie also direkt von Ihrem Desktop aus. Die Daten bleiben w\u00e4hrend der gesamten Analyse in Ihrem Ger\u00e4t und werden niemals in einer unserer Datenbanken gespeichert. Wir werden diese Daten nur zur Plagiatspr\u00fcfung verwenden. Sie k\u00f6nnen unsere Datenschutzerkl\u00e4rung lesen, um sich \u00fcber Ihre Rechte im Detail zu informieren.<\/p>\r\n<\/div>\r\n\r\n<div class=\"col-sm-1\">\r\n<div class=\"icon pull-right\">\r\n<i class=\"icon-paper-plane icn lg\"><\/i>\r\n<\/div>\r\n<\/div>\r\n\r\n<div class=\"col-sm-4\">\r\n<h3>Technologie f\u00fcr die Tiefensuche<\/h3>\r\n<p class=\"text-small\">Plagiarism Checker X wird mit der neuesten KI-f\u00e4higen Technologie des Deep-Learning neu erfunden. Sie erm\u00f6glicht es den Backend-Prozessoren, selbst kleinste Datenbits mit allen \u00f6ffentlichen Online-Inhalten gegenzupr\u00fcfen. So erhalten Sie eine ma\u00dfgeschneiderte Angabe \u00fcber die besten Ergebnisse.<\/p>\r\n<\/div>\r\n<\/div>\r\n\r\n<div class=\"row inner-bottom-sm\">\r\n<div class=\"col-sm-1 col-md-offset-1\">\r\n<div class=\"icon pull-right\">\r\n<i class=\"icon-flash icn lg\"><\/i>\r\n<\/div>\r\n<\/div>\r\n\r\n<div class=\"col-sm-4\">\r\n<h3>Beschleunigte 2x Geschwindigkeit<\/h3>\r\n<p class=\"text-small\">Die neueste Version von PCX ist vollgepackt mit leistungsstarken Funktionen. Der Leistungsvorteil der neuen Version ist doppelt so hoch wie der der vorherigen. W\u00e4hrend Sie das Dokument auf Online-Plagiate pr\u00fcfen, beschleunigt ein schnell arbeitender Algorithmus die Geschwindigkeit. So erhalten Sie ein besseres Erlebnis mit verdoppelter Leistung. Genie\u00dfen Sie die verdoppelte Verarbeitung und erhalten Sie schnellere Ergebnisse mit nur wenigen Klicks.<\/p>\r\n<\/div>\r\n\r\n<div class=\"col-sm-1\">\r\n<div class=\"icon pull-right\">\r\n<i class=\"icon-signal-1 icn md\"><\/i>\r\n<\/div>\r\n<\/div>\r\n\r\n<div class=\"col-sm-4\">\r\n<h3>26% h\u00f6here Genauigkeit<\/h3>\r\n<p class=\"text-small\">Das Genauigkeitspotenzial wird \u00fcberm\u00e4\u00dfig erh\u00f6ht, da wir den Kern neu erfunden haben. Das bedeutet, dass der eingef\u00fcgte Inhalt bis ins kleinste Detail analysiert wird. Dadurch erhalten Sie bessere Ergebnisse. Dadurch k\u00f6nnen Sie Ihren Inhalt f\u00fcr eine h\u00f6here Originalit\u00e4tsbewertung anpassen. Folglich gilt: Je h\u00f6her die Qualit\u00e4t, desto h\u00f6her der Anspruch an den Inhalt, den er erf\u00fcllt. Um Ihren Text als verfeinerte Qualit\u00e4tsarbeit erkennbar zu machen, holen Sie sich jetzt die neueste Version.<\/p>\r\n<\/div>\r\n<\/div>\r\n\r\n<div class=\"row\">\r\n<div class=\"col-sm-1 col-md-offset-1\">\r\n<div class=\"icon pull-right\">\r\n<i class=\"icon-gauge-1 icn lg\"><\/i>\r\n<\/div>\r\n<\/div>\r\n\r\n<div class=\"col-sm-4 inner-bottom-sm\">\r\n<h3>Kategorisierung und hervorgehobene Berichte<\/h3>\r\n<p class=\"text-small\">Bei der Entwicklung unseres &#8216;Plagiatpr\u00fcfungs-Tools&#8217; haben wir die &#8216;Benutzerfreundlichkeit&#8217; \u00fcber alles andere gestellt. Die Verwendung von Plagiarism Checker X ist nicht nur einfach, sondern macht auch Spa\u00df. Der kopierte Inhalt erh\u00e4lt eine bestimmte Farbe, abh\u00e4ngig vom Prozentsatz der Doppelung. Blau und Gelb sind ertr\u00e4glich, w\u00e4hrend Rot eine alarmierende Situation anzeigt, in der herausstreichen die einzige M\u00f6glichkeit ist.<\/p>\r\n<\/div>\r\n\r\n<div class=\"col-sm-1\">\r\n<div class=\"icon pull-right\">\r\n<i class=\"icon-eye icn lg\"><\/i>\r\n<\/div>\r\n<\/div>\r\n\r\n<div class=\"col-sm-4\">\r\n<h3>Originalquelle ausfindig machen<\/h3>\r\n<p class=\"text-small\">Plagiarism Checker X ist aufgrund seiner umfassenden Berichterstattung der beste Online-Plagiatdetektor. Wir bringen Sie beim Scannen von Inhalten einen Schritt weiter, indem wir Sie zur urspr\u00fcnglichen Quelle des Inhalts f\u00fchren. Wenn Sie Ihre schriftliche Arbeit zur Pr\u00fcfung einreichen, werden Ihnen einige URLS angezeigt, die den gleichen Inhalt wie Ihr eingereichtes Material haben. So k\u00f6nnen Sie leicht erkennen, ob die Daten kopiert wurden.<\/p>\r\n<\/div>\r\n<\/div>\r\n\r\n<div class=\"row\">\r\n<div class=\"col-sm-1 col-md-offset-1\">\r\n<div class=\"icon pull-right\">\r\n<i class=\"icon-docs icn lg\"><\/i>\r\n<\/div>\r\n<\/div>\r\n\r\n<div class=\"col-sm-4\">\r\n<h3>Integrierte Word &amp; PDF-Unterst\u00fctzung<\/h3>\r\n<p class=\"text-small\">Sie haben Microsoft Office nicht installiert? \u00dcberhaupt kein Problem! Plagiarism Checker X bietet integrierte Word- und PDF-Unterst\u00fctzung. Jetzt k\u00f6nnen Sie diese Funktion auch nutzen, wenn Sie kein Microsoft Word auf Ihrem System installiert haben. Durch die unabh\u00e4ngige Verarbeitung des Textes, ohne Microsoft und PDF-Reader, ist es m\u00f6glich, Text\u00e4hnlichkeiten in Ihren Inhalten nahtlos zu erkennen.<\/p>\r\n<\/div>\r\n\r\n<div class=\"col-sm-1\">\r\n<div class=\"icon pull-right\">\r\n<i class=\"icon-export icn lg\"><\/i>\r\n<\/div>\r\n<\/div>\r\n\r\n<div class=\"col-sm-4\">\r\n<h3>Ein-Klick-Exportberichte<\/h3>\r\n<p class=\"text-small\">Nachdem Sie das Plagiat analysiert haben, k\u00f6nnen Sie die Ergebnisse als PDF-Dokument oder als Word-Datei exportieren. Sie haben Microsoft Office nicht installiert? Kein Problem! Plagiarism Checker X bietet integrierte Word- und PDF-Unterst\u00fctzung. Sie k\u00f6nnen diese Funktion auch nutzen, wenn Sie Microsoft Word nicht auf Ihrem System installiert haben. <\/p>\r\n<\/div>\r\n<\/div>\r\n\r\n<\/div>\r\n<\/section>\r\n\r\n<section id=\"easySteps\">\r\n<div class=\"row inner-md\">\r\n<div class=\"col-md-7 center-block text-center\">\r\n<h1>Online-Plagiate in 4 Schritten verwenden<\/h1>\r\n<p>F\u00fchren Sie bei der Analyse Ihrer Inhalte auf Online-Plagiate die folgenden einfachen Schritte aus, um Ihr Dokument auf \u00c4hnlichkeitsprozente zu \u00fcberpr\u00fcfen. Es ist sehr einfach zu folgen. Sie k\u00f6nnen dies Schritt f\u00fcr Schritt tun.<\/p>\r\n<\/div>\r\n<\/div>\r\n\r\n<div class=\"row inner-bottom-sm\">\r\n  <div class=\"col-md-8 center-block\">\r\n\r\n  <div class=\"col-md-3 text-center\">\r\n  <img src=\"https:\/\/cdn.plagiarismcheckerx.com\/images\/thumbnails\/online-plagiarism-box-1.jpg\" loading=\"lazy\" style=\"border-radius: 50%;border: 2px solid #3F8DBF\" alt=\"Source Document\" width=\"200px\">\r\n  <br><br> <span class=\"blue\">1<\/span> Laden &amp; Klicken\r\n  <\/div>\r\n\r\n<div class=\"col-md-3 text-center\">\r\n  <img src=\"https:\/\/cdn.plagiarismcheckerx.com\/images\/thumbnails\/online-plagiarism-box-2.jpg\" loading=\"lazy\" style=\"border-radius: 50%;border: 2px solid #3F8DBF\" alt=\"Target Document\" width=\"200px\">\r\n<br><br> <span class=\"blue\">2<\/span> Warten Sie ein paar Sekunden!\r\n<\/div>\r\n\r\n<div class=\"col-md-3 text-center\">\r\n  <img src=\"https:\/\/cdn.plagiarismcheckerx.com\/images\/thumbnails\/online-plagiarism-box-3.jpg\" loading=\"lazy\" style=\"border-radius: 50%;border: 2px solid #3F8DBF\" alt=\"Check Plagiarism\" width=\"200px\">\r\n<br><br><span class=\"blue\">3<\/span> Zusammenfassung ansehen\r\n<\/div>\r\n\r\n\r\n<div class=\"col-md-3 text-center\">\r\n  <img src=\"https:\/\/cdn.plagiarismcheckerx.com\/images\/thumbnails\/online-plagiarism-box-4.jpg\" loading=\"lazy\" style=\"border-radius: 50%;border: 2px solid #3F8DBF\" alt=\"Text Side By Side Comparison Results\" width=\"200px\">\r\n<br><br><span class=\"blue\">4<\/span> Bericht ansehen!\r\n<\/div>\r\n\r\n<\/div>\r\n<\/div>\r\n\r\n<\/section>\r\n\r\n<div class=\"light-bg\">\n\n<section id=\"clients\">\n<div class=\"container inner-sm\">\n\n<div class=\"row\">\n<div class=\"col-md-8 col-sm-9 center-block text-center\">\n<header>\n<h2>Von f\u00fchrenden Instituten verwendet<\/h2>\n<p>Wir sch\u00e4tzen unsere Kundenerfahrungen. Schnelligkeit, Genauigkeit und die einfache Benutzeroberfl\u00e4che machen unsere Kunden zufrieden und loyal.<\/p>\n<\/header>\n<\/div>\n<\/div>\n\n<div class=\"row inner-top-xs\">\n<div class=\"col-sm-12\">\n<div id=\"owl-clients\" class=\"owl-carousel owl-outer-nav\">\n\n<div class=\"item\">\n<figure>\n<figcaption class=\"text-overlay\">\n<div class=\"info\">\n<h4>IEEE<\/h4>\n<\/div>\n<\/figcaption>\n<img class=\"SliceImages OrgImage1\">\n<\/figure>\n<\/div>\n\n<div class=\"item\">\n<figure>\n<figcaption class=\"text-overlay\">\n<div class=\"info\">\n<h4>American University of Science And Technology<\/h4>\n<\/div>\n<\/figcaption>\n<img class=\"SliceImages OrgImage2\">\n<\/figure>\n<\/div>\n\n<div class=\"item\">\n<figure>\n<figcaption class=\"text-overlay\">\n<div class=\"info\">\n<h4>Remington College<\/h4>\n<\/div>\n<\/figcaption>\n<img class=\"SliceImages OrgImage3\">\n<\/figure>\n<\/div>\n\n<div class=\"item\">\n<figure>\n<figcaption class=\"text-overlay\">\n<div class=\"info\">\n<h4>JM Field Marketing<\/h4>\n<\/div>\n<\/figcaption>\n<img class=\"SliceImages OrgImage4\">\n<\/figure>\n<\/div>\n\n<div class=\"item\">\n<figure>\n<figcaption class=\"text-overlay\">\n<div class=\"info\">\n<h4>University of Maribor<\/h4>\n<\/div>\n<\/figcaption>\n<img class=\"SliceImages OrgImage5\">\n<\/figure>\n<\/div>\n\n<div class=\"item\">\n<figure>\n<figcaption class=\"text-overlay\">\n<div class=\"info\">\n<h4>Great American Cookies<\/h4>\n<\/div>\n<\/figcaption>\n<img class=\"SliceImages OrgImage6\">\n<\/figure>\n<\/div>\n\n<div class=\"item\">\n<figure>\n<figcaption class=\"text-overlay\">\n<div class=\"info\">\n<h4>Ohio University<\/h4>\n<\/div>\n<\/figcaption>\n<img class=\"SliceImages OrgImage7\">\n<\/figure>\n<\/div>\n\n<div class=\"item\">\n<figure>\n<figcaption class=\"text-overlay\">\n<div class=\"info\">\n<h4>University Of Massachusetts Boston<\/h4>\n<\/div>\n<\/figcaption>\n<img class=\"SliceImages OrgImage8\">\n<\/figure>\n<\/div>\n\n<div class=\"item\">\n<figure>\n<figcaption class=\"text-overlay\">\n<div class=\"info\">\n<h4>Labournet Services India<\/h4>\n<\/div>\n<\/figcaption>\n<img class=\"SliceImages OrgImage9\">\n<\/figure>\n<\/div>\n\n<div class=\"item\">\n<figure>\n<figcaption class=\"text-overlay\">\n<div class=\"info\">\n<h4>King Saud University<\/h4>\n<\/div>\n<\/figcaption>\n<img class=\"SliceImages OrgImage10\">\n<\/figure>\n<\/div>\n\n<div class=\"item\">\n<figure>\n<figcaption class=\"text-overlay\">\n<div class=\"info\">\n<h4>Delta-State-University-Abraka<\/h4>\n<\/div>\n<\/figcaption>\n<img class=\"SliceImages OrgImage11\">\n<\/figure>\n<\/div>\n\n<div class=\"item\">\n<figure>\n<figcaption class=\"text-overlay\">\n<div class=\"info\">\n<h4>Trinity College<\/h4>\n<\/div>\n<\/figcaption>\n<img class=\"SliceImages OrgImage12\">\n<\/figure>\n<\/div>\n\n<\/div>\n<\/div>\n<\/div>\n\n<\/div>\n<\/section>\n\n<\/div>\r\n\n    <section id=\"what-are-you-waiting-for\">\n    <div class=\"container inner-sm\">\n    <div class=\"row\">\n    <div class=\"col-md-10 col-sm-9 center-block text-center\">\n    <header>\n    <h2>Nun, auf was wartest Du?<\/h2>\n    <\/header>\n    <p>Kurz gesagt, dieses leicht anwendbare Tool hilft Dir, die Komplexit\u00e4ten von Online-Plagiats-Detektoren und akademische Strafen zu vermeiden. Es gibt Universit\u00e4ten, an denen die Studierenden extreme Strafen f\u00fcrchten m\u00fcssen, so zum Beispiel akademische Bew\u00e4hrungsstrafen, Geldstrafen und sogar Ausschluss. Wenn die Arbeit Urheberrechte verletzt, kann es zu Gerichtsverfahren und Strafverfahren kommen. Daher ist das Anschaffen eines angemessenen Plagiats-Detektors sehr wichtig.<\/p>\n    <div class=\"row\">\n    <div class=\"col-md-8 center-block text-center\">\n    <figure><img src=\"https:\/\/cdn.plagiarismcheckerx.com\/images\/credit-cards-2.png\" loading=\"lazy\" alt=\"Credit Cards\"> <\/figure>\n    <\/div><\/div>\n    <div>\n    <a href=\"..\/download-thank-you\" class=\"btn btn-large btn-gray\">FREE DOWNLOAD<\/a>&nbsp;\n    <a href=\"..\/buy\" class=\"btn btn-large\">BUY PRO<\/a>\n    <\/div>\n    <\/div>\n    <\/div>\n    <\/div>\n    <\/section>\n\n\n    \r\n","protected":false},"excerpt":{"rendered":"<p>Online-Plagiatdetektor Sie k\u00f6nnen die Existenz Ihrer Inhalte \u00fcber das Web finden. Es wurde f\u00fcr Lehrende, Studierende und Verleger\/innen entwickelt. Plagiate bereiten Studierenden, Lehrenden, Autoren\/innen von Webinhalten, Website-Administratoren\/innen und Online-Verlegern\/innen st\u00e4ndig Kopfzerbrechen. Mit der Verf\u00fcgbarkeit von Online-Ressourcen hat der Trend zum Kopieren\/Einf\u00fcgen zugenommen. Dies verst\u00f6\u00dft nicht nur gegen die Berufsethik, sondern verletzt auch Urheberrechte, was zu [&hellip;]<\/p>\n","protected":false},"author":1,"featured_media":0,"parent":0,"menu_order":0,"comment_status":"closed","ping_status":"closed","template":"","meta":[],"_links":{"self":[{"href":"https:\/\/plagiarismcheckerx.com\/de\/wp-json\/wp\/v2\/pages\/67"}],"collection":[{"href":"https:\/\/plagiarismcheckerx.com\/de\/wp-json\/wp\/v2\/pages"}],"about":[{"href":"https:\/\/plagiarismcheckerx.com\/de\/wp-json\/wp\/v2\/types\/page"}],"author":[{"embeddable":true,"href":"https:\/\/plagiarismcheckerx.com\/de\/wp-json\/wp\/v2\/users\/1"}],"replies":[{"embeddable":true,"href":"https:\/\/plagiarismcheckerx.com\/de\/wp-json\/wp\/v2\/comments?post=67"}],"version-history":[{"count":2,"href":"https:\/\/plagiarismcheckerx.com\/de\/wp-json\/wp\/v2\/pages\/67\/revisions"}],"predecessor-version":[{"id":330,"href":"https:\/\/plagiarismcheckerx.com\/de\/wp-json\/wp\/v2\/pages\/67\/revisions\/330"}],"wp:attachment":[{"href":"https:\/\/plagiarismcheckerx.com\/de\/wp-json\/wp\/v2\/media?parent=67"}],"curies":[{"name":"wp","href":"https:\/\/api.w.org\/{rel}","templated":true}]}}