{"id":65,"date":"2020-11-25T10:33:36","date_gmt":"2020-11-25T10:33:36","guid":{"rendered":"https:\/\/plagiarismcheckerx.com\/wordpress\/es\/?page_id=65"},"modified":"2020-12-04T09:37:35","modified_gmt":"2020-12-04T09:37:35","slug":"features","status":"publish","type":"page","link":"https:\/\/plagiarismcheckerx.com\/de\/features","title":{"rendered":"Features"},"content":{"rendered":"\r\n<section id=\"features\">\r\n<div class=\"container inner-sm\">\r\n<div class=\"row\">\r\n<div class=\"col-md-10 text-center center-block\">\r\n<h1 align=\"center\">Testen Sie die Plagiarism X Funktionen<\/h1>\r\n<p>Sind Sie ein flei\u00dfiger Student, Blogger oder Content-Writer? Oder ein\/e pflichtbewusste\/r Lehrer\/in, Redakteur\/in, Verleger\/in oder SEO? Wenn Sie einer der oben genannten sind, dann ist es sehr wahrscheinlich, dass Sie sich der Konsequenzen von plagiierten Inhalten bewusst sind. Unser Team von &#8216;Plagiarism Checker X&#8217; wei\u00df Ihre harte Arbeit und Ihren Einsatz zu sch\u00e4tzen. Deshalb haben wir den besten Plagiatdetektor entwickelt, der speziell f\u00fcr Leute wie Sie entwickelt wurde.<\/p>\r\n<div align=\"center\">\r\n<a href=\"\/download-thank-you\" class=\"btn btn-large btn-gray\">FREE DOWNLOAD<\/a> &nbsp;\r\n<a href=\"..\/buy\" class=\"btn btn-large\">BUY PRO<\/a>\r\n<\/div>\r\n<\/div>\r\n<\/div>\r\n<\/div>\r\n<\/section>\r\n\r\n<section id=\"center\" class=\"border-top\">\r\n<div class=\"row inner-md\">\r\n<div class=\"col-md-1\"><\/div>\r\n<div class=\"col-md-5\">\r\n<h2>Online-Plagiat-Erkennung <\/h2>\r\n<p>Unsere Grundfunktion erkennt plagiierte Inhalte \u00fcber mehrere Suchmaschinen. Das Ergebnis ist, dass Ihre Dokumente durch 16 Milliarden+ indizierte Webseiten gescannt werden.\r\n<\/p>\r\n<\/div>\r\n\r\n<div class=\"col-md-1\"><\/div>\r\n<div class=\"col-md-3\">\r\n<img src=\"https:\/\/cdn.plagiarismcheckerx.com\/images\/promo_one.png\" style=\"height: 180px\">\r\n<\/div>\r\n<div class=\"col-md-2\"><\/div>\r\n<\/div>\r\n\r\n<div class=\"row inner-sm\">\r\n<div class=\"col-md-2\"><\/div>\r\n<div class=\"col-md-3\">\r\n<img src=\"https:\/\/cdn.plagiarismcheckerx.com\/images\/side-by-side-comparison.png\" loading=\"lazy\" style=\"height: 180px\">\r\n<\/div>\r\n<div class=\"col-md-1\"><\/div>\r\n<div class=\"col-md-5\">\r\n<h2>Seite-an-Seite Vergleich <\/h2>\r\n<p>Eine praktische Option, die es Ihnen erm\u00f6glicht, Ihre Inhalte zwischen zwei Fenstern hin und her zu schieben und kopierte Inhalte m\u00fchelos zu finden. Redakteure und SEO-Analysten werden diese Funktion lieben.<\/p>\r\n<\/div>\r\n<div class=\"col-md-1\"><\/div>\r\n<\/div>\r\n\r\n<div class=\"row inner-sm\">\r\n<div class=\"col-md-1\"><\/div>\r\n<div class=\"col-md-5\">\r\n<h2>Bulk-Cross-Vergleich  <\/h2>\r\n<p>Ein einzigartiges und exklusives Merkmal unseres Programms. Damit k\u00f6nnen Sie mehrere Dokumente analysieren, um die Originalit\u00e4t innerhalb einer oder mehrerer Quellen zu bestimmen. Beispielsweise k\u00f6nnen Lehrkr\u00e4fte mit nur einem Mausklick Aufgaben aus einem ganzen Stapel per Quervergleich gegenpr\u00fcfen.<\/p>\r\n<\/div>\r\n<div class=\"col-md-1\"><\/div>\r\n\r\n<div class=\"col-md-3\">\r\n<img src=\"https:\/\/cdn.plagiarismcheckerx.com\/images\/bulk-plagiarism.png\" loading=\"lazy\" style=\"height: 180px\">\r\n<\/div>\r\n<div class=\"col-md-2\"><\/div>\r\n<\/div>\r\n\r\n<div class=\"row inner-sm\">\r\n<div class=\"col-md-2\"><\/div>\r\n<div class=\"col-md-3\">\r\n<img src=\"https:\/\/cdn.plagiarismcheckerx.com\/images\/accuracy.png\" loading=\"lazy\" style=\"height: 180px\">\r\n<\/div>\r\n<div class=\"col-md-1\"><\/div>\r\n<div class=\"col-md-5\">\r\n<h2>Genaue &amp; sofortige Ergebnisse  <\/h2>\r\n<p>Sp\u00fcren Sie die Geschwindigkeit mit unserem fortschrittlichen Algorithmus, der bis zu 20.000 W\u00f6rter innerhalb einer Sekunde pr\u00fcft und Ihnen sofortige Ergebnisse liefert. Dar\u00fcber hinaus zeigen Vergleichsstudien, die von unabh\u00e4ngigen Pr\u00fcfstellen durchgef\u00fchrt wurden, dass unsere Genauigkeit dreimal h\u00f6her ist als bei anderen \u00e4hnlichen Anwendungen.<\/p>\r\n<\/div>\r\n<div class=\"col-md-1\"><\/div>\r\n<\/div>\r\n\r\n<div class=\"row inner-sm\">\r\n<div class=\"col-md-1\"><\/div>\r\n<div class=\"col-md-5\">\r\n<h2>100% garantierter Datenschutz f\u00fcr Benutzer   <\/h2>\r\n<p>Keiner Ihrer eingereichten Inhalte wird kopiert, gespeichert oder verkauft. Bisher das einzige Tool zur Plagiatserkennung, das diese Funktion bietet.<\/p>\r\n<\/div>\r\n<div class=\"col-md-1\"><\/div>\r\n<div class=\"col-md-3 text-center\">\r\n<img src=\"https:\/\/cdn.plagiarismcheckerx.com\/images\/safe.png\" loading=\"lazy\" style=\"height: 180px\">\r\n<\/div>\r\n<div class=\"col-md-2\"><\/div>\r\n<\/div>\r\n\r\n<div class=\"row inner-sm\">\r\n<div class=\"col-md-1\"><\/div>\r\n<div class=\"col-md-4 \">\r\n<img src=\"https:\/\/cdn.plagiarismcheckerx.com\/images\/formats.png\" loading=\"lazy\" style=\"height: 180px\">\r\n<\/div>\r\n<div class=\"col-md-1\"><\/div>\r\n<div class=\"col-md-5\">\r\n<h2>Verbesserte Kompatibilit\u00e4t<\/h2>\r\n<p>Unsere Anwendung unterst\u00fctzt alle g\u00e4ngigen textbasierten Formate einschlie\u00dflich PDF, DOCX, DOC, RTF und HTML. Dar\u00fcber hinaus ist sie mit allen verf\u00fcgbaren Windowsversionen kompatibel.<\/p>\r\n<\/div>\r\n<div class=\"col-md-1\"><\/div>\r\n<\/div>\r\n\r\n<div class=\"row inner-sm\">\r\n<div class=\"col-md-1\"><\/div>\r\n<div class=\"col-md-5\">\r\n<h2>mehreren Sprachen Support  &amp; Verf\u00fcgbarkeit<\/h2>\r\n<p>Arbeiten Sie in verschiedenen Sprachen? Sie brauchen nichts f\u00fcr separate Tools zu bezahlen, da unsere Anwendung derzeit 7 Sprachen, d.h. Englisch, Spanisch, Franz\u00f6sisch, Deutsch, Italienisch, Niederl\u00e4ndisch und Portugiesisch, mit voller Funktionalit\u00e4t unterst\u00fctzt. Weitere Sprachen werden in K\u00fcrze verf\u00fcgbar sein.<\/p>\r\n<\/div>\r\n<div class=\"col-md-1\"><\/div>\r\n<div class=\"col-md-3\">\r\n<img src=\"https:\/\/cdn.plagiarismcheckerx.com\/images\/languages.png\" loading=\"lazy\" style=\"height: 180px\">\r\n<\/div>\r\n<div class=\"col-md-2\"><\/div>\r\n<\/div>\r\n\r\n<div class=\"row inner-sm\">\r\n<div class=\"col-md-2\"><\/div>\r\n<div class=\"col-md-3\">\r\n<img src=\"https:\/\/cdn.plagiarismcheckerx.com\/images\/color-density.png\" loading=\"lazy\" style=\"height: 180px\">\r\n<\/div>\r\n<div class=\"col-md-1\"><\/div>\r\n<div class=\"col-md-5\">\r\n<h2>Farbcodierte dichtebasierte Ergebnisse  <\/h2>\r\n<p>Eine intuitive Art, Ergebnisse auf einen Blick zu verstehen.<\/p>\r\n<\/div>\r\n<div class=\"col-md-1\"><\/div>\r\n<\/div>\r\n\r\n<div class=\"row inner-sm\">\r\n<div class=\"col-md-1\"><\/div>\r\n<div class=\"col-md-5\">\r\n<h2>Engagierter technischer 24\/7-Support <\/h2>\r\n<p>Brauchen Sie Hilfe? Kontaktieren Sie uns jederzeit und \u00fcberall, um mit einem unserer Kundenberater zu sprechen. Nur f\u00fcr Sie verf\u00fcgbar, rund um die Uhr.<\/p>\r\n<\/div>\r\n<div class=\"col-md-1\"><\/div>\r\n<div class=\"col-md-3\">\r\n<img src=\"https:\/\/cdn.plagiarismcheckerx.com\/images\/24x7.png\" loading=\"lazy\" style=\"height: 180px\">\r\n<\/div>\r\n<div class=\"col-md-2\"><\/div>\r\n<\/div>\r\n\r\n<div class=\"row inner-top-sm\">\r\n<div class=\"col-md-2\"><\/div>\r\n<div class=\"col-md-3\">\r\n<img src=\"https:\/\/cdn.plagiarismcheckerx.com\/images\/cost-effective.png\" loading=\"lazy\" style=\"height: 180px\">\r\n<\/div>\r\n<div class=\"col-md-1\"><\/div>\r\n<div class=\"col-md-5\">\r\n<h2>Kosteng\u00fcnstig <\/h2>\r\n<p>Und nicht zuletzt bieten wir Ihnen ein gutes Preis-Leistungs-Verh\u00e4ltnis. Anstatt also hohe Geb\u00fchren zu verlangen, steht Ihnen unsere L\u00f6sung als Einmalzahlungsl\u00f6sung zur Verf\u00fcgung. W\u00e4hlen Sie einfach den Plan, der Ihren Bed\u00fcrfnissen am besten entspricht, d.h. Einzelbenutzer oder mehrere Benutzer.<\/p>\r\n<\/div>\r\n<div class=\"col-md-1\"><\/div>\r\n<\/div>\r\n<br><br><br>\r\n<\/section>\r\n\r\n<div class=\"light-bg\">\n    <section id=\"quick-video\">\n    <div class=\"container inner-sm\">\n    <div class=\"row\">\n    <div class=\"col-md-10 col-sm-9 center-block text-center\">\n    <header>\n    <h2>Schnelles 1-Minuten-Video \u00fcber die Funktionen!<\/h2>\n    <p>Verschaffen Sie sich einen \u00dcberblick \u00fcber alle in Plagiarism Checker X verf\u00fcgbaren Tools in dem kurzen und schnellen 1-Minuten-Video von Plagiarism Checker X. Klicken Sie einfach darauf, werfen Sie einen Blick auf alle verf\u00fcgbaren Tools und legen Sie sofort los.<\/p>\n    <div class=\"row\">\n    <div class=\"col-md-8 center-block text-center\">\n    <iframe src=\"https:\/\/www.youtube.com\/embed\/8hlmDcQ18rE?modestbranding=1&playlist=h9KxPuCCn6M,4Y18EvBvGdg,yzH_fw0bxrU,7zsNw-HEO_Q\" width=\"560\" height=\"315\" frameborder=\"0\"><\/iframe>\n    <\/div><\/div>\n    <\/header>\n    <\/div>\n    <\/div>\n    <\/div>\n    <\/section>\n\n\n    <\/div>\r\n\n\n<section id=\"your-data-is-safe\">\n<div class=\"container inner-sm\">\n<div class=\"row\">\n<div class=\"col-md-10 col-sm-9 center-block text-center\">\n<header>\n<h2>Tus Datos est\u00e1n Seguros con este Dispositivo, No Necesitas Subirlos<\/h2>\n<p>\"Como usuario, no necesitas subir tus ex\u00e1menes y contenidos a tu base de datos, en vez de ello, los documentos se quedan donde est\u00e1n. Esta caracter\u00edstica hace que el Revisor de Plagios X sea bastante diferente al resto de proveedores de servicios en el mercado. As\u00ed que, \u00a1Apres\u00farate!, \u00a1Obt\u00e9n una reproducci\u00f3n aqu\u00ed!\".<\/p>\n<div class=\"row\">\n<div class=\"col-md-8 center-block text-center\">\n<figure><img src=\"https:\/\/cdn.plagiarismcheckerx.com\/images\/credit-cards-2.png\" alt=\"Credit Cards\"> <\/figure>\n<\/div><\/div>\n<\/header>\n<div>\n<a href=\"..\/download-thank-you\" class=\"btn btn-large\">FREE DOWNLOAD<\/a> \n<a href=\"..\/buy\" class=\"btn btn-large\">BUY PRO<\/a>\n<\/div>\n<\/div>\n<\/div>\n<\/div>\n<\/section>\n\n\r\n","protected":false},"excerpt":{"rendered":"<p>Testen Sie die Plagiarism X Funktionen Sind Sie ein flei\u00dfiger Student, Blogger oder Content-Writer? Oder ein\/e pflichtbewusste\/r Lehrer\/in, Redakteur\/in, Verleger\/in oder SEO? Wenn Sie einer der oben genannten sind, dann ist es sehr wahrscheinlich, dass Sie sich der Konsequenzen von plagiierten Inhalten bewusst sind. Unser Team von &#8216;Plagiarism Checker X&#8217; wei\u00df Ihre harte Arbeit und [&hellip;]<\/p>\n","protected":false},"author":1,"featured_media":0,"parent":0,"menu_order":0,"comment_status":"closed","ping_status":"closed","template":"","meta":[],"_links":{"self":[{"href":"https:\/\/plagiarismcheckerx.com\/de\/wp-json\/wp\/v2\/pages\/65"}],"collection":[{"href":"https:\/\/plagiarismcheckerx.com\/de\/wp-json\/wp\/v2\/pages"}],"about":[{"href":"https:\/\/plagiarismcheckerx.com\/de\/wp-json\/wp\/v2\/types\/page"}],"author":[{"embeddable":true,"href":"https:\/\/plagiarismcheckerx.com\/de\/wp-json\/wp\/v2\/users\/1"}],"replies":[{"embeddable":true,"href":"https:\/\/plagiarismcheckerx.com\/de\/wp-json\/wp\/v2\/comments?post=65"}],"version-history":[{"count":3,"href":"https:\/\/plagiarismcheckerx.com\/de\/wp-json\/wp\/v2\/pages\/65\/revisions"}],"predecessor-version":[{"id":328,"href":"https:\/\/plagiarismcheckerx.com\/de\/wp-json\/wp\/v2\/pages\/65\/revisions\/328"}],"wp:attachment":[{"href":"https:\/\/plagiarismcheckerx.com\/de\/wp-json\/wp\/v2\/media?parent=65"}],"curies":[{"name":"wp","href":"https:\/\/api.w.org\/{rel}","templated":true}]}}