{"id":50,"date":"2020-11-25T09:13:40","date_gmt":"2020-11-25T09:13:40","guid":{"rendered":"https:\/\/plagiarismcheckerx.com\/wordpress\/es\/?page_id=50"},"modified":"2020-12-04T09:37:35","modified_gmt":"2020-12-04T09:37:35","slug":"plagiarism-checker-for-publishers","status":"publish","type":"page","link":"https:\/\/plagiarismcheckerx.com\/de\/plagiarism-checker-for-publishers","title":{"rendered":"For Publishers"},"content":{"rendered":"\r\n<section id=\"services\">\r\n\r\n<div class=\"container inner-top-sm\">\r\n<div class=\"row inner-bottom-sm\">\r\n<div class=\"col-md-4 col-md-offset-1\">\r\n<figure><img src=\"https:\/\/cdn.plagiarismcheckerx.com\/images\/publishers.jpg\" alt=\"\"><\/figure>\r\n<\/div>\r\n\r\n<div class=\"col-md-7\">\r\n\r\n<h1 class=\"text-center\">Plagiatspr\u00fcfer f\u00fcr Publisher &amp; SEO-Experten<\/h1>\r\n\r\n<p>F\u00fcr Online-Verleger und Betreiber von Webseiten ist es sehr wichtig, die Einzigartigkeit der Inhalte auf ihren Portalen sicherzustellen. Der Plagiatspr\u00fcfer X kann Wunder wirken, indem er Website-Besitzern und -Verwaltern erweiterte Hilfe bietet. Er erkennt Online-Plagiate und kann auch beim Content-Management-Prozess helfen.<\/p>\r\n\r\n<div align=\"center\">\r\n\r\n<a href=\"..\/download-thank-you\" class=\"btn btn-large btn-gray\">FREE DOWNLOAD<\/a> \r\n<a href=\"..\/buy\" class=\"btn btn-large\">BUY PRO<\/a>\r\n\r\n<\/div>\r\n\r\n<\/div>\r\n\r\n<\/div>\r\n\r\n<\/div>\r\n\r\n<\/section>\r\n\r\n<section id=\"features\" class=\"light-bg\">\r\n\r\n<div class=\"container inner-sm\">\r\n\r\n<div class=\"row\">\r\n\r\n<div class=\"col-md-11 col-md-offset-1\">\r\n\r\n<header class=\"text-center\">\r\n\r\n<h2>Die beste Wahl f\u00fcr Publishers<\/h2>\r\n\r\n<\/header>\r\n\r\n<p><\/p>\r\n\r\n<\/div>\r\n\r\n<\/div>\r\n\r\n<div class=\"row inner-top-sm col-md-offset-1\">\r\n\r\n<div class=\"col-sm-1\">\r\n\r\n<div class=\"icon pull-right\">\r\n\r\n<i class=\"icon-lamp icn lg\"><\/i>\r\n\r\n<\/div>\r\n\r\n<\/div>\r\n\r\n<div class=\"col-sm-5 inner-bottom-sm\">\r\n\r\n<h3>\u00dcberblick<\/h3>\r\n\r\n<p class=\"text-small\">Verleger k\u00f6nnen sehen, ob der Content tats\u00e4chlich original ist oder eine &#8216;unzumutbare&#8217; Menge an Vervielf\u00e4ltigung enth\u00e4lt. Der Plagiatspr\u00fcfer X erstellt einen detaillierten Bericht \u00fcber den zu ver\u00f6ffentlichen Inhalt. Zus\u00e4tzlichen Nutzen hat die &#8220;Massensuchfunktion&#8221; f\u00fcr Editoren\/ Web Content Manager, die damit mehrere Dokumente gleichzeitig auf Plagiat untersuchen k\u00f6nnen. Die Zahl der Dokumente ist nicht begrenzt, weshalb Sie mehrere Texte\/ Blogposts auf einen Klick \u00fcberpr\u00fcfen k\u00f6nnnen.<\/p>\r\n\r\n<\/div>\r\n\r\n<div class=\"col-sm-1\">\r\n\r\n<div class=\"icon pull-right\">\r\n\r\n<i class=\"icon-doc icn lg\"><\/i>\r\n\r\n<\/div>\r\n\r\n<\/div>\r\n\r\n<div class=\"col-sm-5 inner-bottom-sm\">\r\n\r\n<h3>Produkt statt Dienstleistung<\/h3>\r\n\r\n<p class=\"text-small\">Wenn man Produkte in diesem Bereich vergleicht, wird deutlich, dass der Plagiatspr\u00fcfer X einen gro\u00dfen Kostenvorteil hat. Wenn wir uns die verf\u00fcgbaren Online-Plagiatspr\u00fcfer anschauen, funktionieren die meisten nach dem Prinzip &#8220;Pay per Paper&#8221;, also Bezahlung pro Dokument. Im Gegensatz dazu hat der Benutzer beim Plagiatspr\u00fcfer X sogar eine 14-t\u00e4gige kostenloseTestversion zur Verf\u00fcgung, um das Produkt zu testen. Besuchen Sie die Sektion &#8220;Funktionen&#8221;, um mehr \u00fcber die Dienstprogramme und Vorteile des f\u00fchrenden Plagiatspr\u00fcfers zu erfahren.<\/p>\r\n\r\n<\/div>\r\n\r\n<\/div>\r\n\r\n<div class=\"row inner-top-x col-md-offset-1\">\r\n\r\n<div class=\"col-sm-1\">\r\n\r\n<div class=\"icon pull-right\">\r\n\r\n<i class=\"icon-edit icn lg\"><\/i>\r\n\r\n<\/div>\r\n\r\n<\/div>\r\n\r\n<div class=\"col-sm-5 inner-bottom-sm\">\r\n\r\n<h3>Stellen Sie Originalit\u00e4t sicher<\/h3>\r\n\r\n<p class=\"text-small\">Einzigartigkeit und Einfallsreichtum sind das, was eine Marke von den anderen unterscheidet. Wenn Ihr Inhalt anderen \u00e4hnlich ist oder Sie dasselbe wie XYZ anbieten, sehen Kunden m\u00f6glicherweise Ihren Wert nicht. Und Google sieht es nicht gerne, wenn auf Webseiten Content von Wettbewerbern erscheint. Um den Status von vorhandenem Content auf Ihrer Website\/Ihrem Blog zu \u00fcberpr\u00fcfen, m\u00fcssen Sie nur die URL der betreffenden Seite eingeben und auf &#8220;Analysieren&#8221; klicken. <br><br> Die Software durchsucht automatisch die beliebtesten Suchmaschinen: Google, Bing und Yahoo. Zus\u00e4tzlich hilft sie Ihnen nachzupr\u00fcfen, ob Ihre publizierten Artikel von anderen weiterverwendet werden.<\/p>\r\n\r\n<\/div>\r\n\r\n<div class=\"col-sm-1\">\r\n\r\n<div class=\"icon pull-right\">\r\n\r\n<i class=\"icon-umbrella icn lg\"><\/i>\r\n\r\n<\/div>\r\n\r\n<\/div>\r\n\r\n\r\n\r\n<div class=\"col-sm-5 inner-bottom-sm\">\r\n\r\n<h3>Sch\u00fctzen Sie Ihre Marke<\/h3>\r\n\r\n<p class=\"text-small\">Tools zur Plagiatspr\u00fcfung helfen nicht nur, Vervielf\u00e4ltigungen zu vermeiden, sondern auch, Ihre Marke zu sch\u00fctzen. Wenn Ihre harte Arbeit von irgendeinem Copy\/Paste-Experten als sein eigenes Werk pr\u00e4sentiert wird, kann das wirklich schmerzhaft sein. Mit einem Plagiatspr\u00fcfungstool k\u00f6nnen Sie Ihre Arbeit verfolgen und Ihre Marke zu sch\u00fctzen. Als Verleger m\u00fcssen Sie sich der Probleme von Urheberrechtsverletzungen bewusst sein. <br><br> Einfach ausgedr\u00fcckt, dies ist aus ethischer, rechtlicher und unternehmerischer Sicht ein sehr ernstes Thema. Selbst wenn Sie nur ihre eigenen Texte ver\u00f6fentlichen, empfiehlt es sich dringend, sich einige Sekunden Zeit zu nehmen, um sich so vor zuk\u00fcnftigen Problemen zu sch\u00fctzen.<\/p>\r\n\r\n<\/div>\r\n\r\n<\/div>\r\n\r\n<\/div>\r\n\r\n<\/section>\r\n\r\n\n\n<section id=\"clients\">\n<div class=\"container inner-sm\">\n\n<div class=\"row\">\n<div class=\"col-md-8 col-sm-9 center-block text-center\">\n<header>\n<h2>Von f\u00fchrenden Instituten verwendet<\/h2>\n<p>Wir sch\u00e4tzen unsere Kundenerfahrungen. Schnelligkeit, Genauigkeit und die einfache Benutzeroberfl\u00e4che machen unsere Kunden zufrieden und loyal.<\/p>\n<\/header>\n<\/div>\n<\/div>\n\n<div class=\"row inner-top-xs\">\n<div class=\"col-sm-12\">\n<div id=\"owl-clients\" class=\"owl-carousel owl-outer-nav\">\n\n<div class=\"item\">\n<figure>\n<figcaption class=\"text-overlay\">\n<div class=\"info\">\n<h4>IEEE<\/h4>\n<\/div>\n<\/figcaption>\n<img class=\"SliceImages OrgImage1\">\n<\/figure>\n<\/div>\n\n<div class=\"item\">\n<figure>\n<figcaption class=\"text-overlay\">\n<div class=\"info\">\n<h4>American University of Science And Technology<\/h4>\n<\/div>\n<\/figcaption>\n<img class=\"SliceImages OrgImage2\">\n<\/figure>\n<\/div>\n\n<div class=\"item\">\n<figure>\n<figcaption class=\"text-overlay\">\n<div class=\"info\">\n<h4>Remington College<\/h4>\n<\/div>\n<\/figcaption>\n<img class=\"SliceImages OrgImage3\">\n<\/figure>\n<\/div>\n\n<div class=\"item\">\n<figure>\n<figcaption class=\"text-overlay\">\n<div class=\"info\">\n<h4>JM Field Marketing<\/h4>\n<\/div>\n<\/figcaption>\n<img class=\"SliceImages OrgImage4\">\n<\/figure>\n<\/div>\n\n<div class=\"item\">\n<figure>\n<figcaption class=\"text-overlay\">\n<div class=\"info\">\n<h4>University of Maribor<\/h4>\n<\/div>\n<\/figcaption>\n<img class=\"SliceImages OrgImage5\">\n<\/figure>\n<\/div>\n\n<div class=\"item\">\n<figure>\n<figcaption class=\"text-overlay\">\n<div class=\"info\">\n<h4>Great American Cookies<\/h4>\n<\/div>\n<\/figcaption>\n<img class=\"SliceImages OrgImage6\">\n<\/figure>\n<\/div>\n\n<div class=\"item\">\n<figure>\n<figcaption class=\"text-overlay\">\n<div class=\"info\">\n<h4>Ohio University<\/h4>\n<\/div>\n<\/figcaption>\n<img class=\"SliceImages OrgImage7\">\n<\/figure>\n<\/div>\n\n<div class=\"item\">\n<figure>\n<figcaption class=\"text-overlay\">\n<div class=\"info\">\n<h4>University Of Massachusetts Boston<\/h4>\n<\/div>\n<\/figcaption>\n<img class=\"SliceImages OrgImage8\">\n<\/figure>\n<\/div>\n\n<div class=\"item\">\n<figure>\n<figcaption class=\"text-overlay\">\n<div class=\"info\">\n<h4>Labournet Services India<\/h4>\n<\/div>\n<\/figcaption>\n<img class=\"SliceImages OrgImage9\">\n<\/figure>\n<\/div>\n\n<div class=\"item\">\n<figure>\n<figcaption class=\"text-overlay\">\n<div class=\"info\">\n<h4>King Saud University<\/h4>\n<\/div>\n<\/figcaption>\n<img class=\"SliceImages OrgImage10\">\n<\/figure>\n<\/div>\n\n<div class=\"item\">\n<figure>\n<figcaption class=\"text-overlay\">\n<div class=\"info\">\n<h4>Delta-State-University-Abraka<\/h4>\n<\/div>\n<\/figcaption>\n<img class=\"SliceImages OrgImage11\">\n<\/figure>\n<\/div>\n\n<div class=\"item\">\n<figure>\n<figcaption class=\"text-overlay\">\n<div class=\"info\">\n<h4>Trinity College<\/h4>\n<\/div>\n<\/figcaption>\n<img class=\"SliceImages OrgImage12\">\n<\/figure>\n<\/div>\n\n<\/div>\n<\/div>\n<\/div>\n\n<\/div>\n<\/section>\n\n\r\n<div class=\"light-bg\">\n\n<section id=\"your-data-is-safe\">\n<div class=\"container inner-sm\">\n<div class=\"row\">\n<div class=\"col-md-10 col-sm-9 center-block text-center\">\n<header>\n<h2>Tus Datos est\u00e1n Seguros con este Dispositivo, No Necesitas Subirlos<\/h2>\n<p>\"Como usuario, no necesitas subir tus ex\u00e1menes y contenidos a tu base de datos, en vez de ello, los documentos se quedan donde est\u00e1n. Esta caracter\u00edstica hace que el Revisor de Plagios X sea bastante diferente al resto de proveedores de servicios en el mercado. As\u00ed que, \u00a1Apres\u00farate!, \u00a1Obt\u00e9n una reproducci\u00f3n aqu\u00ed!\".<\/p>\n<div class=\"row\">\n<div class=\"col-md-8 center-block text-center\">\n<figure><img src=\"https:\/\/cdn.plagiarismcheckerx.com\/images\/credit-cards-2.png\" alt=\"Credit Cards\"> <\/figure>\n<\/div><\/div>\n<\/header>\n<div>\n<a href=\"..\/download-thank-you\" class=\"btn btn-large\">FREE DOWNLOAD<\/a> \n<a href=\"..\/buy\" class=\"btn btn-large\">BUY PRO<\/a>\n<\/div>\n<\/div>\n<\/div>\n<\/div>\n<\/section>\n\n<\/div>\r\n","protected":false},"excerpt":{"rendered":"<p>Plagiatspr\u00fcfer f\u00fcr Publisher &amp; SEO-Experten F\u00fcr Online-Verleger und Betreiber von Webseiten ist es sehr wichtig, die Einzigartigkeit der Inhalte auf ihren Portalen sicherzustellen. Der Plagiatspr\u00fcfer X kann Wunder wirken, indem er Website-Besitzern und -Verwaltern erweiterte Hilfe bietet. Er erkennt Online-Plagiate und kann auch beim Content-Management-Prozess helfen. Die beste Wahl f\u00fcr Publishers \u00dcberblick Verleger k\u00f6nnen sehen, [&hellip;]<\/p>\n","protected":false},"author":1,"featured_media":0,"parent":0,"menu_order":0,"comment_status":"closed","ping_status":"closed","template":"","meta":[],"_links":{"self":[{"href":"https:\/\/plagiarismcheckerx.com\/de\/wp-json\/wp\/v2\/pages\/50"}],"collection":[{"href":"https:\/\/plagiarismcheckerx.com\/de\/wp-json\/wp\/v2\/pages"}],"about":[{"href":"https:\/\/plagiarismcheckerx.com\/de\/wp-json\/wp\/v2\/types\/page"}],"author":[{"embeddable":true,"href":"https:\/\/plagiarismcheckerx.com\/de\/wp-json\/wp\/v2\/users\/1"}],"replies":[{"embeddable":true,"href":"https:\/\/plagiarismcheckerx.com\/de\/wp-json\/wp\/v2\/comments?post=50"}],"version-history":[{"count":3,"href":"https:\/\/plagiarismcheckerx.com\/de\/wp-json\/wp\/v2\/pages\/50\/revisions"}],"predecessor-version":[{"id":355,"href":"https:\/\/plagiarismcheckerx.com\/de\/wp-json\/wp\/v2\/pages\/50\/revisions\/355"}],"wp:attachment":[{"href":"https:\/\/plagiarismcheckerx.com\/de\/wp-json\/wp\/v2\/media?parent=50"}],"curies":[{"name":"wp","href":"https:\/\/api.w.org\/{rel}","templated":true}]}}