{"id":48,"date":"2020-11-25T10:24:42","date_gmt":"2020-11-25T10:24:42","guid":{"rendered":"https:\/\/plagiarismcheckerx.com\/wordpress\/es\/?page_id=48"},"modified":"2020-12-04T09:37:35","modified_gmt":"2020-12-04T09:37:35","slug":"plagiarism-checker-for-teachers","status":"publish","type":"page","link":"https:\/\/plagiarismcheckerx.com\/de\/plagiarism-checker-for-teachers","title":{"rendered":"For Teachers"},"content":{"rendered":"\r\n<section id=\"services\">\r\n\r\n<div class=\"container inner-top-md\">\r\n\r\n<div class=\"row inner-bottom-sm\">\r\n  \r\n<div class=\"col-md-4 col-md-offset-1\">\r\n<figure><img src=\"https:\/\/cdn.plagiarismcheckerx.com\/images\/teachers.jpg\" alt=\"\"><\/figure>\r\n<\/div>\r\n\r\n<div class=\"col-md-7\">\r\n  \r\n<h1 class=\"text-center\">Plagiatspr\u00fcfer f\u00fcr Lehrer<\/h1>\r\n\r\n<p>Der Plagiatpr\u00fcfer X ist ein wahrer Segen f\u00fcr Lehrer. Mit seiner Massensuchfunktion und seinem schnellen Online-Inhalts\u00fcberpr\u00fcfungsdienst wird er Ihnen viel Zeit sparen. Jetzt k\u00f6nnen sie Plagiate in Hausarbeiten, Dissertationen und Aufs\u00e4tzen innerhalb von Sekunden erkennen. Ein weiterer Vorteil ist die Massensuchfunktion, die das Scannen aller Arbeiten mit nur einem Klick erm\u00f6glicht.<\/p>\r\n\r\n<div align=\"center\">\r\n<a href=\"..\/download-thank-you\" class=\"btn btn-large btn-gray\">FREE DOWNLOAD<\/a> \r\n<a href=\"..\/buy\" class=\"btn btn-large\">BUY PRO<\/a>\r\n<\/div>\r\n\r\n<\/div>\r\n\r\n<\/div>\r\n\r\n<\/div>\r\n\r\n<\/section>\r\n\r\n\r\n\r\n<section id=\"features\" class=\"light-bg\">\r\n\r\n<div class=\"container inner-sm\">\r\n\r\n<div class=\"row\">\r\n<div class=\"col-md-11 col-md-offset-1\">\r\n<header class=\"text-center\">\r\n<h2>Die L\u00f6sung f\u00fcr Lehrer und Wissenschaftler<\/h2>\r\n<\/header>\r\n<p>Lehrer und akademische Mitarbeiter haben dringend Bedarf an einem Plagiatspr\u00fcfungstool, das ihnen dabei hilft, ihre Sch\u00fcler zu benoten und die Qualit\u00e4t ihrer Arbeiten zu beurteilen. Au\u00dferdem m\u00fcssen Sie auch die Qualit\u00e4t ihrer eigenen Forschungsarbeiten und akademischen Aufs\u00e4tze \u00fcberpr\u00fcfen und bewerten k\u00f6nnen<\/p>\r\n<\/div>\r\n<\/div>\r\n\r\n<div class=\"row inner-top-sm col-md-offset-1\">\r\n\r\n<div class=\"col-sm-1\">  \r\n<div class=\"icon pull-right\">\r\n<i class=\"icon-lamp icn lg\"><\/i>\r\n<\/div>\r\n<\/div>\r\n\r\n<div class=\"col-sm-5 inner-bottom-sm\">\r\n<h3>\u00dcberblick<\/h3>\r\n<p class=\"text-small\">F\u00fcr Tutoren ist es noch wichtiger, die Urheberrechte einzuhalten. Deshalb m\u00fcssen sie ihre Arbeit noch strenger auf Nachahmung pr\u00fcfen als die Hausarbeiten ihrer Sch\u00fcler. Dieser Plagiatdetektor hilft Ihnen zun\u00e4chst bei der \u00dcberpr\u00fcfung der Originalit\u00e4t der Forschungsarbeit. In einer  Leistungspr\u00fcfung wurde festgestellt, dass unser Tool dreimal schneller, genauer und kosteng\u00fcnstiger ist als die verf\u00fcgbaren Alternativen.<\/p>\r\n<\/div>\r\n\r\n<div class=\"col-sm-1\">  \r\n<div class=\"icon pull-right\">\r\n<i class=\"icon-thumbs-up-1 icn lg\"><\/i>\r\n<\/div>\r\n<\/div>\r\n\r\n<div class=\"col-sm-5 inner-bottom-sm\">\r\n<h3>Warum es gro\u00dfartig ist<\/h3>\r\n<p class=\"text-small\">Mit unserem Tool k\u00f6nnen Lehrkr\u00e4fte eine vergleichende Analyse\/\u00dcberpr\u00fcfung der Arbeiten durchf\u00fchren. Die Funktion &#8220;Massensuche&#8221; hilft Ihnen, die Aufs\u00e4tze und Forschungsarbeiten der gesamten Klasse auch miteinander zu vergleichen. Diese innovative Funktion erspart der Lehrkraft viel Zeit und liefert schnelle Ergebnisse. Wenn Sie mehr dar\u00fcber erfahren wollen, schauen Sie sich den Bereich &#8220;Funktionen&#8221; auf unserer Webseite an.<\/p>\r\n<\/div>\r\n\r\n<\/div>\r\n\r\n<div class=\"row inner-top-x col-md-offset-1\">\r\n\r\n<div class=\"col-sm-1\">\r\n<div class=\"icon pull-right\">\r\n<i class=\"icon-cog-alt icn lg\"><\/i>\r\n<\/div>\r\n<\/div>\r\n\r\n<div class=\"col-sm-5\">\r\n<h3>Funktionalit\u00e4t<\/h3>\r\n<p class=\"text-small\">Der Plagiatspr\u00fcfer X bietet den Vorteil, dass er entweder offline oder online verwendet werden kann,  wobei nicht alle Funktionen im Offline-Modus funktionieren. Sie k\u00f6nnen jedoch zwei Arbeiten gegeneinander abgleichen, und einige andere Funktionen sind ebenfalls in der offline-Version enthalten. Der vierte Wettbewerbsvorteil unseres Plagiatspr\u00fcfers besteht darin, dass er mit nur einem Klick detaillierte und gr\u00fcndliche Informationen bietet. Sie k\u00f6nnen das Ergebnis auf Ihrem Rechner anzeigen und speichern.<\/p>\r\n<\/div>\r\n\r\n<div class=\"col-sm-1\">\r\n<div class=\"icon pull-right\">\r\n<i class=\"icon-gift icn lg\"><\/i>\r\n<\/div>\r\n<\/div>\r\n\r\n<div class=\"col-sm-5\">\r\n<h3>In Ihrem Budget<\/h3>\r\n<p class=\"text-small\">Eine vergleichende Analyse von Abonnement-Kosten zeigt, dass der Plagiatspr\u00fcfer X einen gro\u00dfen Kostenvorteil unter den Online-Plagiatspr\u00fcfungstools hat. Anstatt des &#8220;Pay per Paper&#8221;-Modells bieten wir lebenslange Nutzung mit unbegrenzten Suchen f\u00fcr den Preis von 3 bis 4 Suchanfragen.<\/p>\r\n<\/div>\r\n<\/div>\r\n<\/div>\r\n<\/section>\r\n\r\n\n\n<section id=\"clients\">\n<div class=\"container inner-sm\">\n\n<div class=\"row\">\n<div class=\"col-md-8 col-sm-9 center-block text-center\">\n<header>\n<h2>Von f\u00fchrenden Instituten verwendet<\/h2>\n<p>Wir sch\u00e4tzen unsere Kundenerfahrungen. Schnelligkeit, Genauigkeit und die einfache Benutzeroberfl\u00e4che machen unsere Kunden zufrieden und loyal.<\/p>\n<\/header>\n<\/div>\n<\/div>\n\n<div class=\"row inner-top-xs\">\n<div class=\"col-sm-12\">\n<div id=\"owl-clients\" class=\"owl-carousel owl-outer-nav\">\n\n<div class=\"item\">\n<figure>\n<figcaption class=\"text-overlay\">\n<div class=\"info\">\n<h4>IEEE<\/h4>\n<\/div>\n<\/figcaption>\n<img class=\"SliceImages OrgImage1\">\n<\/figure>\n<\/div>\n\n<div class=\"item\">\n<figure>\n<figcaption class=\"text-overlay\">\n<div class=\"info\">\n<h4>American University of Science And Technology<\/h4>\n<\/div>\n<\/figcaption>\n<img class=\"SliceImages OrgImage2\">\n<\/figure>\n<\/div>\n\n<div class=\"item\">\n<figure>\n<figcaption class=\"text-overlay\">\n<div class=\"info\">\n<h4>Remington College<\/h4>\n<\/div>\n<\/figcaption>\n<img class=\"SliceImages OrgImage3\">\n<\/figure>\n<\/div>\n\n<div class=\"item\">\n<figure>\n<figcaption class=\"text-overlay\">\n<div class=\"info\">\n<h4>JM Field Marketing<\/h4>\n<\/div>\n<\/figcaption>\n<img class=\"SliceImages OrgImage4\">\n<\/figure>\n<\/div>\n\n<div class=\"item\">\n<figure>\n<figcaption class=\"text-overlay\">\n<div class=\"info\">\n<h4>University of Maribor<\/h4>\n<\/div>\n<\/figcaption>\n<img class=\"SliceImages OrgImage5\">\n<\/figure>\n<\/div>\n\n<div class=\"item\">\n<figure>\n<figcaption class=\"text-overlay\">\n<div class=\"info\">\n<h4>Great American Cookies<\/h4>\n<\/div>\n<\/figcaption>\n<img class=\"SliceImages OrgImage6\">\n<\/figure>\n<\/div>\n\n<div class=\"item\">\n<figure>\n<figcaption class=\"text-overlay\">\n<div class=\"info\">\n<h4>Ohio University<\/h4>\n<\/div>\n<\/figcaption>\n<img class=\"SliceImages OrgImage7\">\n<\/figure>\n<\/div>\n\n<div class=\"item\">\n<figure>\n<figcaption class=\"text-overlay\">\n<div class=\"info\">\n<h4>University Of Massachusetts Boston<\/h4>\n<\/div>\n<\/figcaption>\n<img class=\"SliceImages OrgImage8\">\n<\/figure>\n<\/div>\n\n<div class=\"item\">\n<figure>\n<figcaption class=\"text-overlay\">\n<div class=\"info\">\n<h4>Labournet Services India<\/h4>\n<\/div>\n<\/figcaption>\n<img class=\"SliceImages OrgImage9\">\n<\/figure>\n<\/div>\n\n<div class=\"item\">\n<figure>\n<figcaption class=\"text-overlay\">\n<div class=\"info\">\n<h4>King Saud University<\/h4>\n<\/div>\n<\/figcaption>\n<img class=\"SliceImages OrgImage10\">\n<\/figure>\n<\/div>\n\n<div class=\"item\">\n<figure>\n<figcaption class=\"text-overlay\">\n<div class=\"info\">\n<h4>Delta-State-University-Abraka<\/h4>\n<\/div>\n<\/figcaption>\n<img class=\"SliceImages OrgImage11\">\n<\/figure>\n<\/div>\n\n<div class=\"item\">\n<figure>\n<figcaption class=\"text-overlay\">\n<div class=\"info\">\n<h4>Trinity College<\/h4>\n<\/div>\n<\/figcaption>\n<img class=\"SliceImages OrgImage12\">\n<\/figure>\n<\/div>\n\n<\/div>\n<\/div>\n<\/div>\n\n<\/div>\n<\/section>\n\n\r\n<div class=\"light-bg\">\n    <section id=\"customer-satisfaction\">\n    <div class=\"container inner-sm\">\n    <div class=\"row\">\n    <div class=\"col-md-10 col-sm-9 center-block text-center\">\n    <header>\n    <h2>Garantierte Kundenzufriedenheit<\/h2>\n    <p>\"Der Plagiatspr\u00fcfer X wurde in Anlehnung an das Feedback, die Vorschl\u00e4ge und das technische Feedback des Marktes entwickelt. Die Geschwindigkeit, die Pr\u00e4zision und die leichte Bedienbarkeit hat unsere Kunden zufrieden und loyal gemacht.\"<\/p>\n    <div class=\"row\">\n    <div class=\"col-md-8 center-block text-center\">\n    <figure><img src=\"https:\/\/cdn.plagiarismcheckerx.com\/images\/credit-cards-2.png\" loading=\"lazy\" alt=\"Credit Cards\"> <\/figure>\n    <\/div><\/div>\n    <\/header>\n    <div>\n    <a href=\"..\/download-thank-you\" class=\"btn btn-large btn-gray\">FREE DOWNLOAD<\/a>&nbsp;\n    <a href=\"..\/buy\" class=\"btn btn-large\">BUY PRO<\/a>\n    <\/div>\n    <\/div>\n    <\/div>\n    <\/div>\n    <\/section>\n\n\n    <\/div>\r\n\r\n\r\n\r\n<p><\/p>\r\n","protected":false},"excerpt":{"rendered":"<p>Plagiatspr\u00fcfer f\u00fcr Lehrer Der Plagiatpr\u00fcfer X ist ein wahrer Segen f\u00fcr Lehrer. Mit seiner Massensuchfunktion und seinem schnellen Online-Inhalts\u00fcberpr\u00fcfungsdienst wird er Ihnen viel Zeit sparen. Jetzt k\u00f6nnen sie Plagiate in Hausarbeiten, Dissertationen und Aufs\u00e4tzen innerhalb von Sekunden erkennen. Ein weiterer Vorteil ist die Massensuchfunktion, die das Scannen aller Arbeiten mit nur einem Klick erm\u00f6glicht. Die [&hellip;]<\/p>\n","protected":false},"author":1,"featured_media":0,"parent":0,"menu_order":0,"comment_status":"closed","ping_status":"closed","template":"","meta":[],"_links":{"self":[{"href":"https:\/\/plagiarismcheckerx.com\/de\/wp-json\/wp\/v2\/pages\/48"}],"collection":[{"href":"https:\/\/plagiarismcheckerx.com\/de\/wp-json\/wp\/v2\/pages"}],"about":[{"href":"https:\/\/plagiarismcheckerx.com\/de\/wp-json\/wp\/v2\/types\/page"}],"author":[{"embeddable":true,"href":"https:\/\/plagiarismcheckerx.com\/de\/wp-json\/wp\/v2\/users\/1"}],"replies":[{"embeddable":true,"href":"https:\/\/plagiarismcheckerx.com\/de\/wp-json\/wp\/v2\/comments?post=48"}],"version-history":[{"count":3,"href":"https:\/\/plagiarismcheckerx.com\/de\/wp-json\/wp\/v2\/pages\/48\/revisions"}],"predecessor-version":[{"id":353,"href":"https:\/\/plagiarismcheckerx.com\/de\/wp-json\/wp\/v2\/pages\/48\/revisions\/353"}],"wp:attachment":[{"href":"https:\/\/plagiarismcheckerx.com\/de\/wp-json\/wp\/v2\/media?parent=48"}],"curies":[{"name":"wp","href":"https:\/\/api.w.org\/{rel}","templated":true}]}}