{"id":44,"date":"2020-11-25T09:32:45","date_gmt":"2020-11-25T09:32:45","guid":{"rendered":"https:\/\/plagiarismcheckerx.com\/wordpress\/es\/?page_id=44"},"modified":"2020-12-04T09:37:35","modified_gmt":"2020-12-04T09:37:35","slug":"plagiarism-checker-for-students","status":"publish","type":"page","link":"https:\/\/plagiarismcheckerx.com\/de\/plagiarism-checker-for-students","title":{"rendered":"For Students"},"content":{"rendered":"\r\n<section id=\"services\">\r\n\r\n<div class=\"container inner-top-md\">\r\n\r\n<div class=\"row inner-bottom-sm\">\r\n\r\n<div class=\"col-md-4 col-md-offset-1\">\r\n<figure><img src=\"https:\/\/cdn.plagiarismcheckerx.com\/images\/students.jpg\" alt=\"\"><\/figure>\r\n<\/div>\r\n\r\n<div class=\"col-md-7\">\r\n\r\n<h1 class=\"text-center\">Plagiarism Checker f\u00fcr Studierende<\/h1>\r\n\r\n<p>Der Plagiarism Checker ist einer der verl\u00e4sslichsten und leicht anwendbarsten Plagiats-Detektoren auf dem Markt. Mit seiner Hilfe k\u00f6nnen Studierende leicht Plagiate in Ihren Arbeiten finden und bessere Noten erzielen. Lade die Software noch heute herunter und profitiere von dem Plagiats-Detektor, Website-Plagiaten und Massen-Content-Scan-Service.<\/p>\r\n\r\n<div align=\"center\">\r\n<a href=\"..\/download-thank-you\" class=\"btn btn-large btn-gray\">Free Download<\/a>\r\n<a href=\"..\/buy\" class=\"btn btn-large\">Buy PRO<\/a>\r\n<\/div>\r\n\r\n<\/div>\r\n\r\n<\/div>\r\n\r\n<\/div>\r\n\r\n<\/section>\r\n\r\n\r\n\r\n<section id=\"features\" class=\"light-bg\">\r\n\r\n<div class=\"container inner-xs\">\r\n\r\n<div class=\"row\">\r\n<div class=\"col-md-11 col-md-offset-1\">\r\n<header class=\"text-center\">\r\n<h2>Wir helfen Studierenden<\/h2>\r\n<\/header>\r\n<p>Der Plagiarism Checker X ist ein Segen f\u00fcr Studierende, die die vielen Vorz\u00fcge und Vorteile des erstklassige Plagiats-Detektors genie\u00dfen werden. Eine der wichtigsten Anforderungen f\u00fcr jede akademische Arbeit ist, dass sie keine Urheberrechtsverletzungen oder Plagiate enth\u00e4lt.<\/p>\r\n<\/div>\r\n<\/div>\r\n\r\n<div class=\"row inner-top-sm col-md-offset-1\">\r\n\r\n<div class=\"col-sm-1\">\r\n<div class=\"icon pull-right\">\r\n<i class=\"icon-lamp icn lg\"><\/i>\r\n<\/div>\r\n<\/div>\r\n\r\n<div class=\"col-sm-5 inner-bottom-sm\">\r\n<h3>\u00dcberblick<\/h3>\r\n<p class=\"text-small\">Eine L\u00f6sung mit Schnelligkeit und Genauigkeit, zu geringen Kosten im Vergleich mit anderen verf\u00fcgbaren L\u00f6sungen. Die Forschungsergebnisse oder Arbeit m\u00fcssen daf\u00fcr nicht in unsere Datenbank eingereicht werden. Hier sind einige hervorstechende Features von Plagiarism Checker X, die seine Einzigartigkeit zeigen.<\/p>\r\n<\/div>\r\n\r\n<div class=\"col-sm-1\">\r\n<div class=\"icon pull-right\">\r\n<i class=\"icon-doc icn lg\"><\/i>\r\n<\/div>\r\n<\/div>\r\n\r\n<div class=\"col-sm-5 inner-bottom-sm\">\r\n<h3>Ein Produkt, kein Service<\/h3>\r\n<p class=\"text-small\">Der Plagiarism Checker X ist ein Produkt, kein Service &#8211; wir berechnen nicht jedes Dokument, das Du scannst. Dein Content ist komplett sicher: Er geht nie auf unseren Server.<\/p>\r\n<\/div>\r\n\r\n<\/div>\r\n\r\n<div class=\"row inner-top-x col-md-offset-1\">\r\n\r\n<div class=\"col-sm-1\">\r\n<div class=\"icon pull-right\">\r\n<i class=\"icon-chart-pie icn lg\"><\/i>\r\n<\/div>\r\n<\/div>\r\n\r\n<div class=\"col-sm-5 inner-bottom-sm\">\r\n<h3>Verst\u00e4ndliche Berichterstattung<\/h3>\r\n<p class=\"text-small\">Mit nur einem Klick generiert der Plagiarism Checker X detaillierte HTML oder docx Berichte und Statistiken. Er stellt ausf\u00fchrliche Analysen der Content-Qualit\u00e4t und mit Verweisen versehenen Quellen und markiert kopierte Sektionen. Nutzer:innen k\u00f6nnen den Bericht auf ihrem Ger\u00e4t f\u00fcr sp\u00e4tere Ansicht speichern.<\/p>\r\n<\/div>\r\n\r\n<div class=\"col-sm-1\">\r\n<div class=\"icon pull-right\">\r\n<i class=\"icon-gift icn lg\"><\/i>\r\n<\/div>\r\n<\/div>\r\n\r\n<div class=\"col-sm-5 inner-bottom-sm\">\r\n<h3>Innerhalb Deines Budgets<\/h3>\r\n<p class=\"text-small\">Wir verstehen, dass Studierende sehr auf ihre Finanzen achten. Daher bieten wir Ihnen sehr angemessene Pakete neben einer kostenlosen, lebenslangen Version. Zahle einmalig und profitiere von einer lebenslangen Lizenz. Abonnent:innen m\u00fcssen nicht f\u00fcr jede Arbeit zahlen, sondern nur ein einziges Mal einen geringen Betrag zahlen.<\/p>\r\n<\/div>\r\n<\/div>\r\n\r\n<\/div>\r\n<\/section>\r\n\n    <section id=\"what-are-you-waiting-for\">\n    <div class=\"container inner-sm\">\n    <div class=\"row\">\n    <div class=\"col-md-10 col-sm-9 center-block text-center\">\n    <header>\n    <h2>Nun, auf was wartest Du?<\/h2>\n    <\/header>\n    <p>Kurz gesagt, dieses leicht anwendbare Tool hilft Dir, die Komplexit\u00e4ten von Online-Plagiats-Detektoren und akademische Strafen zu vermeiden. Es gibt Universit\u00e4ten, an denen die Studierenden extreme Strafen f\u00fcrchten m\u00fcssen, so zum Beispiel akademische Bew\u00e4hrungsstrafen, Geldstrafen und sogar Ausschluss. Wenn die Arbeit Urheberrechte verletzt, kann es zu Gerichtsverfahren und Strafverfahren kommen. Daher ist das Anschaffen eines angemessenen Plagiats-Detektors sehr wichtig.<\/p>\n    <div class=\"row\">\n    <div class=\"col-md-8 center-block text-center\">\n    <figure><img src=\"https:\/\/cdn.plagiarismcheckerx.com\/images\/credit-cards-2.png\" loading=\"lazy\" alt=\"Credit Cards\"> <\/figure>\n    <\/div><\/div>\n    <div>\n    <a href=\"..\/download-thank-you\" class=\"btn btn-large btn-gray\">FREE DOWNLOAD<\/a>&nbsp;\n    <a href=\"..\/buy\" class=\"btn btn-large\">BUY PRO<\/a>\n    <\/div>\n    <\/div>\n    <\/div>\n    <\/div>\n    <\/section>\n\n\n    \r\n\r\n\r\n\r\n<p><\/p>\r\n","protected":false},"excerpt":{"rendered":"<p>Plagiarism Checker f\u00fcr Studierende Der Plagiarism Checker ist einer der verl\u00e4sslichsten und leicht anwendbarsten Plagiats-Detektoren auf dem Markt. Mit seiner Hilfe k\u00f6nnen Studierende leicht Plagiate in Ihren Arbeiten finden und bessere Noten erzielen. Lade die Software noch heute herunter und profitiere von dem Plagiats-Detektor, Website-Plagiaten und Massen-Content-Scan-Service. Free Download Buy PRO Wir helfen Studierenden Der [&hellip;]<\/p>\n","protected":false},"author":1,"featured_media":0,"parent":0,"menu_order":0,"comment_status":"closed","ping_status":"closed","template":"","meta":[],"_links":{"self":[{"href":"https:\/\/plagiarismcheckerx.com\/de\/wp-json\/wp\/v2\/pages\/44"}],"collection":[{"href":"https:\/\/plagiarismcheckerx.com\/de\/wp-json\/wp\/v2\/pages"}],"about":[{"href":"https:\/\/plagiarismcheckerx.com\/de\/wp-json\/wp\/v2\/types\/page"}],"author":[{"embeddable":true,"href":"https:\/\/plagiarismcheckerx.com\/de\/wp-json\/wp\/v2\/users\/1"}],"replies":[{"embeddable":true,"href":"https:\/\/plagiarismcheckerx.com\/de\/wp-json\/wp\/v2\/comments?post=44"}],"version-history":[{"count":3,"href":"https:\/\/plagiarismcheckerx.com\/de\/wp-json\/wp\/v2\/pages\/44\/revisions"}],"predecessor-version":[{"id":351,"href":"https:\/\/plagiarismcheckerx.com\/de\/wp-json\/wp\/v2\/pages\/44\/revisions\/351"}],"wp:attachment":[{"href":"https:\/\/plagiarismcheckerx.com\/de\/wp-json\/wp\/v2\/media?parent=44"}],"curies":[{"name":"wp","href":"https:\/\/api.w.org\/{rel}","templated":true}]}}