{"id":298,"date":"2020-11-28T15:57:59","date_gmt":"2020-11-28T15:57:59","guid":{"rendered":"https:\/\/plagiarismcheckerx.com\/wordpress\/es\/?page_id=298"},"modified":"2020-12-09T13:57:59","modified_gmt":"2020-12-09T13:57:59","slug":"faqs","status":"publish","type":"page","link":"https:\/\/plagiarismcheckerx.com\/de\/faqs","title":{"rendered":"Faqs"},"content":{"rendered":"\r\n\r\n<section id=\"faqs\">\r\n<div class=\"container\">\r\n<div class=\"row\">\r\n<div class=\"col-md-9 inner-sm center-block\">\r\n<h1>H\u00e4ufig gestellte Fragen<\/h1>\r\n<p>Hier finden Sie die Antworten auf h\u00e4ufig gestellte Fragen.<br \/><\/p>\r\n\r\n<h3>Was ist Plagiarism Checker X?<\/h3>\r\n<p>Plagiarism Checker X ist ein erstklassiges Tool zum Pr\u00fcfen von Inhalten, das Benutzern hilft, den Plagiatsanteil in ihren Dokumenten zu bestimmen. Seit drei Jahren bringt diese Desktop-Anwendung mit dreifacher Geschwindigkeit und Genauigkeit Vorteile f\u00fcr Nutzer.<br \/><br \/><\/p>\r\n<h3>Was ist die Online-Plagiatspr\u00fcfung?<\/h3>\r\n<p>Online-Plagiatspr\u00fcfung ist ein Service von Plagiarism Checker X. Mit dieser Funktion k\u00f6nnen Nutzer die Originalit\u00e4t ihrer Inhalte mithilfe von 16 Milliarden ver\u00f6ffentlichten Seiten \u00fcberpr\u00fcfen. Auf diese Weise k\u00f6nnen Studenten, Schriftsteller und Forscher jegliche Verletzung von Urheberrechten vermeiden.<br \/><br \/><\/p>\r\n<h3>Was ist ein Seite-an-Seite-Vergleich?<\/h3>\r\n<p>Quervergleich ist ein weiterer Service von Plagiarism Checker X. Diese Funktion erm\u00f6glicht es Benutzern, ihre Inhalte in zwei Fenstern zu vergleichen und kopierte Inhalte m\u00fchelos zu finden.<br \/><br \/><\/p>\r\n<h3>Was ist ein Massenquervergleich?<\/h3>\r\n<p>Ein weiterer einzigartiger Service von Plagiarism Checker X ist der Massenquervergleich. Diese Funktion ist sehr n\u00fctzlich f\u00fcr Nutzer, die mehrere Dokumente untersuchen, um die Originalit\u00e4t innerhalb eines oder mehrerer Dokumentensammlungen zu bestimmen.<br \/><br \/><\/p>\r\n<h3>Werden meine Dokumente\/Aufgaben gespeichert?<\/h3>\r\n<p>Nein, auf keinen Fall. Plagiarism Checker X unterscheidet sich deutlich von anderen Online-Plagiatspr\u00fcfern, bei denen Sie Ihre Arbeiten auf deren Server hochladen m\u00fcssen. In dieser Desktop-Anwendung kopieren Sie einfach Ihre Inhalte und f\u00fcgen sie ein, um die Originalit\u00e4t des Inhalts mit \u201e16 Milliarden ver\u00f6ffentlichten Seiten\u201c zu pr\u00fcfen. Das Dokument wird also nur f\u00fcr den Pr\u00fcfvorgang verwendet und bleibt auf Ihrem pers\u00f6nlichen Computer gespeichert. Plagiarism Checker X gew\u00e4hrleistet die strikte Sicherheit Ihrer Daten und sorgt f\u00fcr angemessenen Datenschutz. Wir halten uns konsequent an unseren Grundsatz, niemals Inhalte von Kunden zu kopieren, zu speichern oder zu verkaufen.<br \/><br \/><\/p>\r\n<h3>Kann auch die Grammatik gepr\u00fcft werden?<\/h3>\r\n<p>Im Moment sind unsere Dienstleistungen ausschlie\u00dflich auf Plagiatspr\u00fcfung der Inhalte ausgelegt. Plagiarism Checker X hilft Ihnen beim Verfassen und Einreichen von Originalartikeln, -aufgaben und Forschungsarbeiten.<br \/><br \/><\/p>\r\n<h3>Ist die Verwendung von Plagiarism Checker X KOSTENLOS?<\/h3>\r\n<p>Ja, Sie k\u00f6nnen das Produkt herunterladen und seine Basisversion KOSTENLOS nutzen. Um jedoch in den Genuss aller Funktionen und Premium-Vorteile zu kommen, empfehlen wir Ihnen ein Upgrade auf die Premium (PRO)-Version.<br \/><br \/><\/p>\r\n<h3>Wie oft kann ich das Dokument auf Plagiate \u00fcberpr\u00fcfen?<\/h3>\r\n<p>Es gibt absolut keine Beschr\u00e4nkung bei der Nutzung der \u201ekostenpflichtigen Version\u201c von Plagiarism Checker X. Die kostenlose Version weist jedoch m\u00f6glicherweise einige Einschr\u00e4nkungen auf und bietet nicht alle Produktfunktionen. F\u00fcr weitere Informationen k\u00f6nnen Sie einen Blick auf unsere Abonnementangebote werfen.<br \/><br \/><\/p>\r\n<h3>Kann Plagiarism Checker X gro\u00dfe Dokumente oder mehrere Dokumente verarbeiten?<\/h3>\r\n<p>Ja, absolut. Im Gegensatz zu anderen verf\u00fcgbaren Plagiatspr\u00fcfprogrammen gibt es beim Plagiarism Checker X kein \u201eLimit\u201c an Dokumenten oder Wortmengen. Ob einfache Online-Pr\u00fcfung oder Massenverarbeitung, Sie k\u00f6nnen eine gro\u00dfe Anzahl von W\u00f6rtern oder Seiten in einem Durchgang pr\u00fcfen. Wenn Sie jedoch mehr als eine bestimmte Anzahl von Seiten hochladen, kann die Software (logischerweise) mehr Zeit f\u00fcr die Verarbeitung in Anspruch nehmen. Daher raten wir Ihnen, gro\u00dfe Auftr\u00e4ge in Abschnitten oder Teilen zu pr\u00fcfen.<br \/><br \/><\/p>\r\n<h3>Welche Dateiformate werden von Plagiarism Checker X unterst\u00fctzt?<\/h3>\r\n<p>Plagiarism Checker X ist ein sehr umfassendes Tool, da es mit einer Reihe von Dateiformaten kompatibel ist. Sie k\u00f6nnen alle \u201eText\u201c-Dateien einschlie\u00dflich Word- und PDF-Dokumenten sowie viele andere Formate verwenden.<br \/><br \/><\/p>\r\n<h3>Ist Plagiarism Checker X in einer anderen Sprache verf\u00fcgbar?<\/h3>\r\n<p>Ja, derzeit ist Plagiarism Checker X vollst\u00e4ndig auf Englisch, Spanisch, Franz\u00f6sisch, Deutsch, Italienisch, Niederl\u00e4ndisch und Portugiesisch erh\u00e4ltlich. Die Verf\u00fcgbarkeit und Unterst\u00fctzung weiterer Sprachen wird in K\u00fcrze folgen.<br \/><br \/><\/p>\r\n<h3>Wie \u00e4ndere ich die Sprache in Plagiarism Checker X von Englisch auf eine andere Sprache?<\/h3>\r\n<p>Klicken Sie einfach auf die Sprachoption (in der oberen rechten Ecke des Programmfensters) und w\u00e4hlen Sie die Sprache, in der Sie arbeiten m\u00f6chten. Derzeit ist Plagiarism Checker X vollst\u00e4ndig auf Englisch, Spanisch, Franz\u00f6sisch, Deutsch, Italienisch, Niederl\u00e4ndisch und Portugiesisch verf\u00fcgbar.<br \/><br \/><\/p>\r\n<h3>Was ist die Wort\u00fcbereinstimmungsgrenze von Plagiarism Checker X und kann sie angepasst werden?<\/h3>\r\n<p>Die Standard-Wort\u00fcbereinstimmungsgrenze bei  Plagiarism Checker X sind drei aufeinanderfolgende W\u00f6rter. Ja, dies kann \u00fcber die Registerkarte Optionen nach Ihren pers\u00f6nlichen Pr\u00e4ferenzen eingestellt werden.<br \/><br \/><\/p>\r\n<h3>Wie kann ich die Premium-Version von Plagiarism Checker X kaufen\/abonnieren?<\/h3>\r\n<p>Gehen Sie auf unserer Website auf die Seite Kaufoption oder Preis\u00fcbersicht. W\u00e4hlen Sie hier den Plan aus, der Ihren Bed\u00fcrfnissen am besten entspricht, d.h. den Privatplan oder den Unternehmensplan. Dar\u00fcber gelangen Sie zu einer gesicherten Bezahlseite, auf der Sie Zahlungsdaten angeben, Zahlungsoptionen ausw\u00e4hlen und mit dem Kauf\/Abonnement unserer Produkte\/Dienstleistungen fortfahren. Wir bieten mehr als 15 Zahlungsmethoden an, darunter PayPal, Visa, MasterCard, Eurocard und American Express.<br \/><br \/><\/p>\r\n<h3>Sind meine Kreditkarteninformationen sicher?<\/h3>\r\n<p>Absolut, ja. Plagiarism Checker X verwendet die besten verf\u00fcgbaren Verschl\u00fcsselungs- und Zahlungsabwicklungsdienste f\u00fcr alle Kundenabonnements. Alternativ k\u00f6nnen Sie auch PayPal verwenden.<br \/><br \/><\/p>\r\n<h3>Ich habe weder eine Kreditkarte noch ein PayPal-Konto, wie kann ich also Plagiarism Checker X kaufen\/abonnieren?<\/h3>\r\n<p>Keine Sorge. Sie k\u00f6nnen Plagiarism Checker X per Bank\u00fcberweisung (Bank\u00fcberweisung vor Ort) oder Zahlung per Fax kaufen\/abonnieren. Einzelheiten zu beiden Zahlungsoptionen werden bei Auftragserteilung genannt.<br \/><br \/><\/p>\r\n<h3>Ich habe eine Bestellung f\u00fcr Plagiarism Checker X aufgegeben. Wann erhalte ich mein Produkt?<\/h3>\r\n<p>Sofort. Sobald Ihre Bestellung aufgegeben wurde, erhalten Sie von Plagiarism Checker X, LLC eine E-Mail mit einer Best\u00e4tigung des Zahlungseingangs sowie einen Link f\u00fcr den Download und den Produktschl\u00fcssel.<br \/><br \/><\/p>\r\n<h3>Ich habe immer noch keine E-Mail von Plagiarism Checker X bez\u00fcglich meiner Bestellung erhalten?<\/h3>\r\n<p>Aktualisieren Sie Ihr E-Mail-Postfach oder sehen Sie im Spam-Ordner nach. Wenn Sie immer noch keine E-Mail bez\u00fcglich Ihrer Bestellung erhalten, wenden Sie sich bitte an unser Support-Team.<br \/><br \/><\/p>\r\n<h3>Bietet der Plagiarism Checker X besondere Angebote f\u00fcr gemeinn\u00fctzige Organisationen?<\/h3>\r\n<p>Selbstverst\u00e4ndlich! Wir bieten einen pauschalen Rabatt von 20% f\u00fcr alle gemeinn\u00fctzigen Organisationen an. Kontaktieren Sie uns einfach mit einem Nachweis Ihres Status als gemeinn\u00fctzige Organisation.<br \/><br \/><\/p>\r\n<h3>Bietet Plagiarism Checker X Mengenrabatte an?<\/h3>\r\n<p>Wenn Sie den Kauf von 20 oder mehr Lizenzen planen, wenden Sie sich bitte an unser Support-Team auf<a href=\"https:\/\/plagiarismcheckerx.com\/contact\">https:\/\/plagiarismcheckerx.com\/contact<\/a><br \/><br \/><\/p>\r\n\r\n<\/div>\r\n<\/div>\r\n<\/div>\r\n<\/section>\r\n\r\n","protected":false},"excerpt":{"rendered":"<p>H\u00e4ufig gestellte Fragen Hier finden Sie die Antworten auf h\u00e4ufig gestellte Fragen. Was ist Plagiarism Checker X? Plagiarism Checker X ist ein erstklassiges Tool zum Pr\u00fcfen von Inhalten, das Benutzern hilft, den Plagiatsanteil in ihren Dokumenten zu bestimmen. Seit drei Jahren bringt diese Desktop-Anwendung mit dreifacher Geschwindigkeit und Genauigkeit Vorteile f\u00fcr Nutzer. Was ist die [&hellip;]<\/p>\n","protected":false},"author":1,"featured_media":0,"parent":0,"menu_order":0,"comment_status":"closed","ping_status":"closed","template":"","meta":[],"_links":{"self":[{"href":"https:\/\/plagiarismcheckerx.com\/de\/wp-json\/wp\/v2\/pages\/298"}],"collection":[{"href":"https:\/\/plagiarismcheckerx.com\/de\/wp-json\/wp\/v2\/pages"}],"about":[{"href":"https:\/\/plagiarismcheckerx.com\/de\/wp-json\/wp\/v2\/types\/page"}],"author":[{"embeddable":true,"href":"https:\/\/plagiarismcheckerx.com\/de\/wp-json\/wp\/v2\/users\/1"}],"replies":[{"embeddable":true,"href":"https:\/\/plagiarismcheckerx.com\/de\/wp-json\/wp\/v2\/comments?post=298"}],"version-history":[{"count":3,"href":"https:\/\/plagiarismcheckerx.com\/de\/wp-json\/wp\/v2\/pages\/298\/revisions"}],"predecessor-version":[{"id":364,"href":"https:\/\/plagiarismcheckerx.com\/de\/wp-json\/wp\/v2\/pages\/298\/revisions\/364"}],"wp:attachment":[{"href":"https:\/\/plagiarismcheckerx.com\/de\/wp-json\/wp\/v2\/media?parent=298"}],"curies":[{"name":"wp","href":"https:\/\/api.w.org\/{rel}","templated":true}]}}