{"id":115,"date":"2020-11-26T08:41:22","date_gmt":"2020-11-26T08:41:22","guid":{"rendered":"https:\/\/plagiarismcheckerx.com\/wordpress\/es\/?page_id=115"},"modified":"2020-12-04T09:37:35","modified_gmt":"2020-12-04T09:37:35","slug":"buy","status":"publish","type":"page","link":"https:\/\/plagiarismcheckerx.com\/de\/buy","title":{"rendered":"Buy"},"content":{"rendered":"\r\n\r\n<section id=\"buy\">\r\n<div class=\"container\">\r\n<div class=\"row\">\r\n<div class=\"col-md-11 inner-sm center-block text-center\">\r\n<header>\r\n<h1>Einfache Preisgestaltung, keine \u00dcberraschungen<\/h1>\r\n<\/header>\r\n<p>Sie k\u00f6nnen eine Limited Edition von Plagiarism Checker X mit dem untenstehenden Link KOSTENLOS herunterladen. Zus\u00e4tzlich k\u00f6nnen Sie die Professional Edition von Plagiarism Checker herunterladen &#8211; eine Lizenz mit gr\u00f6\u00dferer Genauigkeit, schnellerer Geschwindigkeit und zus\u00e4tzlichen Features zu einem sehr geringen einmaligen Preis.<\/p>\r\n<\/div>\r\n<\/div>\r\n<\/div>\r\n<\/section>\r\n\r\n<section id=\"packages\">\r\n<div class=\"container inner-xs\">\r\n<div class=\"row\">\r\n<div class=\"col-md-10 center-block\">\r\n<div class=\"columns pricing_border flexibleWidthFreePro\">\r\n<h4>Basic<\/h4>\r\n<div class=\"row paddingNone\" style=\"margin:0px\">\r\n<div class=\"columns text_align_center free_Line_height\">\r\n<span class=\"pricing_font\">Kostenlos<\/span>\r\n<\/div>\r\n<div class=\"columns align_Button\">\r\n<a href=\"download-thank-you\"><div style=\"text-align: center\" class=\"pricing_button panel btn_blue radius callout pricing_button_padding\"> Download <\/div><\/a>\r\n<\/div>\r\n<\/div>\r\n<div class=\"row paddingNone\" style=\"margin:0px\">\r\n<div class=\"twelve columns\">\r\n<ul class=\"priceList_ul\">\r\n<li class=\"users priceList_li\">30 Suchen pro Tag<\/li>\r\n<li class=\"storage priceList_li\">Begrenzte Wortanzahl<\/li>\r\n<li class=\"groups priceList_li\">F\u00fcr immer kostenlos<\/li>\r\n<\/ul>\r\n<\/div>\r\n<\/div>\r\n<\/div>\r\n<div class=\"pricingMarginBetween\"><\/div>\r\n<div class=\"columns pricing_border flexibleWidthFreePro\">\r\n<h4>Professional<\/h4>\r\n<div class=\"row paddingNone\" style=\"margin:0px\">\r\n<div class=\"columns text_align_center padding_price_text\">\r\n<span class=\"pricing_font\"><sup>$<\/sup>39<\/span><span class=\"pricing_body_font\">.95<\/span><\/div>\r\n<div class=\"columns align_Button\">\r\n<a href=\"..\/buy\">\r\n<div style=\"text-align: center\" class=\"pricing_button panel btn_blue radius callout pricing_button_padding\"> Buy Now <\/div>\r\n<\/a>\r\n<\/div>\r\n<\/div>\r\n<div class=\"row paddingNone\" style=\"margin:0px\">\r\n<div class=\"twelve columns\">\r\n<ul class=\"priceList_ul\">\r\n<li class=\"groups priceList_li\">1 Nutzerlizenz<\/li>\r\n<li class=\"users priceList_li\">Unbegrenzte Wortanzahl<\/li>\r\n<li class=\"training priceList_li\">Lebenslange Paketlizenz<\/li>\r\n<li class=\"admin priceList_li\">24\/7 Kundenservice<\/li>\r\n<li class=\"storage priceList_li\">1 Jahr Instandhaltungsplan<\/li>\r\n<\/ul>\r\n<\/div>\r\n<\/div>\r\n<\/div>\r\n<div class=\"pricingMarginBetween\"><\/div>\r\n<div class=\"columns pricing_border flexibleWidthContactUs\">\r\n<h4>Business<\/h4>\r\n<div class=\"row paddingNone\" style=\"margin:0px\">\r\n<div class=\"columns paddingNone text_align_center\" style=\"margin-bottom: 4px\">\r\n<span class=\"pricing_font\"><sup>$<\/sup>147<\/span><span class=\"pricing_body_font\">.95<\/span>\r\n<\/div>\r\n\r\n<div class=\"columns align_Button\">\r\n<a href=\"..\/buy\">\r\n<div style=\"text-align: center\" class=\"pricing_button panel btn_blue radius callout pricing_button_padding\"> Buy Now <\/div>\r\n<\/a>\r\n<\/div>\r\n<\/div>\r\n<div class=\"row paddingNone\" style=\"margin:0px\">\r\n<div class=\"columns floatNone\">\r\n<ul class=\"blueColor priceList_ul\">\r\n<li class=\"groups priceList_li\">5 Nutzerlizenzen<\/li>\r\n<li class=\"admin priceList_li\">L\u00e4ngerer Support<\/li>\r\n&nbsp; ALLE Pro-Features mit inbegriffen*.\r\n<\/ul>\r\n<\/div>\r\n<\/div>\r\n<\/div>\r\n<\/div>\r\n<\/div>\r\n<\/div>\r\n<\/section>\r\n\r\n\r\n\n    <section id=\"faq\" class=\"light-bg\">\n      <div class=\"container inner-sm\">\n\n        <div class=\"row\">\n          <div class=\"col-md-8 col-sm-9 center-block text-center\">\n            <header>\n              <h1>Allgemeine Fragen?<\/h1>\n              <p>Hier sind einige h\u00e4ufig gestellte Fragen zum Kauf. Wenn Sie etwas anderes wissen m\u00f6chten, kontaktieren Sie uns bitte.<\/p>\n            <\/header>\n          <\/div>\n        <\/div>\n\n        <div class=\"row\">\n          <div class=\"col-sm-6 inner-right-sm inner-top-sm\">\n            <h3>Was ist die Lieferzeit \/ Wann wird das Produkt geliefert?<\/h3>\n            <p>Sofort. Sobald Sie die Bestellung aufgegeben haben, erhalten Sie eine sofortige Software-Lieferung per E-Mail, die den Lizenzschl\u00fcssel sowie Ihre Rechnung enth\u00e4lt.<\/p>\n            <h3>Wie oft muss ich zahlen?<\/h3>\n            <p>Da unsere Produktlizenz einmalig ist, k\u00f6nnen Sie die lizenzierte Software unbegrenzt nutzen, ohne extra Kosten.<\/p>\n\n          <\/div>\n\n          <div class=\"col-sm-6 inner-left-sm inner-top-sm\">\n            <h3>Welche Zahlungsmethoden verwendet ihr?<\/h3>\n            <p>Wir akzeptieren alle g\u00e4ngigen Kreditkarten, PayPal und (in ausgew\u00e4hlten L\u00e4ndern) Lastschriftverfahren. In einigen W\u00e4hrungen unterst\u00fctzen wir auch \u00dcberweisungen .<\/p>\n\n            <h3>Ich habe keine Funktion f\u00fcr die elektronische Kartennutzung, was soll ich tun?<\/h3>\n            <p>Kein Problem, Sie k\u00f6nnen auch \u00fcber eine Ihrer lokalen Banken bezahlen. Alles, was Sie tun m\u00fcssen, ist bei der Bezahlungsoption Bank\/\u00dcberweisung zu w\u00e4hlen.<\/p>\n          <\/div>\n\n        <\/div>\n      <\/div>\n    <\/section>\n\n\n    \r\n\n\n<section id=\"clients\">\n<div class=\"container inner-sm\">\n\n<div class=\"row\">\n<div class=\"col-md-8 col-sm-9 center-block text-center\">\n<header>\n<h2>Von f\u00fchrenden Instituten verwendet<\/h2>\n<p>Wir sch\u00e4tzen unsere Kundenerfahrungen. Schnelligkeit, Genauigkeit und die einfache Benutzeroberfl\u00e4che machen unsere Kunden zufrieden und loyal.<\/p>\n<\/header>\n<\/div>\n<\/div>\n\n<div class=\"row inner-top-xs\">\n<div class=\"col-sm-12\">\n<div id=\"owl-clients\" class=\"owl-carousel owl-outer-nav\">\n\n<div class=\"item\">\n<figure>\n<figcaption class=\"text-overlay\">\n<div class=\"info\">\n<h4>IEEE<\/h4>\n<\/div>\n<\/figcaption>\n<img class=\"SliceImages OrgImage1\">\n<\/figure>\n<\/div>\n\n<div class=\"item\">\n<figure>\n<figcaption class=\"text-overlay\">\n<div class=\"info\">\n<h4>American University of Science And Technology<\/h4>\n<\/div>\n<\/figcaption>\n<img class=\"SliceImages OrgImage2\">\n<\/figure>\n<\/div>\n\n<div class=\"item\">\n<figure>\n<figcaption class=\"text-overlay\">\n<div class=\"info\">\n<h4>Remington College<\/h4>\n<\/div>\n<\/figcaption>\n<img class=\"SliceImages OrgImage3\">\n<\/figure>\n<\/div>\n\n<div class=\"item\">\n<figure>\n<figcaption class=\"text-overlay\">\n<div class=\"info\">\n<h4>JM Field Marketing<\/h4>\n<\/div>\n<\/figcaption>\n<img class=\"SliceImages OrgImage4\">\n<\/figure>\n<\/div>\n\n<div class=\"item\">\n<figure>\n<figcaption class=\"text-overlay\">\n<div class=\"info\">\n<h4>University of Maribor<\/h4>\n<\/div>\n<\/figcaption>\n<img class=\"SliceImages OrgImage5\">\n<\/figure>\n<\/div>\n\n<div class=\"item\">\n<figure>\n<figcaption class=\"text-overlay\">\n<div class=\"info\">\n<h4>Great American Cookies<\/h4>\n<\/div>\n<\/figcaption>\n<img class=\"SliceImages OrgImage6\">\n<\/figure>\n<\/div>\n\n<div class=\"item\">\n<figure>\n<figcaption class=\"text-overlay\">\n<div class=\"info\">\n<h4>Ohio University<\/h4>\n<\/div>\n<\/figcaption>\n<img class=\"SliceImages OrgImage7\">\n<\/figure>\n<\/div>\n\n<div class=\"item\">\n<figure>\n<figcaption class=\"text-overlay\">\n<div class=\"info\">\n<h4>University Of Massachusetts Boston<\/h4>\n<\/div>\n<\/figcaption>\n<img class=\"SliceImages OrgImage8\">\n<\/figure>\n<\/div>\n\n<div class=\"item\">\n<figure>\n<figcaption class=\"text-overlay\">\n<div class=\"info\">\n<h4>Labournet Services India<\/h4>\n<\/div>\n<\/figcaption>\n<img class=\"SliceImages OrgImage9\">\n<\/figure>\n<\/div>\n\n<div class=\"item\">\n<figure>\n<figcaption class=\"text-overlay\">\n<div class=\"info\">\n<h4>King Saud University<\/h4>\n<\/div>\n<\/figcaption>\n<img class=\"SliceImages OrgImage10\">\n<\/figure>\n<\/div>\n\n<div class=\"item\">\n<figure>\n<figcaption class=\"text-overlay\">\n<div class=\"info\">\n<h4>Delta-State-University-Abraka<\/h4>\n<\/div>\n<\/figcaption>\n<img class=\"SliceImages OrgImage11\">\n<\/figure>\n<\/div>\n\n<div class=\"item\">\n<figure>\n<figcaption class=\"text-overlay\">\n<div class=\"info\">\n<h4>Trinity College<\/h4>\n<\/div>\n<\/figcaption>\n<img class=\"SliceImages OrgImage12\">\n<\/figure>\n<\/div>\n\n<\/div>\n<\/div>\n<\/div>\n\n<\/div>\n<\/section>\n\n\r\n\n<section id=\"testimonials\" class=\"light-bg img-bg-softer\" style=\"background-image: url(assets\/images\/testimonials-backgrond.jpg);\">\n<div class=\"container inner-xs\">\n\n<div class=\"row\">\n<div class=\"col-md-8 col-sm-8 center-block text-center\">\n<header>\n<h2>Was Kunden \u00fcber uns sagen?<\/h2>\n<\/header>\n<\/div>\n<\/div>\n\n<div class=\"row\">\n<div class=\"col-md-11 col-sm-12 center-block text-center\">\n<div id=\"owl-testimonials\" class=\"owl-carousel owl-outer-nav owl-ui-md\">\n\n<div class=\"item\">\n<blockquote>\n<p>\"Plagiarism Checker X helps me a lot to reduce the time to verify the information to avoid the classic 'cut and paste' for the preparation of your documents, it is a program that has a great future for the help it is for us.\"<\/p>\n<footer>\n<cite>C.U Louis (Law School. C.U. Luis Donaldo Colosio Murrieta)<\/cite>\n<\/footer>\n<\/blockquote>\n<\/div>\n\n<div class=\"item\">\n<blockquote>\n<p>\"Frankly, we purchased it last year after I tried the free trial, and loved the features that it gave. We were looking for a software that can determine plagiarism from the web and among reports between students, and this software gave us both options.\"<\/p>\n<footer>\n<cite>Mouayyad Al-Azem (Research Assistant at American University of Science and Technology (AUST))<\/cite>\n<\/footer>\n<\/blockquote>\n<\/div>\n\n<div class=\"item\">\n<blockquote>\n<p>\"Plagiarism Checker X has excellent features, and it is appropriate for Students, Academicians, Scholars.\"<\/p>\n<footer>\n<cite>Dr. RAM SAHU (Associate Professor at Columbia Institute of Pharmacy.)<\/cite>\n<\/footer>\n<\/blockquote>\n<\/div>\n\n<div class=\"item\">\n<blockquote>\n<p>\"We had difficulty to check the level of similarity of scientific documents or articles that we had. This application is able to check documents that are quite long quickly, also display the results accurately with the sources listed on.\"<\/p>\n<footer>\n<cite>Prof. Arif Rahman (Head of Academic Affair at Malikussaleh University)<\/cite>\n<\/footer>\n<\/blockquote>\n<\/div>\n\n<\/div>\n<\/div>\n<\/div>\n\n<\/div>\n<\/section>\n\n    \n    \r\n\n    <section id=\"reviews\">\n<div class=\"container inner-sm\">\n<div class=\"row\">\n<div class=\"col-md-8 col-sm-10 center-block text-center\">\n<header>\n<h2>Editor Reviews by Top Publishers<\/h2>\n<p>What Editors of leading software publishing houses are saying about our product.<\/p>\n<\/header>\n<\/div>\n<\/div>\n\n<div class=\"row inner-top-sm text-center\">\n<div class=\"col-sm-4 inner-left inner-right\">\n<figure class=\"member\">\n<div class=\"icon-overlay icn-link\">\n<a href=\"http:\/\/plagiarism-checker-x.findmysoft.com\/\" target=\"_blank\"><img src=\"https:\/\/cdn.plagiarismcheckerx.com\/images\/editors\/frederick-barton.jpg\" loading=\"lazy\" class=\"img-circle\"><\/a>\n<\/div><!-- \/.icon-overlay -->\n<figcaption>\n<h3>Frederick Barton<span>Editor at findmysoft.com<\/span><\/h3>\n<blockquote>PlagiarismCheckerX provides useful statistics, like the total number of matches, duplicate percentage and it highlights the matches themselves.<\/blockquote>\n<\/figcaption>\n<\/figure>\n<\/div>\n<div class=\"col-sm-4 inner-left inner-right\">\n<figure class=\"member\">\n<div class=\"icon-overlay icn-link\">\n<a href=\"http:\/\/plagiarism-checker-x.software.informer.com\/\" target=\"_blank\"><img src=\"https:\/\/cdn.plagiarismcheckerx.com\/images\/editors\/francisco-martinez.jpg\" loading=\"lazy\" class=\"img-circle\"><\/a>\n<\/div><!-- \/.icon-overlay -->\n<figcaption>\n<h3>Francisco Mart\u00ednez<span>Editor at Informer.com<\/span><\/h3>\n<blockquote>Excellent two-panel interface for a clearer text comparison. Clearly highlighted matched occurrences<\/blockquote>\n<\/figcaption>\n<\/figure>\n<\/div>\n<div class=\"col-sm-4 inner-left inner-right\">\n<figure class=\"member\">\n<div class=\"icon-overlay icn-link\">\n<a href=\"http:\/\/www.softpedia.com\/get\/Office-tools\/Other-Office-Tools\/Plagiarism-Checker-X.shtml\" target=\"_blank\"><img src=\"https:\/\/cdn.plagiarismcheckerx.com\/images\/editors\/cristina-jitaru.jpg\" loading=\"lazy\" class=\"img-circle\"><\/a>\n<\/div><!-- \/.icon-overlay -->\n<figcaption>\n<h3>Cristina Jitaru<span>Editor at softpedia.com<\/span><\/h3>\n<blockquote>Plagiarism Checker X proves to be an effective solution when it comes to checking and identifying identical content inside multiple documents.<\/blockquote>\n<\/figcaption>\n<\/figure>\n<\/div>\n\n<\/div>\n<\/div>\n<\/section>\n    \n    \r\n<div class=\"light-bg\">\n    <section id=\"what-are-you-waiting-for\">\n    <div class=\"container inner-sm\">\n    <div class=\"row\">\n    <div class=\"col-md-10 col-sm-9 center-block text-center\">\n    <header>\n    <h2>Nun, auf was wartest Du?<\/h2>\n    <\/header>\n    <p>Kurz gesagt, dieses leicht anwendbare Tool hilft Dir, die Komplexit\u00e4ten von Online-Plagiats-Detektoren und akademische Strafen zu vermeiden. Es gibt Universit\u00e4ten, an denen die Studierenden extreme Strafen f\u00fcrchten m\u00fcssen, so zum Beispiel akademische Bew\u00e4hrungsstrafen, Geldstrafen und sogar Ausschluss. Wenn die Arbeit Urheberrechte verletzt, kann es zu Gerichtsverfahren und Strafverfahren kommen. Daher ist das Anschaffen eines angemessenen Plagiats-Detektors sehr wichtig.<\/p>\n    <div class=\"row\">\n    <div class=\"col-md-8 center-block text-center\">\n    <figure><img src=\"https:\/\/cdn.plagiarismcheckerx.com\/images\/credit-cards-2.png\" loading=\"lazy\" alt=\"Credit Cards\"> <\/figure>\n    <\/div><\/div>\n    <div>\n    <a href=\"..\/download-thank-you\" class=\"btn btn-large btn-gray\">FREE DOWNLOAD<\/a>&nbsp;\n    <a href=\"..\/buy\" class=\"btn btn-large\">BUY PRO<\/a>\n    <\/div>\n    <\/div>\n    <\/div>\n    <\/div>\n    <\/section>\n\n\n    <\/div>\r\n","protected":false},"excerpt":{"rendered":"<p>Einfache Preisgestaltung, keine \u00dcberraschungen Sie k\u00f6nnen eine Limited Edition von Plagiarism Checker X mit dem untenstehenden Link KOSTENLOS herunterladen. Zus\u00e4tzlich k\u00f6nnen Sie die Professional Edition von Plagiarism Checker herunterladen &#8211; eine Lizenz mit gr\u00f6\u00dferer Genauigkeit, schnellerer Geschwindigkeit und zus\u00e4tzlichen Features zu einem sehr geringen einmaligen Preis. Basic Kostenlos Download 30 Suchen pro Tag Begrenzte Wortanzahl [&hellip;]<\/p>\n","protected":false},"author":1,"featured_media":0,"parent":0,"menu_order":0,"comment_status":"closed","ping_status":"closed","template":"","meta":[],"_links":{"self":[{"href":"https:\/\/plagiarismcheckerx.com\/de\/wp-json\/wp\/v2\/pages\/115"}],"collection":[{"href":"https:\/\/plagiarismcheckerx.com\/de\/wp-json\/wp\/v2\/pages"}],"about":[{"href":"https:\/\/plagiarismcheckerx.com\/de\/wp-json\/wp\/v2\/types\/page"}],"author":[{"embeddable":true,"href":"https:\/\/plagiarismcheckerx.com\/de\/wp-json\/wp\/v2\/users\/1"}],"replies":[{"embeddable":true,"href":"https:\/\/plagiarismcheckerx.com\/de\/wp-json\/wp\/v2\/comments?post=115"}],"version-history":[{"count":4,"href":"https:\/\/plagiarismcheckerx.com\/de\/wp-json\/wp\/v2\/pages\/115\/revisions"}],"predecessor-version":[{"id":343,"href":"https:\/\/plagiarismcheckerx.com\/de\/wp-json\/wp\/v2\/pages\/115\/revisions\/343"}],"wp:attachment":[{"href":"https:\/\/plagiarismcheckerx.com\/de\/wp-json\/wp\/v2\/media?parent=115"}],"curies":[{"name":"wp","href":"https:\/\/api.w.org\/{rel}","templated":true}]}}